{"id":7378,"date":"2021-05-29T20:18:49","date_gmt":"2021-05-30T00:18:49","guid":{"rendered":"https:\/\/pharmaspa.ca\/a-propos-pharmaspa\/extraits-naturels-ingredients\/"},"modified":"2021-09-23T13:24:09","modified_gmt":"2021-09-23T17:24:09","slug":"extraits-naturels-ingredients","status":"publish","type":"page","link":"https:\/\/pharmaspa.ca\/fr\/a-propos-pharmaspa\/extraits-naturels-ingredients\/","title":{"rendered":"Extraits naturels Ingr\u00e9dients"},"content":{"rendered":"<p>[et_pb_section fb_built=&#8221;1&#8243; admin_label=&#8221;Page Banner&#8221; _builder_version=&#8221;4.9.4&#8243; use_background_color_gradient=&#8221;on&#8221; background_color_gradient_start=&#8221;#a0cd46&#8243; background_color_gradient_end=&#8221;#f7a825&#8243; background_color_gradient_direction=&#8221;105deg&#8221; background_color_gradient_start_position=&#8221;33%&#8221; background_color_gradient_end_position=&#8221;70%&#8221; custom_margin=&#8221;-10px||||false|false&#8221; custom_padding=&#8221;10px||10px||false|false&#8221; locked=&#8221;off&#8221; global_colors_info=&#8221;{}&#8221;][et_pb_row _builder_version=&#8221;3.25&#8243; global_colors_info=&#8221;{}&#8221;][et_pb_column type=&#8221;4_4&#8243; _builder_version=&#8221;3.25&#8243; custom_padding=&#8221;|||&#8221; global_colors_info=&#8221;{}&#8221; custom_padding__hover=&#8221;|||&#8221;][et_pb_text _builder_version=&#8221;4.9.7&#8243; text_font=&#8221;Poppins||||||||&#8221; text_text_color=&#8221;rgba(255,255,255,0.8)&#8221; text_font_size=&#8221;18px&#8221; text_line_height=&#8221;1.8em&#8221; header_font=&#8221;Poppins|600|||||||&#8221; header_text_color=&#8221;#ffffff&#8221; header_font_size=&#8221;36px&#8221; header_line_height=&#8221;1.4em&#8221; header_3_font=&#8221;Poppins|600|||||||&#8221; header_3_font_size=&#8221;36px&#8221; header_3_line_height=&#8221;1.4em&#8221; background_layout=&#8221;dark&#8221; max_width=&#8221;600px&#8221; module_alignment=&#8221;left&#8221; custom_margin=&#8221;|||&#8221; header_font_tablet=&#8221;&#8221; header_font_phone=&#8221;&#8221; header_font_last_edited=&#8221;on|phone&#8221; global_colors_info=&#8221;{}&#8221;]<\/p>\n<h1>Extraits naturels Ingr\u00e9dients<\/h1>\n<p>[\/et_pb_text][\/et_pb_column][\/et_pb_row][\/et_pb_section][et_pb_section fb_built=&#8221;1&#8243; _builder_version=&#8221;4.9.4&#8243; _module_preset=&#8221;default&#8221; custom_margin=&#8221;-20px||||false|false&#8221; global_colors_info=&#8221;{}&#8221;][et_pb_row _builder_version=&#8221;4.9.4&#8243; _module_preset=&#8221;default&#8221; global_colors_info=&#8221;{}&#8221;][et_pb_column type=&#8221;4_4&#8243; _builder_version=&#8221;4.9.4&#8243; _module_preset=&#8221;default&#8221; global_colors_info=&#8221;{}&#8221;][et_pb_text _builder_version=&#8221;4.10.4&#8243; _module_preset=&#8221;default&#8221; global_colors_info=&#8221;{}&#8221;]<\/p>\n<div style=\"overflow-x: auto;\">\n<table class=\"ingredients\" style=\"height: 1367px;\">\n<tbody>\n<tr style=\"background-color: #000000;\">\n<td style=\"color: white;\"><b>INGR\u00c9DIENTS<\/b><\/td>\n<td style=\"color: white;\"><b>NOM COMMUN<\/b><\/td>\n<td style=\"color: white;\"><b>LES BIENFAITS<\/b><\/td>\n<td style=\"color: white;\"><b>TROUV\u00c9 DANS<\/b><\/td>\n<\/tr>\n<tr style=\"background-color: #ffffff;\">\n<td><b>Extrait de fruit de Euterpe Oleracea<\/b><\/td>\n<td><a href=\"https:\/\/pharmaspa.ca\/fr\/?s=acai\">Rameau d&#8217;acai<\/a><\/td>\n<td>Tr\u00e8s hydratant. Aide \u00e0 soulager la peau s\u00e8che. Aide \u00e0 r\u00e9duire l&#8217;apparence du vieillissement cutan\u00e9.<\/td>\n<td>RIVI\u00c8RE LASCIVE<\/td>\n<\/tr>\n<tr style=\"background-color: #fbf3cb;\">\n<td><b>Extrait de feuille d&#8217;Aloe Barbadensis<\/b><\/td>\n<td><a href=\"https:\/\/pharmaspa.ca\/fr\/?s=aloe+vera\">Aloe Vera<\/a><\/td>\n<td>Apporte une hydratation pr\u00e9cieuse aux peaux s\u00e8ches. Apaisant.<\/td>\n<td>TOUT<\/td>\n<\/tr>\n<tr style=\"background-color: #ffffff;\">\n<td><b>Extrait de Panax Quinquefolius (Ginseng)<\/b><\/td>\n<td><a href=\"https:\/\/pharmaspa.ca\/fr\/?s=Ginseng+am%C3%A9ricain\">Ginseng am\u00e9ricain<\/a><\/td>\n<td>Aide \u00e0 activer la r\u00e9g\u00e9n\u00e9ration de la peau. Aide \u00e0 am\u00e9liorer la luminosit\u00e9 et le tonus de la peau.<\/td>\n<td>BRUINE ENSOLEILL\u00c9E<\/td>\n<\/tr>\n<tr style=\"background-color: #fbf3cb;\">\n<td><b>Extrait de fruit de Prunus Armeniaca<\/b><\/td>\n<td><a href=\"https:\/\/pharmaspa.ca\/fr\/?s=Abricot\">Abricot<\/a><\/td>\n<td>Aide \u00e0 apaiser les affections cutan\u00e9es.<\/td>\n<td>MAR\u00c9E DU SOIR<\/td>\n<\/tr>\n<tr style=\"background-color: #ffffff;\">\n<td><b>Extrait d&#8217;Arnica Montana<\/b><\/td>\n<td><a href=\"https:\/\/pharmaspa.ca\/fr?s=Arnica\">Arnica<\/a><\/td>\n<td>Bon pour soulager l&#8217;inconfort musculaire.<\/td>\n<td>BAUME DU TIGRE<\/td>\n<\/tr>\n<tr style=\"background-color: #fbf3cb;\">\n<td><b>Extrait de fruit d&#8217;Amara de Citrus Aurantium<\/b><\/td>\n<td><a href=\"https:\/\/pharmaspa.ca\/fr?s=Orange+am\u00e8re\">Orange am\u00e8re<\/a><\/td>\n<td>Ar\u00f4me doux et floral. Relaxant pour le corps et l&#8217;esprit. Rajeunissant et revitalisant pour la peau.<\/td>\n<td>BRUINE ENSOLEILL\u00c9E<\/td>\n<\/tr>\n<tr style=\"background-color: #ffffff;\">\n<td><b>Extrait de Camphora de Cinnamomum<\/b><\/td>\n<td><a href=\"https:\/\/pharmaspa.ca\/fr?s=Camphre\">Camphre<\/a><\/td>\n<td>Aide \u00e0 soulager les douleurs musculaires et l&#8217;inconfort. Peut aider \u00e0 soulager certains sympt\u00f4mes du rhume tels que la toux.<\/td>\n<td>BAUME DU TIGRE<\/td>\n<\/tr>\n<tr style=\"background-color: #fbf3cb;\">\n<td><b>Extrait de feuille d&#8217;Eucalyptus Globulus<\/b><\/td>\n<td><a href=\"https:\/\/pharmaspa.ca\/fr?s=Eucalyptus\">Eucalyptus<\/a><\/td>\n<td>Rafra\u00eechissant et r\u00e9comfortant. Aide \u00e0 soulager l&#8217;\u00e9puisement mental et \u00e0 rajeunir les esprits. Aide \u00e0 soulager certains sympt\u00f4mes de probl\u00e8mes respiratoires, tels que la toux, les maux de gorge et la congestion nasale.<\/td>\n<td>ARTICUL-R<\/p>\n<p>EUCALYPTUS<\/td>\n<\/tr>\n<tr style=\"background-color: #ffffff;\">\n<td><b>Lavandula Dentata<\/b><\/td>\n<td><a href=\"https:\/\/pharmaspa.ca\/fr?s=Lavande+fran\u00e7aise\">Lavande fran\u00e7aise<\/a><\/td>\n<td>A un effet calmant et apaisant.<\/td>\n<td>LAVANDULA<\/td>\n<\/tr>\n<tr style=\"background-color: #fbf3cb;\">\n<td><b>Lavandula Stoechas<\/b><\/td>\n<td><a href=\"https:\/\/pharmaspa.ca\/fr?s=Lavande+fran\u00e7aise\">Lavande fran\u00e7aise<\/a><\/td>\n<td>A un effet calmant et apaisant.<\/td>\n<td>LAVANDULA<\/td>\n<\/tr>\n<tr style=\"background-color: #ffffff;\">\n<td><b>Extrait de racine de Zingiber Officinale<\/b><\/td>\n<td><a href=\"https:\/\/pharmaspa.ca\/fr?s=Extrait+de+racine+de+gingembre\">Extrait de racine de gingembre<\/a><\/td>\n<td>Peut am\u00e9liorer l&#8217;apparence et la sensation de la peau. Lisse et renforce le grain de peau. R\u00e9duit l&#8217;apparence de la peau vieillissante.<\/td>\n<td>ARTICUL-R<\/td>\n<\/tr>\n<tr style=\"background-color: #fbf3cb;\">\n<td><b>Extrait de Panax Quinquefolius(Ginseng)<\/b><\/td>\n<td><a href=\"https:\/\/pharmaspa.ca\/fr?s=Ginseng\">Ginseng<\/a><\/td>\n<td>Aide le corps \u00e0 g\u00e9rer le stress, augmente les niveaux d&#8217;\u00e9nergie, am\u00e9liore les performances mentales et physiques.<\/td>\n<td>\u00c9NERGIE<\/td>\n<\/tr>\n<tr style=\"background-color: #ffffff;\">\n<td><b>Glucosamine<\/b><\/td>\n<td><a href=\"https:\/\/pharmaspa.ca\/fr?s=Glucosamine\">Glucosamine<\/a><\/td>\n<td>Am\u00e9liore la force des articulations.<\/td>\n<td>ARTICUL-R<\/td>\n<\/tr>\n<tr style=\"background-color: #fbf3cb;\">\n<td><b>Extrait de grains de Vitis Vinifera<\/b><\/td>\n<td><a href=\"https:\/\/pharmaspa.ca\/fr?s=Raisin\">Raisin<\/a><\/td>\n<td>Peut aider diverses affections cutan\u00e9es et aider \u00e0 r\u00e9duire les signes du vieillissement cutan\u00e9.<\/td>\n<td>MER CALME<\/td>\n<\/tr>\n<tr style=\"background-color: #ffffff;\">\n<td><b>Extrait de feuille de Camellia Sinensis<\/b><\/td>\n<td><a href=\"https:\/\/pharmaspa.ca\/fr?s=Th\u00e9+vert\">Th\u00e9 vert<\/a><\/td>\n<td>Aide \u00e0 tonifier et apaiser la peau.<\/td>\n<td>\u00c9VASION<\/td>\n<\/tr>\n<tr style=\"background-color: #fbf3cb;\">\n<td><b>Poudre de miel<\/b><\/td>\n<td><a href=\"https:\/\/pharmaspa.ca\/fr?s=Poudre+de+miel\">Poudre de miel<\/a><\/td>\n<td>Aide \u00e0 rajeunir la peau, en la laissant douce et souple.<\/td>\n<td>RIVI\u00c8RE LASCIVE<\/td>\n<\/tr>\n<tr style=\"background-color: #ffffff;\">\n<td><b>Extrait de fruit de Lonicera Japonica<\/b><\/td>\n<td><a href=\"https:\/\/pharmaspa.ca\/fr?s=Ch\u00e8vrefeuille+japonais\">Ch\u00e8vrefeuille japonais<\/a><\/td>\n<td>Apaisant et aide \u00e0 soulager les affections cutan\u00e9es.<\/td>\n<td>\u00c9VASION<\/td>\n<\/tr>\n<tr style=\"background-color: #fbf3cb;\">\n<td><b>Extrait de fleur de Jasminum Officinale<\/b><\/td>\n<td><a href=\"https:\/\/pharmaspa.ca\/fr?s=Jasmin\">Jasmin<\/a><\/td>\n<td>Bon pour se d\u00e9tendre et soulager l&#8217;inconfort. Aide \u00e0 vider l&#8217;esprit.<\/td>\n<td>YLANG-JASMIN<\/td>\n<\/tr>\n<tr style=\"background-color: #ffffff;\">\n<td><b>Extrait de Fruit de Juniperus Communis<\/b><\/td>\n<td><a href=\"https:\/\/pharmaspa.ca\/fr?s=Gen\u00e9vrier\">Gen\u00e9vrier<\/a><\/td>\n<td>Nettoie et tonifie. Aide \u00e0 apaiser les affections cutan\u00e9es. Aide \u00e0 soulager les douleurs musculaires.<\/td>\n<td>\u00c9NERGIE<\/td>\n<\/tr>\n<tr style=\"background-color: #fbf3cb;\">\n<td><b>Extrait de fruit de Citrus Aurantifolia (Citron vert)<\/b><\/td>\n<td><a href=\"https:\/\/pharmaspa.ca\/fr?s=Citron+vert\">Citron vert<\/a><\/td>\n<td>Contient des bienfaits restauratifs, r\u00e9parateurs et toniques. Rafra\u00eechit un esprit fatigu\u00e9. R\u00e9duit l&#8217;apparence de la cellulite. Aide \u00e0 tonifier et am\u00e9liore la peau grasse et probl\u00e9matique.<\/td>\n<td>CASCADE<\/td>\n<\/tr>\n<tr style=\"background-color: #ffffff;\">\n<td><b>Extrait de fruit de Lavandula Angustifolia<\/b><\/td>\n<td><a href=\"https:\/\/pharmaspa.ca\/fr?s=Lavende\">Lavende<\/a><\/td>\n<td>Est b\u00e9n\u00e9fique pour la relaxation et procure une sensation apaisante.<\/td>\n<td>ARTICUL-R<br \/>\nMER CALME<br \/>\nLAVANDULA<\/td>\n<\/tr>\n<tr style=\"background-color: #fbf3cb;\">\n<td><b>Extrait de zeste de Citrus Limon<\/b><\/td>\n<td><a href=\"https:\/\/pharmaspa.ca\/fr?s=Citron\">Citron<\/a><\/td>\n<td>Soulage naturellement l&#8217;inconfort. Le parfum rafra\u00eechissant aide \u00e0 remonter le moral<\/td>\n<td>ZESTE DE CITRON<\/td>\n<\/tr>\n<tr style=\"background-color: #ffffff;\">\n<td><b>Extrait de feuille de Melissa Officinalis<\/b><\/td>\n<td><a href=\"https:\/\/pharmaspa.ca\/fr?s=M\u00e9lisse\">M\u00e9lisse<\/a><\/td>\n<td>Aide \u00e0 soulager l&#8217;inconfort.<\/td>\n<td>ZESTE DE CITRON<\/td>\n<\/tr>\n<tr style=\"background-color: #fbf3cb;\">\n<td><b>Extrait de Cymbopogon Citratus<\/b><\/td>\n<td><a href=\"https:\/\/pharmaspa.ca\/fr?s=Citronnelle\">Citronnelle<\/a><\/td>\n<td>Un parfum frais, citronn\u00e9, doux qui est \u00e9nergisant \u00e0 la foispour l&#8217;esprit et le corps.<\/td>\n<td>\u00c9NERGIE<\/td>\n<\/tr>\n<tr style=\"background-color: #ffffff;\">\n<td><b>Extrait de fruit de Citrus Nobilis<\/b><\/td>\n<td><a href=\"https:\/\/pharmaspa.ca\/fr?s=Mandarine\">Mandarine<\/a><\/td>\n<td>Parfum fruit\u00e9 l\u00e9ger qui d\u00e9tend le corps, la pens\u00e9e et l&#8217;esprit.<\/td>\n<td>BRUINE ENSOLEILL\u00c9E<\/td>\n<\/tr>\n<tr style=\"background-color: #fbf3cb;\">\n<td><b>Menthol<\/b><\/td>\n<td><a href=\"https:\/\/pharmaspa.ca\/fr?s=Menthe\">Menthe<\/a><\/td>\n<td>Aide \u00e0 soulager les douleurs musculaires, la toux, la congestion et les probl\u00e8mes respiratoires.<\/td>\n<td>BAUME DU TIGRE<\/td>\n<\/tr>\n<tr style=\"background-color: #ffffff;\">\n<td><b>Extrait de fruit de Pyrus Malus<\/b><\/td>\n<td><a href=\"https:\/\/pharmaspa.ca\/fr?s=Pomme+du+Paradis\">Pomme du Paradis<\/a><\/td>\n<td>Hydratant. Aide \u00e0 r\u00e9duire l&#8217;apparence du vieillissement cutan\u00e9.<\/td>\n<td>\u00c9VASION<\/td>\n<\/tr>\n<tr style=\"background-color: #fbf3cb;\">\n<td><b>Extrait de racine de Paeonia Albiflora<\/b><\/td>\n<td><a href=\"https:\/\/pharmaspa.ca\/fr?s=Pivoine\">Pivoine<\/a><\/td>\n<td>Aide \u00e0 calmer l&#8217;esprit et \u00e0 am\u00e9liorer la concentration. Bon pour r\u00e9duire le stress et soulager l&#8217;inconfort.<\/td>\n<td>PIVOINE-LAVANDE<\/td>\n<\/tr>\n<tr style=\"background-color: #ffffff;\">\n<td><b>Extrait de feuille de Mentha Piperita<\/b><\/td>\n<td><a href=\"https:\/\/pharmaspa.ca\/fr?s=Menthe+poivr\u00e9e\">Menthe poivr\u00e9e<\/a><\/td>\n<td>Aide \u00e0 r\u00e9duire la sensibilit\u00e9 de la peau. Favorise la relaxation, la concentration et l&#8217;\u00e9nergie. Bon pour soulager l&#8217;inconfort.<\/td>\n<td>MENTHE POIVR\u00c9E<\/td>\n<\/tr>\n<tr style=\"background-color: #fbf3cb;\">\n<td><b>Extrait de bois de Santalum Album<\/b><\/td>\n<td><a href=\"https:\/\/pharmaspa.ca\/fr?s=Bois+de+santal\">Bois de santal<\/a><\/td>\n<td>Une exp\u00e9rience apaisante et rafra\u00eechissante aide \u00e0 r\u00e9duire les affections cutan\u00e9es et l&#8217;apparence du vieillissement cutan\u00e9. Apaise naturellement la peau s\u00e8che. Bon pour la relaxation du corps et soulager le stress.<\/td>\n<td>PIVOINE-LAVANDE<\/td>\n<\/tr>\n<tr style=\"background-color: #ffffff;\">\n<td><b>Extrait d&#8217;\u00e9corce de Pinus Sylvestris<\/b><\/td>\n<td><a href=\"https:\/\/pharmaspa.ca\/fr?s=Pin+sylvestre\">Pin sylvestre<\/a><\/td>\n<td>Aide \u00e0 lutter contre la fatigue et les affections cutan\u00e9es.<\/td>\n<td>PHYTOMIX<\/td>\n<\/tr>\n<tr style=\"background-color: #fbf3cb;\">\n<td><b>Extrait de fruit de Hippophae Rhamnoides<\/b><\/td>\n<td><a href=\"https:\/\/pharmaspa.ca\/fr?s=Argousier\">Argousier<\/a><\/td>\n<td>Est rajeunissant et apaisant. Aide \u00e0 soulager les affections cutan\u00e9es. Aide \u00e0 r\u00e9duire l&#8217;apparence du vieillissement cutan\u00e9.<\/td>\n<td>CASCADE<\/td>\n<\/tr>\n<tr style=\"background-color: #ffffff;\">\n<td><b>Extrait de feuille de Melaleuca Alternifolia<\/b><\/td>\n<td><a href=\"https:\/\/pharmaspa.ca\/fr?s=Th\u00e9ier\">Th\u00e9ier<\/a><\/td>\n<td>Bon pour r\u00e9duire certaines affections cutan\u00e9es. Peut aider \u00e0 soulager la toux.<\/td>\n<td>PHYTOMIX<\/td>\n<\/tr>\n<tr style=\"background-color: #fbf3cb;\">\n<td><b>Ac\u00e9tate de tocoph\u00e9ryle<\/b><\/td>\n<td><a href=\"https:\/\/pharmaspa.ca\/fr?s=Vitamine+E\">Vitamine E<\/a><\/td>\n<td>Une bonne source de conditionnement naturel de la peau.<\/td>\n<td>TOUT<\/td>\n<\/tr>\n<tr style=\"background-color: #ffffff;\">\n<td><b>Extrait de fruit de Citrullus Lanatus<\/b><\/td>\n<td><a href=\"https:\/\/pharmaspa.ca\/fr\/?s=Melon\">Melon d&#8217;eau<\/a><\/td>\n<td>Aide \u00e0 r\u00e9duire les ridules, les rides, les taches de vieillesse. B\u00e9n\u00e9fique pour raffermir la peau.<\/td>\n<td>RIVI\u00c8RE LASCIVE<\/td>\n<\/tr>\n<tr style=\"background-color: #fbf3cb;\">\n<td><b>Extrait de feuille de Picea Glauca<\/b><\/td>\n<td><a href=\"https:\/\/pharmaspa.ca\/fr?s=\u00c9pinette+blanche\">\u00c9pinette blanche<\/a><\/td>\n<td>R\u00e9jouissant. Id\u00e9al pour les probl\u00e8mes musculaires et articulaires. Connu pour r\u00e9duire l&#8217;inconfort. B\u00e9n\u00e9fique pour les affections respiratoires.<\/td>\n<td>PHYTOMIX<\/td>\n<\/tr>\n<tr style=\"background-color: #ffffff;\">\n<td><b>Extrait de Mentha Arvensis<\/b><\/td>\n<td><a href=\"https:\/\/pharmaspa.ca\/fr?s=Menthe+sauvage\">Menthe sauvage<\/a><\/td>\n<td>Aide \u00e0 am\u00e9liorer et \u00e0 maintenir une peau d&#8217;apparence saine.<\/td>\n<td>MENTHE POIVR\u00c9E<\/td>\n<\/tr>\n<tr style=\"background-color: #fbf3cb;\">\n<td><b>Extrait de Salix Alba<\/b><\/td>\n<td><a href=\"https:\/\/pharmaspa.ca\/fr?s=\u00e9corce+de+saule\">Extrait d&#8217;\u00e9corce de saule<\/a><\/td>\n<td>Tonifie et clarifie la peau en douceur. Am\u00e9liore le rajeunissement de la peau et r\u00e9duit l&#8217;apparence des rides et ridules.<\/td>\n<td>EUCALYPTUS<\/td>\n<\/tr>\n<tr style=\"background-color: #ffffff;\">\n<td><b>Extrait de feuille de Gaultheria Procumbens<\/b><\/td>\n<td><a href=\"https:\/\/pharmaspa.ca\/fr?s=Th\u00e9+des+bois\">Th\u00e9 des bois<\/a><\/td>\n<td>Aide \u00e0 r\u00e9duire l&#8217;inconfort dans les articulations, les muscles et le cou.<\/td>\n<td>BAUME DU TIGRE<br \/>\nMENTHE POIVR\u00c9E<\/td>\n<\/tr>\n<tr style=\"background-color: #fbf3cb;\">\n<td><b>Extrait de fleur de Cananga Odorata<\/b><\/td>\n<td><a href=\"https:\/\/pharmaspa.ca\/fr?s=Ylang\">Ylang-Ylang<\/a><\/td>\n<td>Bon pour diverses affections cutan\u00e9es. Am\u00e9liore la relaxation.<\/td>\n<td>YLANG-JASMIN<\/td>\n<\/tr>\n<\/tbody>\n<\/table>\n<\/div>\n<p>[\/et_pb_text][et_pb_text _builder_version=&#8221;4.10.8&#8243; _module_preset=&#8221;default&#8221; hover_enabled=&#8221;0&#8243; global_colors_info=&#8221;{}&#8221; sticky_enabled=&#8221;0&#8243;]<a href=\"https:\/\/pharmaspa.ca\/wp-content\/uploads\/2021\/08\/Pharmaspa_Ingredients_FR.pdf\" rel=\"attachment noopener wp-att-6602\" target=\"_blank\"><img decoding=\"async\" loading=\"lazy\" src=\"https:\/\/pharmaspa.ca\/wp-content\/uploads\/2021\/05\/pdficon.png\" width=\"60\" height=\"60\" alt=\"Pharmaspa Ingredients PDF\" class=\"wp-image-6605 alignnone size-full\" \/><\/a><\/p>\n<p><a href=\"https:\/\/pharmaspa.ca\/wp-content\/uploads\/2021\/08\/Pharmaspa_Ingredients_FR.pdf\" rel=\"attachment wp-att-8463 noopener\" target=\"_blank\">T\u00e9l\u00e9charger le PDF des ingr\u00e9dients Pharmaspa<\/a>[\/et_pb_text][\/et_pb_column][\/et_pb_row][\/et_pb_section]<\/p>\n","protected":false},"excerpt":{"rendered":"<p>Extraits naturels Ingr\u00e9dients INGR\u00c9DIENTS NOM COMMUN LES BIENFAITS TROUV\u00c9 DANS Extrait de fruit de Euterpe Oleracea Rameau d&#8217;acai Tr\u00e8s hydratant. Aide \u00e0 soulager la peau s\u00e8che. Aide \u00e0 r\u00e9duire l&#8217;apparence du vieillissement cutan\u00e9. RIVI\u00c8RE LASCIVE Extrait de feuille d&#8217;Aloe Barbadensis Aloe Vera Apporte une hydratation pr\u00e9cieuse aux peaux s\u00e8ches. Apaisant. TOUT Extrait de Panax Quinquefolius [&hellip;]<\/p>\n","protected":false},"author":1,"featured_media":0,"parent":4703,"menu_order":0,"comment_status":"closed","ping_status":"closed","template":"","meta":{"_et_pb_use_builder":"on","_et_pb_old_content":"","_et_gb_content_width":"","footnotes":""},"class_list":["post-7378","page","type-page","status-publish","hentry"],"yoast_head":"<!-- This site is optimized with the Yoast SEO plugin v27.4 - https:\/\/yoast.com\/product\/yoast-seo-wordpress\/ -->\n<title>Extraits naturels Ingr\u00e9dients - Pharmaspa<\/title>\n<meta name=\"robots\" content=\"index, follow, max-snippet:-1, max-image-preview:large, max-video-preview:-1\" \/>\n<link rel=\"canonical\" href=\"https:\/\/pharmaspa.ca\/fr\/a-propos-pharmaspa\/extraits-naturels-ingredients\/\" \/>\n<meta property=\"og:locale\" content=\"fr_CA\" \/>\n<meta property=\"og:type\" content=\"article\" \/>\n<meta property=\"og:title\" content=\"Extraits naturels Ingr\u00e9dients - Pharmaspa\" \/>\n<meta property=\"og:description\" content=\"Extraits naturels Ingr\u00e9dients INGR\u00c9DIENTS NOM COMMUN LES BIENFAITS TROUV\u00c9 DANS Extrait de fruit de Euterpe Oleracea Rameau d&#039;acai Tr\u00e8s hydratant. Aide \u00e0 soulager la peau s\u00e8che. Aide \u00e0 r\u00e9duire l&#039;apparence du vieillissement cutan\u00e9. RIVI\u00c8RE LASCIVE Extrait de feuille d&#039;Aloe Barbadensis Aloe Vera Apporte une hydratation pr\u00e9cieuse aux peaux s\u00e8ches. Apaisant. TOUT Extrait de Panax Quinquefolius [&hellip;]\" \/>\n<meta property=\"og:url\" content=\"https:\/\/pharmaspa.ca\/fr\/a-propos-pharmaspa\/extraits-naturels-ingredients\/\" \/>\n<meta property=\"og:site_name\" content=\"Pharmaspa\" \/>\n<meta property=\"article:modified_time\" content=\"2021-09-23T17:24:09+00:00\" \/>\n<meta property=\"og:image\" content=\"https:\/\/pharmaspa.ca\/wp-content\/uploads\/2021\/05\/pdficon.png\" \/>\n<meta name=\"twitter:card\" content=\"summary_large_image\" \/>\n<meta name=\"twitter:label1\" content=\"Estimation du temps de lecture\" \/>\n\t<meta name=\"twitter:data1\" content=\"6 minutes\" \/>\n<!-- \/ Yoast SEO plugin. -->","yoast_head_json":{"title":"Extraits naturels Ingr\u00e9dients - Pharmaspa","robots":{"index":"index","follow":"follow","max-snippet":"max-snippet:-1","max-image-preview":"max-image-preview:large","max-video-preview":"max-video-preview:-1"},"canonical":"https:\/\/pharmaspa.ca\/fr\/a-propos-pharmaspa\/extraits-naturels-ingredients\/","og_locale":"fr_CA","og_type":"article","og_title":"Extraits naturels Ingr\u00e9dients - Pharmaspa","og_description":"Extraits naturels Ingr\u00e9dients INGR\u00c9DIENTS NOM COMMUN LES BIENFAITS TROUV\u00c9 DANS Extrait de fruit de Euterpe Oleracea Rameau d'acai Tr\u00e8s hydratant. Aide \u00e0 soulager la peau s\u00e8che. Aide \u00e0 r\u00e9duire l'apparence du vieillissement cutan\u00e9. RIVI\u00c8RE LASCIVE Extrait de feuille d'Aloe Barbadensis Aloe Vera Apporte une hydratation pr\u00e9cieuse aux peaux s\u00e8ches. Apaisant. TOUT Extrait de Panax Quinquefolius [&hellip;]","og_url":"https:\/\/pharmaspa.ca\/fr\/a-propos-pharmaspa\/extraits-naturels-ingredients\/","og_site_name":"Pharmaspa","article_modified_time":"2021-09-23T17:24:09+00:00","og_image":[{"url":"https:\/\/pharmaspa.ca\/wp-content\/uploads\/2021\/05\/pdficon.png","type":"","width":"","height":""}],"twitter_card":"summary_large_image","twitter_misc":{"Estimation du temps de lecture":"6 minutes"},"schema":{"@context":"https:\/\/schema.org","@graph":[{"@type":"WebPage","@id":"https:\/\/pharmaspa.ca\/fr\/a-propos-pharmaspa\/extraits-naturels-ingredients\/","url":"https:\/\/pharmaspa.ca\/fr\/a-propos-pharmaspa\/extraits-naturels-ingredients\/","name":"Extraits naturels Ingr\u00e9dients - Pharmaspa","isPartOf":{"@id":"https:\/\/pharmaspa.ca\/#website"},"primaryImageOfPage":{"@id":"https:\/\/pharmaspa.ca\/fr\/a-propos-pharmaspa\/extraits-naturels-ingredients\/#primaryimage"},"image":{"@id":"https:\/\/pharmaspa.ca\/fr\/a-propos-pharmaspa\/extraits-naturels-ingredients\/#primaryimage"},"thumbnailUrl":"https:\/\/pharmaspa.ca\/wp-content\/uploads\/2021\/05\/pdficon.png","datePublished":"2021-05-30T00:18:49+00:00","dateModified":"2021-09-23T17:24:09+00:00","breadcrumb":{"@id":"https:\/\/pharmaspa.ca\/fr\/a-propos-pharmaspa\/extraits-naturels-ingredients\/#breadcrumb"},"inLanguage":"fr-CA","potentialAction":[{"@type":"ReadAction","target":["https:\/\/pharmaspa.ca\/fr\/a-propos-pharmaspa\/extraits-naturels-ingredients\/"]}]},{"@type":"ImageObject","inLanguage":"fr-CA","@id":"https:\/\/pharmaspa.ca\/fr\/a-propos-pharmaspa\/extraits-naturels-ingredients\/#primaryimage","url":"https:\/\/pharmaspa.ca\/wp-content\/uploads\/2021\/05\/pdficon.png","contentUrl":"https:\/\/pharmaspa.ca\/wp-content\/uploads\/2021\/05\/pdficon.png"},{"@type":"BreadcrumbList","@id":"https:\/\/pharmaspa.ca\/fr\/a-propos-pharmaspa\/extraits-naturels-ingredients\/#breadcrumb","itemListElement":[{"@type":"ListItem","position":1,"name":"\u00c0 propos de Pharmaspa","item":"https:\/\/pharmaspa.ca\/fr\/a-propos-pharmaspa\/"},{"@type":"ListItem","position":2,"name":"Extraits naturels Ingr\u00e9dients"}]},{"@type":"WebSite","@id":"https:\/\/pharmaspa.ca\/#website","url":"https:\/\/pharmaspa.ca\/","name":"Pharmaspa","description":"Parfums de spa et plus","potentialAction":[{"@type":"SearchAction","target":{"@type":"EntryPoint","urlTemplate":"https:\/\/pharmaspa.ca\/?s={search_term_string}"},"query-input":{"@type":"PropertyValueSpecification","valueRequired":true,"valueName":"search_term_string"}}],"inLanguage":"fr-CA"}]}},"_links":{"self":[{"href":"https:\/\/pharmaspa.ca\/fr\/wp-json\/wp\/v2\/pages\/7378","targetHints":{"allow":["GET"]}}],"collection":[{"href":"https:\/\/pharmaspa.ca\/fr\/wp-json\/wp\/v2\/pages"}],"about":[{"href":"https:\/\/pharmaspa.ca\/fr\/wp-json\/wp\/v2\/types\/page"}],"author":[{"embeddable":true,"href":"https:\/\/pharmaspa.ca\/fr\/wp-json\/wp\/v2\/users\/1"}],"replies":[{"embeddable":true,"href":"https:\/\/pharmaspa.ca\/fr\/wp-json\/wp\/v2\/comments?post=7378"}],"version-history":[{"count":0,"href":"https:\/\/pharmaspa.ca\/fr\/wp-json\/wp\/v2\/pages\/7378\/revisions"}],"up":[{"embeddable":true,"href":"https:\/\/pharmaspa.ca\/fr\/wp-json\/wp\/v2\/pages\/4703"}],"wp:attachment":[{"href":"https:\/\/pharmaspa.ca\/fr\/wp-json\/wp\/v2\/media?parent=7378"}],"curies":[{"name":"wp","href":"https:\/\/api.w.org\/{rel}","templated":true}]}}