{"id":7405,"date":"2021-05-29T20:49:39","date_gmt":"2021-05-30T00:49:39","guid":{"rendered":"https:\/\/pharmaspa.ca\/a-propos-pharmaspa\/pourquoi-acheter-pharmaspa\/"},"modified":"2023-03-27T11:46:09","modified_gmt":"2023-03-27T15:46:09","slug":"pourquoi-acheter-pharmaspa","status":"publish","type":"page","link":"https:\/\/pharmaspa.ca\/fr\/a-propos-pharmaspa\/pourquoi-acheter-pharmaspa\/","title":{"rendered":"Pourquoi acheter PharmaSpa"},"content":{"rendered":"<p>[et_pb_section fb_built=&#8221;1&#8243; admin_label=&#8221;Page Banner&#8221; _builder_version=&#8221;4.9.4&#8243; use_background_color_gradient=&#8221;on&#8221; background_color_gradient_start=&#8221;#a0cd46&#8243; background_color_gradient_end=&#8221;#f7a825&#8243; background_color_gradient_direction=&#8221;105deg&#8221; background_color_gradient_start_position=&#8221;33%&#8221; background_color_gradient_end_position=&#8221;70%&#8221; custom_margin=&#8221;-10px||||false|false&#8221; custom_padding=&#8221;10px||10px||false|false&#8221; locked=&#8221;off&#8221; collapsed=&#8221;off&#8221; global_colors_info=&#8221;{}&#8221;][et_pb_row _builder_version=&#8221;3.25&#8243; global_colors_info=&#8221;{}&#8221;][et_pb_column type=&#8221;4_4&#8243; _builder_version=&#8221;3.25&#8243; custom_padding=&#8221;|||&#8221; global_colors_info=&#8221;{}&#8221; custom_padding__hover=&#8221;|||&#8221;][et_pb_text _builder_version=&#8221;4.9.4&#8243; text_font=&#8221;Poppins||||||||&#8221; text_text_color=&#8221;rgba(255,255,255,0.8)&#8221; text_font_size=&#8221;18px&#8221; text_line_height=&#8221;1.8em&#8221; header_font=&#8221;Poppins|600||on|||||&#8221; header_text_color=&#8221;#ffffff&#8221; header_line_height=&#8221;1.4em&#8221; header_3_font=&#8221;Poppins|600|||||||&#8221; header_3_font_size=&#8221;36px&#8221; header_3_line_height=&#8221;1.4em&#8221; background_layout=&#8221;dark&#8221; max_width=&#8221;600px&#8221; module_alignment=&#8221;left&#8221; custom_margin=&#8221;|||&#8221; global_colors_info=&#8221;{}&#8221;]<\/p>\n<h1>PharmaSpa &#8211; votre premier choix pour les parfums de bain \u00e0 remous<\/h1>\n<p>[\/et_pb_text][\/et_pb_column][\/et_pb_row][\/et_pb_section][et_pb_section fb_built=&#8221;1&#8243; _builder_version=&#8221;4.9.4&#8243; _module_preset=&#8221;default&#8221; custom_margin=&#8221;-20px||||false|false&#8221; global_colors_info=&#8221;{}&#8221;][et_pb_row _builder_version=&#8221;4.9.3&#8243; _module_preset=&#8221;default&#8221; global_colors_info=&#8221;{}&#8221;][et_pb_column type=&#8221;4_4&#8243; _builder_version=&#8221;4.9.3&#8243; _module_preset=&#8221;default&#8221; global_colors_info=&#8221;{}&#8221;][et_pb_text _builder_version=&#8221;4.10.7&#8243; _module_preset=&#8221;default&#8221; global_colors_info=&#8221;{}&#8221;]<\/p>\n<h3>Examinons quelques-unes des raisons pour lesquelles les produits Pharmaspa sont si efficaces.<\/h3>\n<p>Saviez-vous que les produits Pharmaspa sont fabriqu\u00e9s avec les meilleurs extraits naturels s\u00e9ch\u00e9s ? Non seulement c&#8217;est sans soucis, mais c&#8217;est aussi efficace.<\/p>\n<p>Les parfums de spa Pharmaspa sont solubles dans l&#8217;eau et ne laissent pas de bord de salet\u00e9 autour du spa. C&#8217;est parce que notre produit est formul\u00e9 pour se dissoudre compl\u00e8tement, il n&#8217;y a donc aucune chance que nos cristaux s&#8217;agglutinent. Contrairement aux produits moussants traditionnels qui peuvent mousser et laisser des r\u00e9sidus, ces versions non moussantes n&#8217;affectent pas la chimie de l&#8217;eau ni la tuyauterie.<\/p>\n<p>Tous nos produits sont totalement sans soucis pour votre bain \u00e0 remous, votre bain \u00e0 jets, votre spa et votre baignoire.<\/p>\n<p>Nos produits sont respectueux de l&#8217;environnement et des \u00eatres humains, vous pouvez donc vous sentir bien en les achetant. De plus, ils ne nuisent pas \u00e0 l&#8217;environnement !<\/p>\n<p>De notre collection th\u00e9rapeutique Original \u00e0 notre collection d&#8217;aromath\u00e9rapie Nature et \u00e0 la nouvelle collection Chanvre, nous offrons une grande vari\u00e9t\u00e9 de produits pour bains \u00e0 remous pour am\u00e9liorer votre sant\u00e9. <a href=\"https:\/\/pharmaspa.ca\/fr\/boutique\/\">Consultez notre catalogue de produits en ligne<\/a>!<\/p>\n<p>[\/et_pb_text][\/et_pb_column][\/et_pb_row][et_pb_row column_structure=&#8221;1_2,1_2&#8243; _builder_version=&#8221;4.9.4&#8243; _module_preset=&#8221;default&#8221; collapsed=&#8221;on&#8221; global_colors_info=&#8221;{}&#8221;][et_pb_column type=&#8221;1_2&#8243; _builder_version=&#8221;4.9.4&#8243; _module_preset=&#8221;default&#8221; global_colors_info=&#8221;{}&#8221;][et_pb_image src=&#8221;https:\/\/pharmaspa.ca\/wp-content\/uploads\/2021\/05\/Dead-Sea-Bath-Salt-Spa.jpg&#8221; alt=&#8221;Spa de sel de bain de la mer Morte&#8221; _builder_version=&#8221;4.9.4&#8243; _module_preset=&#8221;default&#8221; height=&#8221;500px&#8221; global_colors_info=&#8221;{}&#8221;][\/et_pb_image][\/et_pb_column][et_pb_column type=&#8221;1_2&#8243; _builder_version=&#8221;4.9.4&#8243; _module_preset=&#8221;default&#8221; global_colors_info=&#8221;{}&#8221;][et_pb_text _builder_version=&#8221;4.9.4&#8243; _module_preset=&#8221;default&#8221; global_colors_info=&#8221;{}&#8221;]<\/p>\n<h3>Les bienfaits des sel d&#8217;Epsom<\/h3>\n<p>Le sel d\u2019Epsom, \u00e9galement connu sous le nom de sulfate de magn\u00e9sium, n\u2019est pas seulement du sel de table ordinaire. Il a de nombreuses propri\u00e9t\u00e9s b\u00e9n\u00e9fiques qui peuvent apaiser votre corps et votre esprit avec facilit\u00e9! Les deux min\u00e9raux les plus importants dans les sels d\u2019Epsom sont le magn\u00e9sium et les sulfates, qui sont facilement absorb\u00e9s par la peau, aident \u00e0:<\/p>\n<p>Non seulement il vous fait vous sentir mieux \u00e0 l\u2019int\u00e9rieur, mais am\u00e9liore \u00e9galement votre peau en tirant des huiles tout en \u00e9quilibrant naturellement vos niveaux de peau.<\/p>\n<p>[\/et_pb_text][et_pb_text _builder_version=&#8221;4.9.4&#8243; _module_preset=&#8221;default&#8221; global_colors_info=&#8221;{}&#8221;]<\/p>\n<ul>\n<li>R\u00e9duire le stress<\/li>\n<li>Am\u00e9liorer la qualit\u00e9 du sommeil et la concentration<\/li>\n<li>R\u00e9duire l\u2019enflure et soulager la douleur et les crampes musculaires<\/li>\n<li>\u00c9limine les toxines de votre syst\u00e8me<\/li>\n<li>Favoriser l\u2019absorption de l\u2019oxyg\u00e8ne<\/li>\n<li>Am\u00e9liorer l\u2019absorption des nutriments<\/li>\n<li>Hydrate la peau<\/li>\n<li>Pr\u00e9venir et soulager les migraines<\/li>\n<\/ul>\n<p>[\/et_pb_text][\/et_pb_column][\/et_pb_row][et_pb_row _builder_version=&#8221;4.9.3&#8243; _module_preset=&#8221;default&#8221; collapsed=&#8221;on&#8221; global_colors_info=&#8221;{}&#8221;][et_pb_column type=&#8221;4_4&#8243; _builder_version=&#8221;4.9.3&#8243; _module_preset=&#8221;default&#8221; global_colors_info=&#8221;{}&#8221;][et_pb_text _builder_version=&#8221;4.10.8&#8243; _module_preset=&#8221;default&#8221; hover_enabled=&#8221;0&#8243; global_colors_info=&#8221;{}&#8221; sticky_enabled=&#8221;0&#8243;]<\/p>\n<h3>Les merveilles de l\u2019aromath\u00e9rapie<\/h3>\n<p>L\u2019aromath\u00e9rapie est un art ancien qui utilise des parfums pour gu\u00e9rir le corps, l\u2019esprit et l\u2019\u00e2me. Ces rem\u00e8des naturels peuvent aider avec les niveaux de stress en fournissant un ar\u00f4me apaisant directement dans les centres d\u2019humeur de votre cerveau par l\u2019inhalation ou l\u2019olfaction des huiles v\u00e9g\u00e9tales. En acc\u00e9dant \u00e0 cette partie de notre cerveau huiles essentielles ont la capacit\u00e9 de soulager tous les sentiments stressants en quelques secondes!<\/p>\n<p>En savoir plus sur les\u00a0<a href=\"https:\/\/pharmaspa.ca\/fr\/a-propos-pharmaspa\/bienfaits-de-nos-parfums\/\">bienfaits des parfums<\/a>\u00a0de notre\u00a0<a href=\"https:\/\/pharmaspa.ca\/fr\/collection\/nature\/\">gamme Nature.<\/a><\/p>\n<h3>Utilisations th\u00e9rapeutiques<\/h3>\n<p>Les Grecs de l\u2019Antiquit\u00e9 croyaient que les plantes avaient le pouvoir de gu\u00e9rir, et ils avaient raison. Les herbes sont utilis\u00e9es pour les rem\u00e8des m\u00e9dicinaux. Un exemple d\u2019une herbe populaire est le gingembre qui peut \u00eatre utile pour promouvoir la circulation et est un anti-inflammatoire naturel. La menthe peut soulager les douleurs musculaires, la toux, la congestion et les probl\u00e8mes respiratoires.<\/p>\n<p>Pour une liste compl\u00e8te des bienfaits utilis\u00e9s dans notre\u00a0<a href=\"https:\/\/pharmaspa.ca\/fr\/collection\/original\/\">gamme Original<\/a>, veillez visiter notre page\u00a0<a href=\"https:\/\/pharmaspa.ca\/fr\/a-propos-pharmaspa\/extraits-naturels-ingredients\/\">Ingr\u00e9dients extraits naturels<\/a>.<\/p>\n<p>[\/et_pb_text][et_pb_wc_related_products product=&#8221;3019&#8243; posts_number=&#8221;5&#8243; columns_number=&#8221;4&#8243; _builder_version=&#8221;4.9.4&#8243; _module_preset=&#8221;default&#8221; rating_text_color=&#8221;#f7a825&#8243; global_colors_info=&#8221;{}&#8221;][\/et_pb_wc_related_products][\/et_pb_column][\/et_pb_row][\/et_pb_section]<\/p>\n","protected":false},"excerpt":{"rendered":"<p>PharmaSpa &#8211; votre premier choix pour les parfums de bain \u00e0 remousExaminons quelques-unes des raisons pour lesquelles les produits Pharmaspa sont si efficaces. Saviez-vous que les produits Pharmaspa sont fabriqu\u00e9s avec les meilleurs extraits naturels s\u00e9ch\u00e9s ? Non seulement c&#8217;est sans soucis, mais c&#8217;est aussi efficace. Les parfums de spa Pharmaspa sont solubles dans l&#8217;eau [&hellip;]<\/p>\n","protected":false},"author":1,"featured_media":0,"parent":4703,"menu_order":0,"comment_status":"closed","ping_status":"closed","template":"","meta":{"_et_pb_use_builder":"on","_et_pb_old_content":"","_et_gb_content_width":"","footnotes":""},"class_list":["post-7405","page","type-page","status-publish","hentry"],"yoast_head":"<!-- This site is optimized with the Yoast SEO plugin v27.4 - https:\/\/yoast.com\/product\/yoast-seo-wordpress\/ -->\n<title>Pourquoi acheter PharmaSpa - Pharmaspa<\/title>\n<meta name=\"robots\" content=\"index, follow, max-snippet:-1, max-image-preview:large, max-video-preview:-1\" \/>\n<link rel=\"canonical\" href=\"https:\/\/pharmaspa.ca\/fr\/a-propos-pharmaspa\/pourquoi-acheter-pharmaspa\/\" \/>\n<meta property=\"og:locale\" content=\"fr_CA\" \/>\n<meta property=\"og:type\" content=\"article\" \/>\n<meta property=\"og:title\" content=\"Pourquoi acheter PharmaSpa - Pharmaspa\" \/>\n<meta property=\"og:description\" content=\"PharmaSpa - votre premier choix pour les parfums de bain \u00e0 remousExaminons quelques-unes des raisons pour lesquelles les produits Pharmaspa sont si efficaces. Saviez-vous que les produits Pharmaspa sont fabriqu\u00e9s avec les meilleurs extraits naturels s\u00e9ch\u00e9s ? Non seulement c&#039;est sans soucis, mais c&#039;est aussi efficace. Les parfums de spa Pharmaspa sont solubles dans l&#039;eau [&hellip;]\" \/>\n<meta property=\"og:url\" content=\"https:\/\/pharmaspa.ca\/fr\/a-propos-pharmaspa\/pourquoi-acheter-pharmaspa\/\" \/>\n<meta property=\"og:site_name\" content=\"Pharmaspa\" \/>\n<meta property=\"article:modified_time\" content=\"2023-03-27T15:46:09+00:00\" \/>\n<meta name=\"twitter:card\" content=\"summary_large_image\" \/>\n<meta name=\"twitter:label1\" content=\"Estimation du temps de lecture\" \/>\n\t<meta name=\"twitter:data1\" content=\"5 minutes\" \/>\n<!-- \/ Yoast SEO plugin. -->","yoast_head_json":{"title":"Pourquoi acheter PharmaSpa - Pharmaspa","robots":{"index":"index","follow":"follow","max-snippet":"max-snippet:-1","max-image-preview":"max-image-preview:large","max-video-preview":"max-video-preview:-1"},"canonical":"https:\/\/pharmaspa.ca\/fr\/a-propos-pharmaspa\/pourquoi-acheter-pharmaspa\/","og_locale":"fr_CA","og_type":"article","og_title":"Pourquoi acheter PharmaSpa - Pharmaspa","og_description":"PharmaSpa - votre premier choix pour les parfums de bain \u00e0 remousExaminons quelques-unes des raisons pour lesquelles les produits Pharmaspa sont si efficaces. Saviez-vous que les produits Pharmaspa sont fabriqu\u00e9s avec les meilleurs extraits naturels s\u00e9ch\u00e9s ? Non seulement c'est sans soucis, mais c'est aussi efficace. Les parfums de spa Pharmaspa sont solubles dans l'eau [&hellip;]","og_url":"https:\/\/pharmaspa.ca\/fr\/a-propos-pharmaspa\/pourquoi-acheter-pharmaspa\/","og_site_name":"Pharmaspa","article_modified_time":"2023-03-27T15:46:09+00:00","twitter_card":"summary_large_image","twitter_misc":{"Estimation du temps de lecture":"5 minutes"},"schema":{"@context":"https:\/\/schema.org","@graph":[{"@type":"WebPage","@id":"https:\/\/pharmaspa.ca\/fr\/a-propos-pharmaspa\/pourquoi-acheter-pharmaspa\/","url":"https:\/\/pharmaspa.ca\/fr\/a-propos-pharmaspa\/pourquoi-acheter-pharmaspa\/","name":"Pourquoi acheter PharmaSpa - Pharmaspa","isPartOf":{"@id":"https:\/\/pharmaspa.ca\/#website"},"datePublished":"2021-05-30T00:49:39+00:00","dateModified":"2023-03-27T15:46:09+00:00","breadcrumb":{"@id":"https:\/\/pharmaspa.ca\/fr\/a-propos-pharmaspa\/pourquoi-acheter-pharmaspa\/#breadcrumb"},"inLanguage":"fr-CA","potentialAction":[{"@type":"ReadAction","target":["https:\/\/pharmaspa.ca\/fr\/a-propos-pharmaspa\/pourquoi-acheter-pharmaspa\/"]}]},{"@type":"BreadcrumbList","@id":"https:\/\/pharmaspa.ca\/fr\/a-propos-pharmaspa\/pourquoi-acheter-pharmaspa\/#breadcrumb","itemListElement":[{"@type":"ListItem","position":1,"name":"\u00c0 propos de Pharmaspa","item":"https:\/\/pharmaspa.ca\/fr\/a-propos-pharmaspa\/"},{"@type":"ListItem","position":2,"name":"Pourquoi acheter PharmaSpa"}]},{"@type":"WebSite","@id":"https:\/\/pharmaspa.ca\/#website","url":"https:\/\/pharmaspa.ca\/","name":"Pharmaspa","description":"Parfums de spa et plus","potentialAction":[{"@type":"SearchAction","target":{"@type":"EntryPoint","urlTemplate":"https:\/\/pharmaspa.ca\/?s={search_term_string}"},"query-input":{"@type":"PropertyValueSpecification","valueRequired":true,"valueName":"search_term_string"}}],"inLanguage":"fr-CA"}]}},"_links":{"self":[{"href":"https:\/\/pharmaspa.ca\/fr\/wp-json\/wp\/v2\/pages\/7405","targetHints":{"allow":["GET"]}}],"collection":[{"href":"https:\/\/pharmaspa.ca\/fr\/wp-json\/wp\/v2\/pages"}],"about":[{"href":"https:\/\/pharmaspa.ca\/fr\/wp-json\/wp\/v2\/types\/page"}],"author":[{"embeddable":true,"href":"https:\/\/pharmaspa.ca\/fr\/wp-json\/wp\/v2\/users\/1"}],"replies":[{"embeddable":true,"href":"https:\/\/pharmaspa.ca\/fr\/wp-json\/wp\/v2\/comments?post=7405"}],"version-history":[{"count":3,"href":"https:\/\/pharmaspa.ca\/fr\/wp-json\/wp\/v2\/pages\/7405\/revisions"}],"predecessor-version":[{"id":10624,"href":"https:\/\/pharmaspa.ca\/fr\/wp-json\/wp\/v2\/pages\/7405\/revisions\/10624"}],"up":[{"embeddable":true,"href":"https:\/\/pharmaspa.ca\/fr\/wp-json\/wp\/v2\/pages\/4703"}],"wp:attachment":[{"href":"https:\/\/pharmaspa.ca\/fr\/wp-json\/wp\/v2\/media?parent=7405"}],"curies":[{"name":"wp","href":"https:\/\/api.w.org\/{rel}","templated":true}]}}