{"id":11207,"date":"2024-08-26T16:24:25","date_gmt":"2024-08-26T20:24:25","guid":{"rendered":"https:\/\/pharmaspa.ca\/product\/barre-revitalisante-au-bois-de-santal-et-damla\/"},"modified":"2025-08-30T12:01:35","modified_gmt":"2025-08-30T16:01:35","slug":"barre-revitalisante-au-bois-de-santal-et-damla","status":"publish","type":"product","link":"https:\/\/pharmaspa.ca\/fr\/produit\/barre-revitalisante-au-bois-de-santal-et-damla\/","title":{"rendered":"Barre revitalisante au bois de santal et d&#8217;amla"},"content":{"rendered":"<h2>L\u2019Inde a introduit le conditionnement capillaire aux Europ\u00e9ens en massant le fruit de l\u2019amla dans les cheveux. C\u2019est l\u2019inspiration pour notre revitalisant au bois de santal Amla. <\/h2>\n<p>Enrichie en fruit d\u2019amla, qui est cens\u00e9 \u00e9paissir les cheveux et ajouter du volume, cette barre est sp\u00e9cialement formul\u00e9e pour les cheveux normaux \u00e0 secs.<\/p>\n<p>Fabriqu\u00e9 avec 97,7 % d\u2019ingr\u00e9dients d\u2019origine naturelle, ce revitalisant en barre est non seulement nourrissant pour vos cheveux, mais aussi \u00e9cologique, rempla\u00e7ant deux bouteilles en plastique par sa taille facile \u00e0 transporter. Sa formule au pH \u00e9quilibr\u00e9 garantit que vos cheveux restent sains et hydrat\u00e9s. <\/p>\n<h3>Avantages de la barre d\u2019apr\u00e8s-shampoing au bois de santal et d&#8217;amla<\/h3>\n<ul>\n<li><span data-sheets-root=\"1\">Restaure et fortifie les cheveux<\/span><\/li>\n<li><span data-sheets-root=\"1\">Prot\u00e8ge contre les dommages<\/span><\/li>\n<li><span data-sheets-root=\"1\">Procure une hydratation en profondeur<\/span><\/li>\n<li><span data-sheets-root=\"1\">Augmente le volume des cheveux<\/span><\/li>\n<\/ul>\n<h3>Fonctionnalit\u00e9s:<\/h3>\n<ul>\n<li>Barre revitalisante concentr\u00e9e = (2 bouteilles en plastique) 70+ utilisations<\/li>\n<li>pH \u00e9quilibr\u00e9<\/li>\n<li>Format id\u00e9al pour les voyages<\/li>\n<\/ul>\n<p>Veuillez noter : En raison de la nature artisanale de notre production en petits lots, les couleurs peuvent varier.<\/p>\n<p><strong>Poids<\/strong> : 50 grammes<\/p>\n<p><strong>Ingr\u00e9dients<\/strong> :<span data-sheets-root=\"1\"> m\u00e9thosulfate de b\u00e9hentrimonium, alcool c\u00e9tylique*, chlorure de centrimonium, Santalum spicatum*, extract\/poudre de fruit d\u2019emblica officinalis (amla)*, prot\u00e9ine de riz hydrolys\u00e9e *fabriqu\u00e9 \u00e0 partir d\u2019ingr\u00e9dients biologiques\/ fait \u00e0 partir d\u2019ingr\u00e9dients biologiques <\/span> <\/p>\n","protected":false},"excerpt":{"rendered":"<p>Cette barre d\u2019apr\u00e8s-shampooing au bois de santal Amla est enrichie de fruits d\u2019amla, qui sont cens\u00e9s \u00e9paissir les cheveux et ajouter du volume.<\/p>\n<p>&nbsp;<\/p>\n<h3><span data-sheets-root=\"1\">Pour cheveux normaux\/secs<\/span><\/h3>\n","protected":false},"featured_media":11234,"comment_status":"open","ping_status":"closed","template":"","meta":{"_et_pb_use_builder":"on","_et_pb_old_content":"<h2>L\u2019Inde a introduit le conditionnement capillaire aux Europ\u00e9ens en massant le fruit de l\u2019amla dans les cheveux. C\u2019est l\u2019inspiration pour notre revitalisant au bois de santal Amla. <\/h2>\nEnrichie en fruit d\u2019amla, qui est cens\u00e9 \u00e9paissir les cheveux et ajouter du volume, cette barre est sp\u00e9cialement formul\u00e9e pour les cheveux normaux \u00e0 secs.\n\nFabriqu\u00e9 avec 97,7 % d\u2019ingr\u00e9dients d\u2019origine naturelle, ce revitalisant en barre est non seulement nourrissant pour vos cheveux, mais aussi \u00e9cologique, rempla\u00e7ant deux bouteilles en plastique par sa taille facile \u00e0 transporter. Sa formule au pH \u00e9quilibr\u00e9 garantit que vos cheveux restent sains et hydrat\u00e9s. \n<h3>Avantages de la barre d\u2019apr\u00e8s-shampoing au bois de santal et d'amla<\/h3>\n<ul>\n \t<li><span data-sheets-root=\"1\">Restaure et fortifie les cheveux<\/span><\/li>\n \t<li><span data-sheets-root=\"1\">Prot\u00e8ge contre les dommages<\/span><\/li>\n \t<li><span data-sheets-root=\"1\">Procure une hydratation en profondeur<\/span><\/li>\n \t<li><span data-sheets-root=\"1\">Augmente le volume des cheveux<\/span><\/li>\n<\/ul>\n<h3>Fonctionnalit\u00e9s:<\/h3>\n<ul>\n \t<li>Barre revitalisante concentr\u00e9e = (2 bouteilles en plastique) 70+ utilisations<\/li>\n \t<li>pH \u00e9quilibr\u00e9<\/li>\n \t<li>Format id\u00e9al pour les voyages<\/li>\n<\/ul>\nVeuillez noter : En raison de la nature artisanale de notre production en petits lots, les couleurs peuvent varier.\n\n<strong>Poids<\/strong> : 50 grammes\n\n<strong>Ingr\u00e9dients<\/strong> :<span data-sheets-root=\"1\"> m\u00e9thosulfate de b\u00e9hentrimonium, alcool c\u00e9tylique*, chlorure de centrimonium, Santalum spicatum*, extract\/poudre de fruit d\u2019emblica officinalis (amla)*, prot\u00e9ine de riz hydrolys\u00e9e *fabriqu\u00e9 \u00e0 partir d\u2019ingr\u00e9dients biologiques\/ fait \u00e0 partir d\u2019ingr\u00e9dients biologiques <\/span> ","_et_gb_content_width":""},"product_brand":[],"product_cat":[404,445],"product_tag":[],"class_list":{"0":"post-11207","1":"product","2":"type-product","3":"status-publish","4":"has-post-thumbnail","6":"product_cat-balneo","7":"product_cat-soins-capillaire-en-barre","9":"first","10":"outofstock","11":"taxable","12":"shipping-taxable","13":"purchasable","14":"product-type-simple"},"yoast_head":"<!-- This site is optimized with the Yoast SEO plugin v27.4 - https:\/\/yoast.com\/product\/yoast-seo-wordpress\/ -->\n<title>Barre revitalisante au bois de santal et d&#039;amla - Pharmaspa<\/title>\n<meta name=\"description\" content=\"Enrichie en fruits d\u2019amla, qui sont cens\u00e9s \u00e9paissir les cheveux et ajouter du volume, cette barre d\u2019apr\u00e8s-shampooing au bois de santal et d&#039;amla est formul\u00e9e pour les cheveux normaux \u00e0 secs.\" \/>\n<meta name=\"robots\" content=\"index, follow, max-snippet:-1, max-image-preview:large, max-video-preview:-1\" \/>\n<link rel=\"canonical\" href=\"https:\/\/pharmaspa.ca\/fr\/produit\/barre-revitalisante-au-bois-de-santal-et-damla\/\" \/>\n<meta property=\"og:locale\" content=\"fr_CA\" \/>\n<meta property=\"og:type\" content=\"article\" \/>\n<meta property=\"og:title\" content=\"Barre revitalisante au bois de santal et d&#039;amla - Pharmaspa\" \/>\n<meta property=\"og:description\" content=\"Enrichie en fruits d\u2019amla, qui sont cens\u00e9s \u00e9paissir les cheveux et ajouter du volume, cette barre d\u2019apr\u00e8s-shampooing au bois de santal et d&#039;amla est formul\u00e9e pour les cheveux normaux \u00e0 secs.\" \/>\n<meta property=\"og:url\" content=\"https:\/\/pharmaspa.ca\/fr\/produit\/barre-revitalisante-au-bois-de-santal-et-damla\/\" \/>\n<meta property=\"og:site_name\" content=\"Pharmaspa\" \/>\n<meta property=\"article:modified_time\" content=\"2025-08-30T16:01:35+00:00\" \/>\n<meta property=\"og:image\" content=\"https:\/\/pharmaspa.ca\/wp-content\/uploads\/2024\/09\/Amla-Sandalwood-Conditioner-Bar.jpg\" \/>\n\t<meta property=\"og:image:width\" content=\"1998\" \/>\n\t<meta property=\"og:image:height\" content=\"1499\" \/>\n\t<meta property=\"og:image:type\" content=\"image\/jpeg\" \/>\n<meta name=\"twitter:card\" content=\"summary_large_image\" \/>\n<meta name=\"twitter:label1\" content=\"Estimation du temps de lecture\" \/>\n\t<meta name=\"twitter:data1\" content=\"2 minutes\" \/>\n<!-- \/ Yoast SEO plugin. -->","yoast_head_json":{"title":"Barre revitalisante au bois de santal et d'amla - Pharmaspa","description":"Enrichie en fruits d\u2019amla, qui sont cens\u00e9s \u00e9paissir les cheveux et ajouter du volume, cette barre d\u2019apr\u00e8s-shampooing au bois de santal et d'amla est formul\u00e9e pour les cheveux normaux \u00e0 secs.","robots":{"index":"index","follow":"follow","max-snippet":"max-snippet:-1","max-image-preview":"max-image-preview:large","max-video-preview":"max-video-preview:-1"},"canonical":"https:\/\/pharmaspa.ca\/fr\/produit\/barre-revitalisante-au-bois-de-santal-et-damla\/","og_locale":"fr_CA","og_type":"article","og_title":"Barre revitalisante au bois de santal et d'amla - Pharmaspa","og_description":"Enrichie en fruits d\u2019amla, qui sont cens\u00e9s \u00e9paissir les cheveux et ajouter du volume, cette barre d\u2019apr\u00e8s-shampooing au bois de santal et d'amla est formul\u00e9e pour les cheveux normaux \u00e0 secs.","og_url":"https:\/\/pharmaspa.ca\/fr\/produit\/barre-revitalisante-au-bois-de-santal-et-damla\/","og_site_name":"Pharmaspa","article_modified_time":"2025-08-30T16:01:35+00:00","og_image":[{"width":1998,"height":1499,"url":"https:\/\/pharmaspa.ca\/wp-content\/uploads\/2024\/09\/Amla-Sandalwood-Conditioner-Bar.jpg","type":"image\/jpeg"}],"twitter_card":"summary_large_image","twitter_misc":{"Estimation du temps de lecture":"2 minutes"},"schema":{"@context":"https:\/\/schema.org","@graph":[{"@type":"WebPage","@id":"https:\/\/pharmaspa.ca\/fr\/produit\/barre-revitalisante-au-bois-de-santal-et-damla\/","url":"https:\/\/pharmaspa.ca\/fr\/produit\/barre-revitalisante-au-bois-de-santal-et-damla\/","name":"Barre revitalisante au bois de santal et d'amla - Pharmaspa","isPartOf":{"@id":"https:\/\/pharmaspa.ca\/#website"},"primaryImageOfPage":{"@id":"https:\/\/pharmaspa.ca\/fr\/produit\/barre-revitalisante-au-bois-de-santal-et-damla\/#primaryimage"},"image":{"@id":"https:\/\/pharmaspa.ca\/fr\/produit\/barre-revitalisante-au-bois-de-santal-et-damla\/#primaryimage"},"thumbnailUrl":"https:\/\/pharmaspa.ca\/wp-content\/uploads\/2024\/09\/Amla-Sandalwood-Conditioner-Bar.jpg","datePublished":"2024-08-26T20:24:25+00:00","dateModified":"2025-08-30T16:01:35+00:00","description":"Enrichie en fruits d\u2019amla, qui sont cens\u00e9s \u00e9paissir les cheveux et ajouter du volume, cette barre d\u2019apr\u00e8s-shampooing au bois de santal et d'amla est formul\u00e9e pour les cheveux normaux \u00e0 secs.","breadcrumb":{"@id":"https:\/\/pharmaspa.ca\/fr\/produit\/barre-revitalisante-au-bois-de-santal-et-damla\/#breadcrumb"},"inLanguage":"fr-CA","potentialAction":[{"@type":"ReadAction","target":["https:\/\/pharmaspa.ca\/fr\/produit\/barre-revitalisante-au-bois-de-santal-et-damla\/"]}]},{"@type":"ImageObject","inLanguage":"fr-CA","@id":"https:\/\/pharmaspa.ca\/fr\/produit\/barre-revitalisante-au-bois-de-santal-et-damla\/#primaryimage","url":"https:\/\/pharmaspa.ca\/wp-content\/uploads\/2024\/09\/Amla-Sandalwood-Conditioner-Bar.jpg","contentUrl":"https:\/\/pharmaspa.ca\/wp-content\/uploads\/2024\/09\/Amla-Sandalwood-Conditioner-Bar.jpg","width":1998,"height":1499,"caption":"Amla Sandalwood Conditioner Bar"},{"@type":"BreadcrumbList","@id":"https:\/\/pharmaspa.ca\/fr\/produit\/barre-revitalisante-au-bois-de-santal-et-damla\/#breadcrumb","itemListElement":[{"@type":"ListItem","position":1,"name":"Boutique","item":"https:\/\/pharmaspa.ca\/shop\/"},{"@type":"ListItem","position":2,"name":"Barre revitalisante au bois de santal et d&#8217;amla"}]},{"@type":"WebSite","@id":"https:\/\/pharmaspa.ca\/#website","url":"https:\/\/pharmaspa.ca\/","name":"Pharmaspa","description":"Parfums de spa et plus","potentialAction":[{"@type":"SearchAction","target":{"@type":"EntryPoint","urlTemplate":"https:\/\/pharmaspa.ca\/?s={search_term_string}"},"query-input":{"@type":"PropertyValueSpecification","valueRequired":true,"valueName":"search_term_string"}}],"inLanguage":"fr-CA"}]}},"_links":{"self":[{"href":"https:\/\/pharmaspa.ca\/fr\/wp-json\/wp\/v2\/product\/11207","targetHints":{"allow":["GET"]}}],"collection":[{"href":"https:\/\/pharmaspa.ca\/fr\/wp-json\/wp\/v2\/product"}],"about":[{"href":"https:\/\/pharmaspa.ca\/fr\/wp-json\/wp\/v2\/types\/product"}],"replies":[{"embeddable":true,"href":"https:\/\/pharmaspa.ca\/fr\/wp-json\/wp\/v2\/comments?post=11207"}],"wp:featuredmedia":[{"embeddable":true,"href":"https:\/\/pharmaspa.ca\/fr\/wp-json\/wp\/v2\/media\/11234"}],"wp:attachment":[{"href":"https:\/\/pharmaspa.ca\/fr\/wp-json\/wp\/v2\/media?parent=11207"}],"wp:term":[{"taxonomy":"product_brand","embeddable":true,"href":"https:\/\/pharmaspa.ca\/fr\/wp-json\/wp\/v2\/product_brand?post=11207"},{"taxonomy":"product_cat","embeddable":true,"href":"https:\/\/pharmaspa.ca\/fr\/wp-json\/wp\/v2\/product_cat?post=11207"},{"taxonomy":"product_tag","embeddable":true,"href":"https:\/\/pharmaspa.ca\/fr\/wp-json\/wp\/v2\/product_tag?post=11207"}],"curies":[{"name":"wp","href":"https:\/\/api.w.org\/{rel}","templated":true}]}}