{"id":11208,"date":"2024-08-26T16:55:41","date_gmt":"2024-08-26T20:55:41","guid":{"rendered":"https:\/\/pharmaspa.ca\/product\/barre-de-savon-rose-sauvage\/"},"modified":"2025-09-09T18:22:21","modified_gmt":"2025-09-09T22:22:21","slug":"barre-de-savon-rose-sauvage","status":"publish","type":"product","link":"https:\/\/pharmaspa.ca\/fr\/produit\/barre-de-savon-rose-sauvage\/","title":{"rendered":"Barre de savon rose sauvage"},"content":{"rendered":"<h2>D\u00e9couvrez l\u2019\u00e9l\u00e9gance d\u00e9licate de notre barre de savon \u00e0 la rose, con\u00e7u pour apaiser et enchanter votre peau.<\/h2>\n<p>  Cette barre de savon \u00e0 la rose est infus\u00e9e de beurre de karit\u00e9 adoucissant pour la peau, d\u2019huile de rose musqu\u00e9e lissante et d\u2019huile de grenade riche en vitamines, cr\u00e9ant une mousse luxueuse qui dorlote et nourrit votre peau.<br \/>\nFabriqu\u00e9 \u00e0 la main avec 98,8 % d\u2019ingr\u00e9dients d\u2019origine naturelle, le parfum envo\u00fbtant de ce pain de savon \u00e9voque un sentiment d\u2019innocence et d\u2019allure, transformant votre routine de nettoyage quotidienne en un moment de pure gourmandise.   <\/p>\n<h3>Principaux bienfait de la barre de savon rose sauvage<\/h3>\n<ul>\n<li><span data-sheets-root=\"1\"><strong>Beurre de karit\u00e9:<\/strong> Hydrate et adoucit la peau en profondeur.<\/span><\/li>\n<li><strong>Huile de rose musqu\u00e9e :<\/strong> Lisse et rajeunit, favorisant un \u00e9clat sain.<\/li>\n<li><strong>Huile de grenade :<\/strong> Riche en vitamines, il nourrit et revitalise la peau.<\/li>\n<\/ul>\n<p>  Veuillez noter : En raison de la nature artisanale de notre production en petits lots, les couleurs peuvent varier. <strong>Poids<\/strong> : 135 grammes <span data-sheets-root=\"1\"><strong>Ingr\u00e9dients<\/strong> : huile de cocos nucifera (noix de coco)*, huile d\u2019elaeis guineensis (palme)*, huile de graines de brassica napus*, aqua, hydroxyde de sodium, m\u00e9lange d\u2019ar\u00f4mes (m\u00e9lange d\u2019huiles essentielles et d\u2019ar\u00f4mes d\u2019origine naturelle), huile de p\u00e9largonium graveolens (g\u00e9ranium)*, huile d\u2019\u00e9corce de citrus medica limonum (citron)*, huile de pogostemon cablin (patchouli)*, fruit de butyrospermum parkii (beurre de karit\u00e9)*, huile de fruit de rosa canina (rose musqu\u00e9e)*, huile de punica granatum linn (grenade)*,  Poudre de calamine &#8211; (couleur naturelle) *Fabriqu\u00e9 \u00e0 partir d\u2019ingr\u00e9dients biologiques\/ fait \u00e0 partir d\u2019ingr\u00e9dients biologiques <\/span> <\/p>\n","protected":false},"excerpt":{"rendered":"<p>Cette barre de savon \u00e0 la rose sauvage est enrichie de beurre de karit\u00e9, d\u2019huile de rose musqu\u00e9e et d\u2019huile de grenade. Parfait pour tous les types de peau, ce savon laisse votre peau douce, lisse et magnifiquement parfum\u00e9e.  &nbsp;<\/p>\n<h3><span data-sheets-root=\"1\">Apaisant et envo\u00fbtant<\/span><\/h3>\n","protected":false},"featured_media":11505,"comment_status":"closed","ping_status":"closed","template":"","meta":{"_et_pb_use_builder":"","_et_pb_old_content":"","_et_gb_content_width":""},"product_brand":[],"product_cat":[404,604,446],"product_tag":[],"class_list":{"0":"post-11208","1":"product","2":"type-product","3":"status-publish","4":"has-post-thumbnail","6":"product_cat-balneo","7":"product_cat-barres-de-savon","8":"product_cat-soin-du-corps","10":"first","11":"instock","12":"taxable","13":"shipping-taxable","14":"purchasable","15":"product-type-simple"},"yoast_head":"<!-- This site is optimized with the Yoast SEO plugin v27.4 - https:\/\/yoast.com\/product\/yoast-seo-wordpress\/ -->\n<title>Barre de savon rose sauvage - Pharmaspa<\/title>\n<meta name=\"description\" content=\"D\u00e9couvrez l\u2019\u00e9l\u00e9gance d\u00e9licate de notre barre de savon rose sauvage, fabriqu\u00e9 \u00e0 la main pour apaiser et enchanter votre peau, avec le parfum d\u00e9licat des roses.\" \/>\n<meta name=\"robots\" content=\"index, follow, max-snippet:-1, max-image-preview:large, max-video-preview:-1\" \/>\n<link rel=\"canonical\" href=\"https:\/\/pharmaspa.ca\/fr\/produit\/barre-de-savon-rose-sauvage\/\" \/>\n<meta property=\"og:locale\" content=\"fr_CA\" \/>\n<meta property=\"og:type\" content=\"article\" \/>\n<meta property=\"og:title\" content=\"Barre de savon rose sauvage - Pharmaspa\" \/>\n<meta property=\"og:description\" content=\"D\u00e9couvrez l\u2019\u00e9l\u00e9gance d\u00e9licate de notre barre de savon rose sauvage, fabriqu\u00e9 \u00e0 la main pour apaiser et enchanter votre peau, avec le parfum d\u00e9licat des roses.\" \/>\n<meta property=\"og:url\" content=\"https:\/\/pharmaspa.ca\/fr\/produit\/barre-de-savon-rose-sauvage\/\" \/>\n<meta property=\"og:site_name\" content=\"Pharmaspa\" \/>\n<meta property=\"article:modified_time\" content=\"2025-09-09T22:22:21+00:00\" \/>\n<meta property=\"og:image\" content=\"https:\/\/pharmaspa.ca\/wp-content\/uploads\/2024\/09\/Balneo-Soap-Bar-Wild-Rose.jpg\" \/>\n\t<meta property=\"og:image:width\" content=\"1934\" \/>\n\t<meta property=\"og:image:height\" content=\"1450\" \/>\n\t<meta property=\"og:image:type\" content=\"image\/jpeg\" \/>\n<meta name=\"twitter:card\" content=\"summary_large_image\" \/>\n<meta name=\"twitter:label1\" content=\"Estimation du temps de lecture\" \/>\n\t<meta name=\"twitter:data1\" content=\"1 minute\" \/>\n<!-- \/ Yoast SEO plugin. -->","yoast_head_json":{"title":"Barre de savon rose sauvage - Pharmaspa","description":"D\u00e9couvrez l\u2019\u00e9l\u00e9gance d\u00e9licate de notre barre de savon rose sauvage, fabriqu\u00e9 \u00e0 la main pour apaiser et enchanter votre peau, avec le parfum d\u00e9licat des roses.","robots":{"index":"index","follow":"follow","max-snippet":"max-snippet:-1","max-image-preview":"max-image-preview:large","max-video-preview":"max-video-preview:-1"},"canonical":"https:\/\/pharmaspa.ca\/fr\/produit\/barre-de-savon-rose-sauvage\/","og_locale":"fr_CA","og_type":"article","og_title":"Barre de savon rose sauvage - Pharmaspa","og_description":"D\u00e9couvrez l\u2019\u00e9l\u00e9gance d\u00e9licate de notre barre de savon rose sauvage, fabriqu\u00e9 \u00e0 la main pour apaiser et enchanter votre peau, avec le parfum d\u00e9licat des roses.","og_url":"https:\/\/pharmaspa.ca\/fr\/produit\/barre-de-savon-rose-sauvage\/","og_site_name":"Pharmaspa","article_modified_time":"2025-09-09T22:22:21+00:00","og_image":[{"width":1934,"height":1450,"url":"https:\/\/pharmaspa.ca\/wp-content\/uploads\/2024\/09\/Balneo-Soap-Bar-Wild-Rose.jpg","type":"image\/jpeg"}],"twitter_card":"summary_large_image","twitter_misc":{"Estimation du temps de lecture":"1 minute"},"schema":{"@context":"https:\/\/schema.org","@graph":[{"@type":"WebPage","@id":"https:\/\/pharmaspa.ca\/fr\/produit\/barre-de-savon-rose-sauvage\/","url":"https:\/\/pharmaspa.ca\/fr\/produit\/barre-de-savon-rose-sauvage\/","name":"Barre de savon rose sauvage - Pharmaspa","isPartOf":{"@id":"https:\/\/pharmaspa.ca\/#website"},"primaryImageOfPage":{"@id":"https:\/\/pharmaspa.ca\/fr\/produit\/barre-de-savon-rose-sauvage\/#primaryimage"},"image":{"@id":"https:\/\/pharmaspa.ca\/fr\/produit\/barre-de-savon-rose-sauvage\/#primaryimage"},"thumbnailUrl":"https:\/\/pharmaspa.ca\/wp-content\/uploads\/2024\/09\/Balneo-Soap-Bar-Wild-Rose.jpg","datePublished":"2024-08-26T20:55:41+00:00","dateModified":"2025-09-09T22:22:21+00:00","description":"D\u00e9couvrez l\u2019\u00e9l\u00e9gance d\u00e9licate de notre barre de savon rose sauvage, fabriqu\u00e9 \u00e0 la main pour apaiser et enchanter votre peau, avec le parfum d\u00e9licat des roses.","breadcrumb":{"@id":"https:\/\/pharmaspa.ca\/fr\/produit\/barre-de-savon-rose-sauvage\/#breadcrumb"},"inLanguage":"fr-CA","potentialAction":[{"@type":"ReadAction","target":["https:\/\/pharmaspa.ca\/fr\/produit\/barre-de-savon-rose-sauvage\/"]}]},{"@type":"ImageObject","inLanguage":"fr-CA","@id":"https:\/\/pharmaspa.ca\/fr\/produit\/barre-de-savon-rose-sauvage\/#primaryimage","url":"https:\/\/pharmaspa.ca\/wp-content\/uploads\/2024\/09\/Balneo-Soap-Bar-Wild-Rose.jpg","contentUrl":"https:\/\/pharmaspa.ca\/wp-content\/uploads\/2024\/09\/Balneo-Soap-Bar-Wild-Rose.jpg","width":1934,"height":1450,"caption":"Balneo Soap Bar Wild Rose"},{"@type":"BreadcrumbList","@id":"https:\/\/pharmaspa.ca\/fr\/produit\/barre-de-savon-rose-sauvage\/#breadcrumb","itemListElement":[{"@type":"ListItem","position":1,"name":"Boutique","item":"https:\/\/pharmaspa.ca\/shop\/"},{"@type":"ListItem","position":2,"name":"Barre de savon rose sauvage"}]},{"@type":"WebSite","@id":"https:\/\/pharmaspa.ca\/#website","url":"https:\/\/pharmaspa.ca\/","name":"Pharmaspa","description":"Parfums de spa et plus","potentialAction":[{"@type":"SearchAction","target":{"@type":"EntryPoint","urlTemplate":"https:\/\/pharmaspa.ca\/?s={search_term_string}"},"query-input":{"@type":"PropertyValueSpecification","valueRequired":true,"valueName":"search_term_string"}}],"inLanguage":"fr-CA"}]}},"_links":{"self":[{"href":"https:\/\/pharmaspa.ca\/fr\/wp-json\/wp\/v2\/product\/11208","targetHints":{"allow":["GET"]}}],"collection":[{"href":"https:\/\/pharmaspa.ca\/fr\/wp-json\/wp\/v2\/product"}],"about":[{"href":"https:\/\/pharmaspa.ca\/fr\/wp-json\/wp\/v2\/types\/product"}],"replies":[{"embeddable":true,"href":"https:\/\/pharmaspa.ca\/fr\/wp-json\/wp\/v2\/comments?post=11208"}],"wp:featuredmedia":[{"embeddable":true,"href":"https:\/\/pharmaspa.ca\/fr\/wp-json\/wp\/v2\/media\/11505"}],"wp:attachment":[{"href":"https:\/\/pharmaspa.ca\/fr\/wp-json\/wp\/v2\/media?parent=11208"}],"wp:term":[{"taxonomy":"product_brand","embeddable":true,"href":"https:\/\/pharmaspa.ca\/fr\/wp-json\/wp\/v2\/product_brand?post=11208"},{"taxonomy":"product_cat","embeddable":true,"href":"https:\/\/pharmaspa.ca\/fr\/wp-json\/wp\/v2\/product_cat?post=11208"},{"taxonomy":"product_tag","embeddable":true,"href":"https:\/\/pharmaspa.ca\/fr\/wp-json\/wp\/v2\/product_tag?post=11208"}],"curies":[{"name":"wp","href":"https:\/\/api.w.org\/{rel}","templated":true}]}}