{"id":11213,"date":"2024-08-26T22:54:44","date_gmt":"2024-08-27T02:54:44","guid":{"rendered":"https:\/\/pharmaspa.ca\/?post_type=product&#038;p=11213"},"modified":"2025-09-09T18:33:18","modified_gmt":"2025-09-09T22:33:18","slug":"savon-de-castille-liquide-aux-agrumes","status":"publish","type":"product","link":"https:\/\/pharmaspa.ca\/fr\/produit\/savon-de-castille-liquide-aux-agrumes\/","title":{"rendered":"Savon de Castille liquide aux agrumes"},"content":{"rendered":"<h2>Fabriqu\u00e9 avec des ingr\u00e9dients 100% naturels, ce savon liquide de Castille aux agrumes nettoie en douceur mais efficacement tout en \u00e9veillant vos sens avec son parfum d\u2019agrumes piquant.<\/h2>\n<p>Ce nettoyant polyvalent au savon de Castille liquide aux agrumes peut \u00eatre dilu\u00e9 pour cr\u00e9er du savon pour les mains, un nettoyant pour le corps, un shampooing, un nettoyant pour fruits et l\u00e9gumes, un d\u00e9tergent m\u00e9nager, un d\u00e9tergent \u00e0 lessive, un nettoyant pour sols ou voitures, un shampooing pour animaux de compagnie, etc. Il suffit de scanner le code QR pour d\u00e9couvrir d\u2019autres fa\u00e7ons d\u2019utiliser cette solution tout-en-un. <\/p>\n<p>Parfait pour un mode de vie \u00e9cologique, notre savon liquide de Castille est biod\u00e9gradable et \u00e9cologique.<\/p>\n<h3>Un nettoyant multi-usages<\/h3>\n<ul>\n<li><strong>Nettoyant Corps, Mains &amp; Visage<\/strong> : nettoie tout en nourrissant votre peau avec ses huiles naturelles, la laissant douce et rafra\u00eechie.<\/li>\n<li><strong>Shampooing<\/strong> : Une option s\u00fbre et naturelle pour les cheveux, les gardant propres et hydrat\u00e9s sans enlever les huiles naturelles.<\/li>\n<li><strong>Nettoyant m\u00e9nager<\/strong> : Utilisez-le pour nettoyer les surfaces, les comptoirs, les sols et m\u00eame votre voiture.<\/li>\n<li><strong>Savon \u00e0 vaisselle<\/strong> : Dur pour la graisse, mais doux pour les mains, ce qui facilite le lavage de la vaisselle.<\/li>\n<li><strong>D\u00e9tergent \u00e0 lessive<\/strong> : Une petite quantit\u00e9 suffit pour laisser les v\u00eatements frais, propres et exempts de produits chimiques nocifs.<\/li>\n<li><strong>Lavage des fruits et l\u00e9gumes<\/strong> : Aide \u00e0 \u00e9liminer les r\u00e9sidus de pesticides des fruits et l\u00e9gumes.<\/li>\n<li><strong>Soins aux animaux de compagnie<\/strong> : Sans danger pour vos amis \u00e0 quatre pattes ! Utilisez-le pour baigner vos animaux de compagnie et garder leur pelage doux et propre. <\/li>\n<li><strong>Camping et voyages&nbsp;: Apportez<\/strong> une petite quantit\u00e9 non dilu\u00e9e pour tous vos besoins. Et cela ne nuira pas \u00e0 l\u2019environnement. <\/li>\n<\/ul>\n<h3>Principales caract\u00e9ristiques du savon de Castille liquide<\/h3>\n<ul>\n<li><strong>Doux pour les peaux sensibles<\/strong> &#8211; Sans parfums artificiels, toxines, conservateurs, sulfates, parab\u00e8nes et phtalates.<\/li>\n<li><strong>100&nbsp;% naturel, <\/strong><strong>biod\u00e9gradable et respectueux de l\u2019environnement <\/strong><span data-sheets-root=\"1\"><strong>&#8211;<\/strong><\/span> Sans danger pour vous et pour l\u2019environnement.<\/li>\n<li><strong>Doux pour les syst\u00e8mes de fosse septique<\/strong> : Se d\u00e9compose naturellement et maintient les bonnes bact\u00e9ries fonctionner comme elles le devraient.<\/li>\n<li><strong>Rentable\u2013 <\/strong>Sa formule concentr\u00e9e signifie qu\u2019un peu va un long chemin.<\/li>\n<\/ul>\n<p><strong>Mode d\u2019emploi<\/strong> : Pour une utilisation corporelle, diluez 1 partie de savon pour 3 parties d\u2019eau et conservez-le dans un distributeur \u00e0 pompe. En tant que nettoyant domestique, diluez 1 partie de savon pour 10 parties d\u2019eau et conservez-le dans un flacon pulv\u00e9risateur. Scannez le code QR pour voir plus d\u2019utilisations.  <\/p>\n<p><span data-sheets-root=\"1\"><strong>Avertissements<\/strong> : Pour usage externe uniquement. \u00c9viter le contact avec les yeux. Cessez l\u2019utilisation si une irritation se d\u00e9veloppe Le distributeur de la pompe peut se boucher.  <\/span><\/p>\n<p>Veuillez noter : En raison de la nature artisanale de notre production en petits lots, les couleurs peuvent varier.<\/p>\n<p><strong>Formats disponibles<\/strong> : 475 ml, 1 L et 4 L<\/p>\n<p><span data-sheets-root=\"1\"><strong>Ingr\u00e9dients<\/strong> : Aqua, Potassium Cocoate** , Brassica Napus Seed Oil*, Simmondsia Chinensis (Jojoba) Seed Oil*, Citrus Aurantium Dulcis (Orange) Peel Oil*, Olea Europaea (Olive) Fruit Oil*, Cannabis Sativa Seed Oil*, Persea Gratissima (Avocado) Oil*, Citrus Aurantifolia (Lime) Oil*, Glycerin*<\/span><\/p>\n<p>** Huile de coco biologique saponifi\u00e9e<br \/>\n* Ingr\u00e9dients biologiques<\/p>\n","protected":false},"excerpt":{"rendered":"<p>Besoin de plus d\u2019\u00e9nergie matinale ? D\u00e9couvrez le pouvoir rafra\u00eechissant et revigorant des huiles de citron et d\u2019orange avec notre savon liquide de Castille aux agrumes enti\u00e8rement naturel. <\/p>\n<p>&nbsp;<\/p>\n<h3><span data-sheets-root=\"1\">Revitalise et dynamise votre peau<\/span><\/h3>\n","protected":false},"featured_media":11899,"comment_status":"open","ping_status":"closed","template":"","meta":{"_et_pb_use_builder":"","_et_pb_old_content":"","_et_gb_content_width":""},"product_brand":[],"product_cat":[404,607,446],"product_tag":[],"class_list":{"0":"post-11213","1":"product","2":"type-product","3":"status-publish","4":"has-post-thumbnail","6":"product_cat-balneo","7":"product_cat-savon-de-castille-liquide","8":"product_cat-soin-du-corps","10":"first","11":"instock","12":"taxable","13":"shipping-taxable","14":"purchasable","15":"product-type-variable","16":"has-default-attributes"},"yoast_head":"<!-- This site is optimized with the Yoast SEO plugin v27.4 - https:\/\/yoast.com\/product\/yoast-seo-wordpress\/ -->\n<title>Savon de Castille liquide aux agrumes - Pharmaspa<\/title>\n<meta name=\"description\" content=\"Besoin de plus d\u2019\u00e9nergie matinale ? D\u00e9couvrez le pouvoir rafra\u00eechissant et revigorant des huiles de citron et d\u2019orange avec notre savon liquide de Castille aux agrumes enti\u00e8rement naturel.\" \/>\n<meta name=\"robots\" content=\"index, follow, max-snippet:-1, max-image-preview:large, max-video-preview:-1\" \/>\n<link rel=\"canonical\" href=\"https:\/\/pharmaspa.ca\/fr\/produit\/savon-de-castille-liquide-aux-agrumes\/\" \/>\n<meta property=\"og:locale\" content=\"fr_CA\" \/>\n<meta property=\"og:type\" content=\"article\" \/>\n<meta property=\"og:title\" content=\"Savon de Castille liquide aux agrumes - Pharmaspa\" \/>\n<meta property=\"og:description\" content=\"Besoin de plus d\u2019\u00e9nergie matinale ? D\u00e9couvrez le pouvoir rafra\u00eechissant et revigorant des huiles de citron et d\u2019orange avec notre savon liquide de Castille aux agrumes enti\u00e8rement naturel.\" \/>\n<meta property=\"og:url\" content=\"https:\/\/pharmaspa.ca\/fr\/produit\/savon-de-castille-liquide-aux-agrumes\/\" \/>\n<meta property=\"og:site_name\" content=\"Pharmaspa\" \/>\n<meta property=\"article:modified_time\" content=\"2025-09-09T22:33:18+00:00\" \/>\n<meta property=\"og:image\" content=\"https:\/\/pharmaspa.ca\/wp-content\/uploads\/2024\/08\/Citrus-Liquid-Castile-Soap.jpg\" \/>\n\t<meta property=\"og:image:width\" content=\"555\" \/>\n\t<meta property=\"og:image:height\" content=\"650\" \/>\n\t<meta property=\"og:image:type\" content=\"image\/jpeg\" \/>\n<meta name=\"twitter:card\" content=\"summary_large_image\" \/>\n<meta name=\"twitter:label1\" content=\"Estimation du temps de lecture\" \/>\n\t<meta name=\"twitter:data1\" content=\"3 minutes\" \/>\n<!-- \/ Yoast SEO plugin. -->","yoast_head_json":{"title":"Savon de Castille liquide aux agrumes - Pharmaspa","description":"Besoin de plus d\u2019\u00e9nergie matinale ? D\u00e9couvrez le pouvoir rafra\u00eechissant et revigorant des huiles de citron et d\u2019orange avec notre savon liquide de Castille aux agrumes enti\u00e8rement naturel.","robots":{"index":"index","follow":"follow","max-snippet":"max-snippet:-1","max-image-preview":"max-image-preview:large","max-video-preview":"max-video-preview:-1"},"canonical":"https:\/\/pharmaspa.ca\/fr\/produit\/savon-de-castille-liquide-aux-agrumes\/","og_locale":"fr_CA","og_type":"article","og_title":"Savon de Castille liquide aux agrumes - Pharmaspa","og_description":"Besoin de plus d\u2019\u00e9nergie matinale ? D\u00e9couvrez le pouvoir rafra\u00eechissant et revigorant des huiles de citron et d\u2019orange avec notre savon liquide de Castille aux agrumes enti\u00e8rement naturel.","og_url":"https:\/\/pharmaspa.ca\/fr\/produit\/savon-de-castille-liquide-aux-agrumes\/","og_site_name":"Pharmaspa","article_modified_time":"2025-09-09T22:33:18+00:00","og_image":[{"width":555,"height":650,"url":"https:\/\/pharmaspa.ca\/wp-content\/uploads\/2024\/08\/Citrus-Liquid-Castile-Soap.jpg","type":"image\/jpeg"}],"twitter_card":"summary_large_image","twitter_misc":{"Estimation du temps de lecture":"3 minutes"},"schema":{"@context":"https:\/\/schema.org","@graph":[{"@type":"WebPage","@id":"https:\/\/pharmaspa.ca\/fr\/produit\/savon-de-castille-liquide-aux-agrumes\/","url":"https:\/\/pharmaspa.ca\/fr\/produit\/savon-de-castille-liquide-aux-agrumes\/","name":"Savon de Castille liquide aux agrumes - Pharmaspa","isPartOf":{"@id":"https:\/\/pharmaspa.ca\/#website"},"primaryImageOfPage":{"@id":"https:\/\/pharmaspa.ca\/fr\/produit\/savon-de-castille-liquide-aux-agrumes\/#primaryimage"},"image":{"@id":"https:\/\/pharmaspa.ca\/fr\/produit\/savon-de-castille-liquide-aux-agrumes\/#primaryimage"},"thumbnailUrl":"https:\/\/pharmaspa.ca\/wp-content\/uploads\/2025\/04\/Balneo-05L-Citrus-Liquid-Castile-Soap.jpg","datePublished":"2024-08-27T02:54:44+00:00","dateModified":"2025-09-09T22:33:18+00:00","description":"Besoin de plus d\u2019\u00e9nergie matinale ? D\u00e9couvrez le pouvoir rafra\u00eechissant et revigorant des huiles de citron et d\u2019orange avec notre savon liquide de Castille aux agrumes enti\u00e8rement naturel.","breadcrumb":{"@id":"https:\/\/pharmaspa.ca\/fr\/produit\/savon-de-castille-liquide-aux-agrumes\/#breadcrumb"},"inLanguage":"fr-CA","potentialAction":[{"@type":"ReadAction","target":["https:\/\/pharmaspa.ca\/fr\/produit\/savon-de-castille-liquide-aux-agrumes\/"]}]},{"@type":"ImageObject","inLanguage":"fr-CA","@id":"https:\/\/pharmaspa.ca\/fr\/produit\/savon-de-castille-liquide-aux-agrumes\/#primaryimage","url":"https:\/\/pharmaspa.ca\/wp-content\/uploads\/2025\/04\/Balneo-05L-Citrus-Liquid-Castile-Soap.jpg","contentUrl":"https:\/\/pharmaspa.ca\/wp-content\/uploads\/2025\/04\/Balneo-05L-Citrus-Liquid-Castile-Soap.jpg","width":2000,"height":2000,"caption":"Balneo 05L Citrus Liquid Castile Soap"},{"@type":"BreadcrumbList","@id":"https:\/\/pharmaspa.ca\/fr\/produit\/savon-de-castille-liquide-aux-agrumes\/#breadcrumb","itemListElement":[{"@type":"ListItem","position":1,"name":"Boutique","item":"https:\/\/pharmaspa.ca\/shop\/"},{"@type":"ListItem","position":2,"name":"Savon de Castille liquide aux agrumes"}]},{"@type":"WebSite","@id":"https:\/\/pharmaspa.ca\/#website","url":"https:\/\/pharmaspa.ca\/","name":"Pharmaspa","description":"Parfums de spa et plus","potentialAction":[{"@type":"SearchAction","target":{"@type":"EntryPoint","urlTemplate":"https:\/\/pharmaspa.ca\/?s={search_term_string}"},"query-input":{"@type":"PropertyValueSpecification","valueRequired":true,"valueName":"search_term_string"}}],"inLanguage":"fr-CA"}]}},"_links":{"self":[{"href":"https:\/\/pharmaspa.ca\/fr\/wp-json\/wp\/v2\/product\/11213","targetHints":{"allow":["GET"]}}],"collection":[{"href":"https:\/\/pharmaspa.ca\/fr\/wp-json\/wp\/v2\/product"}],"about":[{"href":"https:\/\/pharmaspa.ca\/fr\/wp-json\/wp\/v2\/types\/product"}],"replies":[{"embeddable":true,"href":"https:\/\/pharmaspa.ca\/fr\/wp-json\/wp\/v2\/comments?post=11213"}],"wp:featuredmedia":[{"embeddable":true,"href":"https:\/\/pharmaspa.ca\/fr\/wp-json\/wp\/v2\/media\/11899"}],"wp:attachment":[{"href":"https:\/\/pharmaspa.ca\/fr\/wp-json\/wp\/v2\/media?parent=11213"}],"wp:term":[{"taxonomy":"product_brand","embeddable":true,"href":"https:\/\/pharmaspa.ca\/fr\/wp-json\/wp\/v2\/product_brand?post=11213"},{"taxonomy":"product_cat","embeddable":true,"href":"https:\/\/pharmaspa.ca\/fr\/wp-json\/wp\/v2\/product_cat?post=11213"},{"taxonomy":"product_tag","embeddable":true,"href":"https:\/\/pharmaspa.ca\/fr\/wp-json\/wp\/v2\/product_tag?post=11213"}],"curies":[{"name":"wp","href":"https:\/\/api.w.org\/{rel}","templated":true}]}}