{"id":11302,"date":"2024-09-24T13:13:42","date_gmt":"2024-09-24T17:13:42","guid":{"rendered":"https:\/\/pharmaspa.ca\/?post_type=product&#038;p=11302"},"modified":"2025-08-30T12:02:59","modified_gmt":"2025-08-30T16:02:59","slug":"barre-revitalisante-eclat-dagrumes","status":"publish","type":"product","link":"https:\/\/pharmaspa.ca\/fr\/produit\/barre-revitalisante-eclat-dagrumes\/","title":{"rendered":"Barre revitalisante \u00e9clat d&#8217;agrumes"},"content":{"rendered":"<h2>Revitalisez les cheveux gras avec la barre Barre revitalisante \u00e9clat d&#8217;agrumes, enrichie en prot\u00e9ine de citron pour renforcer et nourrir vos cheveux.<\/h2>\n<p>Infus\u00e9e d\u2019agrumes rafra\u00eechissants, cette barre d\u2019apr\u00e8s-shampooing aide \u00e0 contr\u00f4ler l\u2019exc\u00e8s de s\u00e9bum, laissant vos cheveux forts, sains et avec une brillance naturelle.<\/p>\n<p>Fabriqu\u00e9e avec 97,3 % d\u2019ingr\u00e9dients d\u2019origine naturelle, cette barre d\u2019apr\u00e8s-shampooing est non seulement nourrissante pour vos cheveux, mais aussi \u00e9cologique, rempla\u00e7ant deux bouteilles en plastique par sa taille adapt\u00e9e aux voyages. Sa formule au pH \u00e9quilibr\u00e9 garantit que vos cheveux restent sains et hydrat\u00e9s. <\/p>\n<h3>Avantages de la barre revitalisante \u00e9clat d&#8217;agrumes<\/h3>\n<ul>\n<li><span data-sheets-root=\"1\">Restaure et fortifie les cheveux<\/span><\/li>\n<li>Contr\u00f4le la production excessive de s\u00e9bum<\/li>\n<li><span data-sheets-root=\"1\">Procure une hydratation en profondeur<\/span><\/li>\n<li><span data-sheets-root=\"1\">Restaure et rajeunit la sant\u00e9 des cheveux<\/span><\/li>\n<li><span data-sheets-root=\"1\">Booste la brillance et la douceur<\/span><\/li>\n<\/ul>\n<h3>Fonctionnalit\u00e9s:<\/h3>\n<ul>\n<li>Barre revitalisante concentr\u00e9e = (2 bouteilles en plastique) 70+ utilisations<\/li>\n<li>pH \u00e9quilibr\u00e9<\/li>\n<li>Format id\u00e9al pour les voyages<\/li>\n<\/ul>\n<p>Veuillez noter : En raison de la nature artisanale de notre production en petits lots, les couleurs peuvent varier.<\/p>\n<p><strong>Poids<\/strong> : 50 grammes<\/p>\n<p><strong>Ingr\u00e9dients<\/strong> :<span data-sheets-root=\"1\"> m\u00e9thosulfate de b\u00e9hentrimonium, alcool c\u00e9tylique*, chlorure de centrimonium, huile de citrus aurantifolia (citron vert)*, huile de mandarine citrus reticulata blanco*, prot\u00e9ine de riz hydrolys\u00e9e*, prot\u00e9ine de citron hydroxypropyltrimonium*, rocou\/ fait \u00e0 partir d\u2019ingr\u00e9dients biologiques<br \/>\n<\/span><\/p>\n","protected":false},"excerpt":{"rendered":"<p>Revitalisez les cheveux gras avec la barre Barre revitalisante \u00e9clat d&#8217;agrumes, enrichie en prot\u00e9ine de citron pour renforcer et nourrir vos cheveux.<\/p>\n<p>&nbsp;<\/p>\n<h3><span data-sheets-root=\"1\">Pour les cheveux gras<\/span><\/h3>\n","protected":false},"featured_media":11238,"comment_status":"closed","ping_status":"closed","template":"","meta":{"_et_pb_use_builder":"","_et_pb_old_content":"","_et_gb_content_width":""},"product_brand":[],"product_cat":[404,445],"product_tag":[],"class_list":{"0":"post-11302","1":"product","2":"type-product","3":"status-publish","4":"has-post-thumbnail","6":"product_cat-balneo","7":"product_cat-soins-capillaire-en-barre","9":"first","10":"outofstock","11":"taxable","12":"shipping-taxable","13":"purchasable","14":"product-type-simple"},"yoast_head":"<!-- This site is optimized with the Yoast SEO plugin v27.4 - https:\/\/yoast.com\/product\/yoast-seo-wordpress\/ -->\n<title>Barre revitalisante \u00e9clat d&#039;agrumes - Pharmaspa<\/title>\n<meta name=\"description\" content=\"Enrichi en prot\u00e9ines de citron, gardez vos cheveux frais, forts et \u00e9clatants avec la barre revitalisante \u00e9clat d&#039;agrumes, con\u00e7ue pour les soins des cheveux gras.\" \/>\n<meta name=\"robots\" content=\"index, follow, max-snippet:-1, max-image-preview:large, max-video-preview:-1\" \/>\n<link rel=\"canonical\" href=\"https:\/\/pharmaspa.ca\/fr\/produit\/barre-revitalisante-eclat-dagrumes\/\" \/>\n<meta property=\"og:locale\" content=\"fr_CA\" \/>\n<meta property=\"og:type\" content=\"article\" \/>\n<meta property=\"og:title\" content=\"Barre revitalisante \u00e9clat d&#039;agrumes - Pharmaspa\" \/>\n<meta property=\"og:description\" content=\"Enrichi en prot\u00e9ines de citron, gardez vos cheveux frais, forts et \u00e9clatants avec la barre revitalisante \u00e9clat d&#039;agrumes, con\u00e7ue pour les soins des cheveux gras.\" \/>\n<meta property=\"og:url\" content=\"https:\/\/pharmaspa.ca\/fr\/produit\/barre-revitalisante-eclat-dagrumes\/\" \/>\n<meta property=\"og:site_name\" content=\"Pharmaspa\" \/>\n<meta property=\"article:modified_time\" content=\"2025-08-30T16:02:59+00:00\" \/>\n<meta property=\"og:image\" content=\"https:\/\/pharmaspa.ca\/wp-content\/uploads\/2024\/09\/Citrus-Dazzle-Conditioner-Bar.jpg\" \/>\n\t<meta property=\"og:image:width\" content=\"2034\" \/>\n\t<meta property=\"og:image:height\" content=\"1526\" \/>\n\t<meta property=\"og:image:type\" content=\"image\/jpeg\" \/>\n<meta name=\"twitter:card\" content=\"summary_large_image\" \/>\n<meta name=\"twitter:label1\" content=\"Estimation du temps de lecture\" \/>\n\t<meta name=\"twitter:data1\" content=\"2 minutes\" \/>\n<!-- \/ Yoast SEO plugin. -->","yoast_head_json":{"title":"Barre revitalisante \u00e9clat d'agrumes - Pharmaspa","description":"Enrichi en prot\u00e9ines de citron, gardez vos cheveux frais, forts et \u00e9clatants avec la barre revitalisante \u00e9clat d'agrumes, con\u00e7ue pour les soins des cheveux gras.","robots":{"index":"index","follow":"follow","max-snippet":"max-snippet:-1","max-image-preview":"max-image-preview:large","max-video-preview":"max-video-preview:-1"},"canonical":"https:\/\/pharmaspa.ca\/fr\/produit\/barre-revitalisante-eclat-dagrumes\/","og_locale":"fr_CA","og_type":"article","og_title":"Barre revitalisante \u00e9clat d'agrumes - Pharmaspa","og_description":"Enrichi en prot\u00e9ines de citron, gardez vos cheveux frais, forts et \u00e9clatants avec la barre revitalisante \u00e9clat d'agrumes, con\u00e7ue pour les soins des cheveux gras.","og_url":"https:\/\/pharmaspa.ca\/fr\/produit\/barre-revitalisante-eclat-dagrumes\/","og_site_name":"Pharmaspa","article_modified_time":"2025-08-30T16:02:59+00:00","og_image":[{"width":2034,"height":1526,"url":"https:\/\/pharmaspa.ca\/wp-content\/uploads\/2024\/09\/Citrus-Dazzle-Conditioner-Bar.jpg","type":"image\/jpeg"}],"twitter_card":"summary_large_image","twitter_misc":{"Estimation du temps de lecture":"2 minutes"},"schema":{"@context":"https:\/\/schema.org","@graph":[{"@type":"WebPage","@id":"https:\/\/pharmaspa.ca\/fr\/produit\/barre-revitalisante-eclat-dagrumes\/","url":"https:\/\/pharmaspa.ca\/fr\/produit\/barre-revitalisante-eclat-dagrumes\/","name":"Barre revitalisante \u00e9clat d'agrumes - Pharmaspa","isPartOf":{"@id":"https:\/\/pharmaspa.ca\/#website"},"primaryImageOfPage":{"@id":"https:\/\/pharmaspa.ca\/fr\/produit\/barre-revitalisante-eclat-dagrumes\/#primaryimage"},"image":{"@id":"https:\/\/pharmaspa.ca\/fr\/produit\/barre-revitalisante-eclat-dagrumes\/#primaryimage"},"thumbnailUrl":"https:\/\/pharmaspa.ca\/wp-content\/uploads\/2024\/09\/Citrus-Dazzle-Conditioner-Bar.jpg","datePublished":"2024-09-24T17:13:42+00:00","dateModified":"2025-08-30T16:02:59+00:00","description":"Enrichi en prot\u00e9ines de citron, gardez vos cheveux frais, forts et \u00e9clatants avec la barre revitalisante \u00e9clat d'agrumes, con\u00e7ue pour les soins des cheveux gras.","breadcrumb":{"@id":"https:\/\/pharmaspa.ca\/fr\/produit\/barre-revitalisante-eclat-dagrumes\/#breadcrumb"},"inLanguage":"fr-CA","potentialAction":[{"@type":"ReadAction","target":["https:\/\/pharmaspa.ca\/fr\/produit\/barre-revitalisante-eclat-dagrumes\/"]}]},{"@type":"ImageObject","inLanguage":"fr-CA","@id":"https:\/\/pharmaspa.ca\/fr\/produit\/barre-revitalisante-eclat-dagrumes\/#primaryimage","url":"https:\/\/pharmaspa.ca\/wp-content\/uploads\/2024\/09\/Citrus-Dazzle-Conditioner-Bar.jpg","contentUrl":"https:\/\/pharmaspa.ca\/wp-content\/uploads\/2024\/09\/Citrus-Dazzle-Conditioner-Bar.jpg","width":2034,"height":1526,"caption":"Citrus Dazzle Conditioner Bar"},{"@type":"BreadcrumbList","@id":"https:\/\/pharmaspa.ca\/fr\/produit\/barre-revitalisante-eclat-dagrumes\/#breadcrumb","itemListElement":[{"@type":"ListItem","position":1,"name":"Boutique","item":"https:\/\/pharmaspa.ca\/shop\/"},{"@type":"ListItem","position":2,"name":"Barre revitalisante \u00e9clat d&#8217;agrumes"}]},{"@type":"WebSite","@id":"https:\/\/pharmaspa.ca\/#website","url":"https:\/\/pharmaspa.ca\/","name":"Pharmaspa","description":"Parfums de spa et plus","potentialAction":[{"@type":"SearchAction","target":{"@type":"EntryPoint","urlTemplate":"https:\/\/pharmaspa.ca\/?s={search_term_string}"},"query-input":{"@type":"PropertyValueSpecification","valueRequired":true,"valueName":"search_term_string"}}],"inLanguage":"fr-CA"}]}},"_links":{"self":[{"href":"https:\/\/pharmaspa.ca\/fr\/wp-json\/wp\/v2\/product\/11302","targetHints":{"allow":["GET"]}}],"collection":[{"href":"https:\/\/pharmaspa.ca\/fr\/wp-json\/wp\/v2\/product"}],"about":[{"href":"https:\/\/pharmaspa.ca\/fr\/wp-json\/wp\/v2\/types\/product"}],"replies":[{"embeddable":true,"href":"https:\/\/pharmaspa.ca\/fr\/wp-json\/wp\/v2\/comments?post=11302"}],"wp:featuredmedia":[{"embeddable":true,"href":"https:\/\/pharmaspa.ca\/fr\/wp-json\/wp\/v2\/media\/11238"}],"wp:attachment":[{"href":"https:\/\/pharmaspa.ca\/fr\/wp-json\/wp\/v2\/media?parent=11302"}],"wp:term":[{"taxonomy":"product_brand","embeddable":true,"href":"https:\/\/pharmaspa.ca\/fr\/wp-json\/wp\/v2\/product_brand?post=11302"},{"taxonomy":"product_cat","embeddable":true,"href":"https:\/\/pharmaspa.ca\/fr\/wp-json\/wp\/v2\/product_cat?post=11302"},{"taxonomy":"product_tag","embeddable":true,"href":"https:\/\/pharmaspa.ca\/fr\/wp-json\/wp\/v2\/product_tag?post=11302"}],"curies":[{"name":"wp","href":"https:\/\/api.w.org\/{rel}","templated":true}]}}