{"id":11304,"date":"2024-09-24T13:19:21","date_gmt":"2024-09-24T17:19:21","guid":{"rendered":"https:\/\/pharmaspa.ca\/?post_type=product&#038;p=11304"},"modified":"2025-09-09T18:23:58","modified_gmt":"2025-09-09T22:23:58","slug":"barre-revitalisante-noix-de-coco","status":"publish","type":"product","link":"https:\/\/pharmaspa.ca\/fr\/produit\/barre-revitalisante-noix-de-coco\/","title":{"rendered":"Barre revitalisante noix de coco"},"content":{"rendered":"<h2>Donnez \u00e0 vos cheveux l\u2019hydratation et les soins dont ils ont besoin avec la barre revitalisante noix de coco, con\u00e7ue pour laisser vos m\u00e8ches douces, lisses et pleines de vie.<\/h2>\n<p>Enrichie en huile de noix de coco nourrissante, cette barre procure une hydratation intense, aidant \u00e0 r\u00e9parer et \u00e0 prot\u00e9ger les cheveux secs ou color\u00e9s. Il laisse vos cheveux doux, lisses et sains, avec un regain de brillance suppl\u00e9mentaire. <\/p>\n<p>Fabriqu\u00e9e avec 97,3 % d\u2019ingr\u00e9dients d\u2019origine naturelle, cette barre d\u2019apr\u00e8s-shampooing est non seulement nourrissante pour vos cheveux, mais aussi \u00e9cologique, rempla\u00e7ant deux bouteilles en plastique par sa taille adapt\u00e9e aux voyages. Sa formule au pH \u00e9quilibr\u00e9 garantit que vos cheveux restent sains et hydrat\u00e9s. <\/p>\n<h3>Avantages de la barre revitalisante noix de coco<\/h3>\n<ul>\n<li><span data-sheets-root=\"1\">Restaure et fortifie les cheveux<\/span><\/li>\n<li><span data-sheets-root=\"1\">Prot\u00e8ge contre les dommages<\/span><\/li>\n<li><span data-sheets-root=\"1\">Procure une hydratation en profondeur<\/span><\/li>\n<li><span data-sheets-root=\"1\">Booste la brillance et la douceur<\/span><\/li>\n<\/ul>\n<h3>Fonctionnalit\u00e9s:<\/h3>\n<ul>\n<li>Barre revitalisante concentr\u00e9e = (2 bouteilles en plastique) 70+ utilisations<\/li>\n<li>pH \u00e9quilibr\u00e9<\/li>\n<li>Format id\u00e9al pour les voyages<\/li>\n<\/ul>\n<p>Veuillez noter : En raison de la nature artisanale de notre production en petits lots, les couleurs peuvent varier.<\/p>\n<p><strong>Poids<\/strong> : 50 grammes<\/p>\n<p><span data-sheets-root=\"1\"> <strong> Ingr\u00e9dients<\/strong> : m\u00e9thosulfate de b\u00e9hentrimonium, alcool c\u00e9tylique*, chlorure de centrimonium, prot\u00e9ine de riz hydrolys\u00e9e*, huile de cocos nucifera (noix de coco) *made from organic ingredients\/ fait \u00e0 partir d\u2019ingr\u00e9dients biologiques  <\/span><\/p>\n","protected":false},"excerpt":{"rendered":"<p>Infusez vos cheveux color\u00e9s ou secs d\u2019une hydratation en profondeur \u00e0 l\u2019aide de la barre d\u2019apr\u00e8s-shampooing Coconut Cream enrichie en huile de coco.<\/p>\n<p>&nbsp;<\/p>\n<h3><span data-sheets-root=\"1\">Pour cheveux color\u00e9s\/secs<\/span><\/h3>\n","protected":false},"featured_media":11240,"comment_status":"closed","ping_status":"closed","template":"","meta":{"_et_pb_use_builder":"","_et_pb_old_content":"","_et_gb_content_width":""},"product_brand":[],"product_cat":[404,445],"product_tag":[],"class_list":{"0":"post-11304","1":"product","2":"type-product","3":"status-publish","4":"has-post-thumbnail","6":"product_cat-balneo","7":"product_cat-soins-capillaire-en-barre","9":"first","10":"instock","11":"taxable","12":"shipping-taxable","13":"purchasable","14":"product-type-simple"},"yoast_head":"<!-- This site is optimized with the Yoast SEO plugin v27.4 - https:\/\/yoast.com\/product\/yoast-seo-wordpress\/ -->\n<title>Barre revitalisante noix de coco - Pharmaspa<\/title>\n<meta name=\"description\" content=\"Donnez \u00e0 vos cheveux l\u2019hydratation et les soins dont ils ont besoin avec la barre revitalisante noix de coco, con\u00e7ue pour laisser vos m\u00e8ches douces, lisses et pleines de vie.\" \/>\n<meta name=\"robots\" content=\"index, follow, max-snippet:-1, max-image-preview:large, max-video-preview:-1\" \/>\n<link rel=\"canonical\" href=\"https:\/\/pharmaspa.ca\/fr\/produit\/barre-revitalisante-noix-de-coco\/\" \/>\n<meta property=\"og:locale\" content=\"fr_CA\" \/>\n<meta property=\"og:type\" content=\"article\" \/>\n<meta property=\"og:title\" content=\"Barre revitalisante noix de coco - Pharmaspa\" \/>\n<meta property=\"og:description\" content=\"Donnez \u00e0 vos cheveux l\u2019hydratation et les soins dont ils ont besoin avec la barre revitalisante noix de coco, con\u00e7ue pour laisser vos m\u00e8ches douces, lisses et pleines de vie.\" \/>\n<meta property=\"og:url\" content=\"https:\/\/pharmaspa.ca\/fr\/produit\/barre-revitalisante-noix-de-coco\/\" \/>\n<meta property=\"og:site_name\" content=\"Pharmaspa\" \/>\n<meta property=\"article:modified_time\" content=\"2025-09-09T22:23:58+00:00\" \/>\n<meta property=\"og:image\" content=\"https:\/\/pharmaspa.ca\/wp-content\/uploads\/2024\/09\/Coconut-Cream-Conditioner-Bar.jpg\" \/>\n\t<meta property=\"og:image:width\" content=\"2018\" \/>\n\t<meta property=\"og:image:height\" content=\"1514\" \/>\n\t<meta property=\"og:image:type\" content=\"image\/jpeg\" \/>\n<meta name=\"twitter:card\" content=\"summary_large_image\" \/>\n<meta name=\"twitter:label1\" content=\"Estimation du temps de lecture\" \/>\n\t<meta name=\"twitter:data1\" content=\"2 minutes\" \/>\n<!-- \/ Yoast SEO plugin. -->","yoast_head_json":{"title":"Barre revitalisante noix de coco - Pharmaspa","description":"Donnez \u00e0 vos cheveux l\u2019hydratation et les soins dont ils ont besoin avec la barre revitalisante noix de coco, con\u00e7ue pour laisser vos m\u00e8ches douces, lisses et pleines de vie.","robots":{"index":"index","follow":"follow","max-snippet":"max-snippet:-1","max-image-preview":"max-image-preview:large","max-video-preview":"max-video-preview:-1"},"canonical":"https:\/\/pharmaspa.ca\/fr\/produit\/barre-revitalisante-noix-de-coco\/","og_locale":"fr_CA","og_type":"article","og_title":"Barre revitalisante noix de coco - Pharmaspa","og_description":"Donnez \u00e0 vos cheveux l\u2019hydratation et les soins dont ils ont besoin avec la barre revitalisante noix de coco, con\u00e7ue pour laisser vos m\u00e8ches douces, lisses et pleines de vie.","og_url":"https:\/\/pharmaspa.ca\/fr\/produit\/barre-revitalisante-noix-de-coco\/","og_site_name":"Pharmaspa","article_modified_time":"2025-09-09T22:23:58+00:00","og_image":[{"width":2018,"height":1514,"url":"https:\/\/pharmaspa.ca\/wp-content\/uploads\/2024\/09\/Coconut-Cream-Conditioner-Bar.jpg","type":"image\/jpeg"}],"twitter_card":"summary_large_image","twitter_misc":{"Estimation du temps de lecture":"2 minutes"},"schema":{"@context":"https:\/\/schema.org","@graph":[{"@type":"WebPage","@id":"https:\/\/pharmaspa.ca\/fr\/produit\/barre-revitalisante-noix-de-coco\/","url":"https:\/\/pharmaspa.ca\/fr\/produit\/barre-revitalisante-noix-de-coco\/","name":"Barre revitalisante noix de coco - Pharmaspa","isPartOf":{"@id":"https:\/\/pharmaspa.ca\/#website"},"primaryImageOfPage":{"@id":"https:\/\/pharmaspa.ca\/fr\/produit\/barre-revitalisante-noix-de-coco\/#primaryimage"},"image":{"@id":"https:\/\/pharmaspa.ca\/fr\/produit\/barre-revitalisante-noix-de-coco\/#primaryimage"},"thumbnailUrl":"https:\/\/pharmaspa.ca\/wp-content\/uploads\/2024\/09\/Coconut-Cream-Conditioner-Bar.jpg","datePublished":"2024-09-24T17:19:21+00:00","dateModified":"2025-09-09T22:23:58+00:00","description":"Donnez \u00e0 vos cheveux l\u2019hydratation et les soins dont ils ont besoin avec la barre revitalisante noix de coco, con\u00e7ue pour laisser vos m\u00e8ches douces, lisses et pleines de vie.","breadcrumb":{"@id":"https:\/\/pharmaspa.ca\/fr\/produit\/barre-revitalisante-noix-de-coco\/#breadcrumb"},"inLanguage":"fr-CA","potentialAction":[{"@type":"ReadAction","target":["https:\/\/pharmaspa.ca\/fr\/produit\/barre-revitalisante-noix-de-coco\/"]}]},{"@type":"ImageObject","inLanguage":"fr-CA","@id":"https:\/\/pharmaspa.ca\/fr\/produit\/barre-revitalisante-noix-de-coco\/#primaryimage","url":"https:\/\/pharmaspa.ca\/wp-content\/uploads\/2024\/09\/Coconut-Cream-Conditioner-Bar.jpg","contentUrl":"https:\/\/pharmaspa.ca\/wp-content\/uploads\/2024\/09\/Coconut-Cream-Conditioner-Bar.jpg","width":2018,"height":1514,"caption":"Coconut Cream Conditioner Bar"},{"@type":"BreadcrumbList","@id":"https:\/\/pharmaspa.ca\/fr\/produit\/barre-revitalisante-noix-de-coco\/#breadcrumb","itemListElement":[{"@type":"ListItem","position":1,"name":"Boutique","item":"https:\/\/pharmaspa.ca\/shop\/"},{"@type":"ListItem","position":2,"name":"Barre revitalisante noix de coco"}]},{"@type":"WebSite","@id":"https:\/\/pharmaspa.ca\/#website","url":"https:\/\/pharmaspa.ca\/","name":"Pharmaspa","description":"Parfums de spa et plus","potentialAction":[{"@type":"SearchAction","target":{"@type":"EntryPoint","urlTemplate":"https:\/\/pharmaspa.ca\/?s={search_term_string}"},"query-input":{"@type":"PropertyValueSpecification","valueRequired":true,"valueName":"search_term_string"}}],"inLanguage":"fr-CA"}]}},"_links":{"self":[{"href":"https:\/\/pharmaspa.ca\/fr\/wp-json\/wp\/v2\/product\/11304","targetHints":{"allow":["GET"]}}],"collection":[{"href":"https:\/\/pharmaspa.ca\/fr\/wp-json\/wp\/v2\/product"}],"about":[{"href":"https:\/\/pharmaspa.ca\/fr\/wp-json\/wp\/v2\/types\/product"}],"replies":[{"embeddable":true,"href":"https:\/\/pharmaspa.ca\/fr\/wp-json\/wp\/v2\/comments?post=11304"}],"wp:featuredmedia":[{"embeddable":true,"href":"https:\/\/pharmaspa.ca\/fr\/wp-json\/wp\/v2\/media\/11240"}],"wp:attachment":[{"href":"https:\/\/pharmaspa.ca\/fr\/wp-json\/wp\/v2\/media?parent=11304"}],"wp:term":[{"taxonomy":"product_brand","embeddable":true,"href":"https:\/\/pharmaspa.ca\/fr\/wp-json\/wp\/v2\/product_brand?post=11304"},{"taxonomy":"product_cat","embeddable":true,"href":"https:\/\/pharmaspa.ca\/fr\/wp-json\/wp\/v2\/product_cat?post=11304"},{"taxonomy":"product_tag","embeddable":true,"href":"https:\/\/pharmaspa.ca\/fr\/wp-json\/wp\/v2\/product_tag?post=11304"}],"curies":[{"name":"wp","href":"https:\/\/api.w.org\/{rel}","templated":true}]}}