{"id":11306,"date":"2024-09-24T13:22:06","date_gmt":"2024-09-24T17:22:06","guid":{"rendered":"https:\/\/pharmaspa.ca\/?post_type=product&#038;p=11306"},"modified":"2025-09-09T18:23:58","modified_gmt":"2025-09-09T22:23:58","slug":"barre-revitalisante-vanille-boucle","status":"publish","type":"product","link":"https:\/\/pharmaspa.ca\/fr\/produit\/barre-revitalisante-vanille-boucle\/","title":{"rendered":"Barre revitalisante vanille boucl\u00e9"},"content":{"rendered":"<h2>Ravivez et d\u00e9finissez vos boucles avec la barre revitalisante vanille boucl\u00e9, sp\u00e9cialement formul\u00e9e pour les cheveux boucl\u00e9s et secs.<\/h2>\n<p>Enrichie en beurre de karit\u00e9 profond\u00e9ment hydratant, cette barre redonne du rebond, de la douceur et de la brillance \u00e0 vos boucles et ondulations naturelles, les laissant magnifiquement hydrat\u00e9es et sans frisottis.<\/p>\n<p>Fabriqu\u00e9 avec 97,8 % d\u2019ingr\u00e9dients d\u2019origine naturelle, ce revitalisant en barre est non seulement nourrissant pour vos cheveux, mais aussi \u00e9cologique, rempla\u00e7ant deux bouteilles en plastique par sa taille adapt\u00e9e aux voyages. Sa formule au pH \u00e9quilibr\u00e9 garantit que vos cheveux restent sains et hydrat\u00e9s. <\/p>\n<h3>Avantages de la barre revitalisante vanille boucl\u00e9<\/h3>\n<ul>\n<li><span data-sheets-root=\"1\">Restaure et fortifie les cheveux<\/span><\/li>\n<li><span data-sheets-root=\"1\">Procure une hydratation en profondeur<\/span><\/li>\n<li><span data-sheets-root=\"1\">Restaure et rajeunit la sant\u00e9 des cheveux<\/span><\/li>\n<li><span data-sheets-root=\"1\">Am\u00e9liore l\u2019\u00e9clat et la souplesse<\/span><\/li>\n<li><span data-sheets-root=\"1\">Dompte et lisse les frisottis<\/span><span data-sheets-root=\"1\"><br \/>\n<\/span><\/li>\n<\/ul>\n<h3>Fonctionnalit\u00e9s:<\/h3>\n<ul>\n<li>Barre revitalisante concentr\u00e9e = (2 bouteilles en plastique) 70+ utilisations<\/li>\n<li>pH \u00e9quilibr\u00e9<\/li>\n<li>Format id\u00e9al pour les voyages<\/li>\n<\/ul>\n<p>Veuillez noter : En raison de la nature artisanale de notre production en petits lots, les couleurs peuvent varier.<\/p>\n<p><strong>Poids<\/strong> : 50 grammes<\/p>\n<p><span data-sheets-root=\"1\"><strong>Ingr\u00e9dients<\/strong> : m\u00e9thosulfate de b\u00e9hentrimonium, alcool c\u00e9tylique*, chlorure de centrimonium, huile de vanille planifolia*, prot\u00e9ine de riz hydrolys\u00e9e*, butyrospermum parkii (beurre de karit\u00e9)*, beurre de graines de theobroma cacao (cacao) *fabriqu\u00e9 \u00e0 partir d\u2019ingr\u00e9dients biologiques\/ fait \u00e0 partir d\u2019ingr\u00e9dients biologiques  <\/span><\/p>\n","protected":false},"excerpt":{"rendered":"<p>Embrassez vos boucles avec la barre d\u2019apr\u00e8s-shampooing Curly Q Vanilla pour des cheveux doux, rebondissants et d\u2019apparence saine tous les jours.<\/p>\n<p>&nbsp;<\/p>\n<h3><span data-sheets-root=\"1\">Pour cheveux boucl\u00e9s\/secs<\/span><\/h3>\n","protected":false},"featured_media":11242,"comment_status":"closed","ping_status":"closed","template":"","meta":{"_et_pb_use_builder":"","_et_pb_old_content":"","_et_gb_content_width":""},"product_brand":[],"product_cat":[404,445],"product_tag":[],"class_list":{"0":"post-11306","1":"product","2":"type-product","3":"status-publish","4":"has-post-thumbnail","6":"product_cat-balneo","7":"product_cat-soins-capillaire-en-barre","9":"first","10":"instock","11":"taxable","12":"shipping-taxable","13":"purchasable","14":"product-type-simple"},"yoast_head":"<!-- This site is optimized with the Yoast SEO plugin v27.4 - https:\/\/yoast.com\/product\/yoast-seo-wordpress\/ -->\n<title>Barre revitalisante vanille boucl\u00e9 - Pharmaspa<\/title>\n<meta name=\"description\" content=\"Ravivez et d\u00e9finissez vos boucles avec la barre d\u2019apr\u00e8s-shampooing Curly Q Vanille, sp\u00e9cialement formul\u00e9e pour les cheveux boucl\u00e9s et secs. Beurre de karit\u00e9 enrichi\" \/>\n<meta name=\"robots\" content=\"index, follow, max-snippet:-1, max-image-preview:large, max-video-preview:-1\" \/>\n<link rel=\"canonical\" href=\"https:\/\/pharmaspa.ca\/fr\/produit\/barre-revitalisante-vanille-boucle\/\" \/>\n<meta property=\"og:locale\" content=\"fr_CA\" \/>\n<meta property=\"og:type\" content=\"article\" \/>\n<meta property=\"og:title\" content=\"Barre revitalisante vanille boucl\u00e9 - Pharmaspa\" \/>\n<meta property=\"og:description\" content=\"Ravivez et d\u00e9finissez vos boucles avec la barre d\u2019apr\u00e8s-shampooing Curly Q Vanille, sp\u00e9cialement formul\u00e9e pour les cheveux boucl\u00e9s et secs. Beurre de karit\u00e9 enrichi\" \/>\n<meta property=\"og:url\" content=\"https:\/\/pharmaspa.ca\/fr\/produit\/barre-revitalisante-vanille-boucle\/\" \/>\n<meta property=\"og:site_name\" content=\"Pharmaspa\" \/>\n<meta property=\"article:modified_time\" content=\"2025-09-09T22:23:58+00:00\" \/>\n<meta property=\"og:image\" content=\"https:\/\/pharmaspa.ca\/wp-content\/uploads\/2024\/09\/Curly-Q-Vanilla-Conditioner-Bar.jpg\" \/>\n\t<meta property=\"og:image:width\" content=\"2020\" \/>\n\t<meta property=\"og:image:height\" content=\"1515\" \/>\n\t<meta property=\"og:image:type\" content=\"image\/jpeg\" \/>\n<meta name=\"twitter:card\" content=\"summary_large_image\" \/>\n<meta name=\"twitter:label1\" content=\"Estimation du temps de lecture\" \/>\n\t<meta name=\"twitter:data1\" content=\"2 minutes\" \/>\n<!-- \/ Yoast SEO plugin. -->","yoast_head_json":{"title":"Barre revitalisante vanille boucl\u00e9 - Pharmaspa","description":"Ravivez et d\u00e9finissez vos boucles avec la barre d\u2019apr\u00e8s-shampooing Curly Q Vanille, sp\u00e9cialement formul\u00e9e pour les cheveux boucl\u00e9s et secs. Beurre de karit\u00e9 enrichi","robots":{"index":"index","follow":"follow","max-snippet":"max-snippet:-1","max-image-preview":"max-image-preview:large","max-video-preview":"max-video-preview:-1"},"canonical":"https:\/\/pharmaspa.ca\/fr\/produit\/barre-revitalisante-vanille-boucle\/","og_locale":"fr_CA","og_type":"article","og_title":"Barre revitalisante vanille boucl\u00e9 - Pharmaspa","og_description":"Ravivez et d\u00e9finissez vos boucles avec la barre d\u2019apr\u00e8s-shampooing Curly Q Vanille, sp\u00e9cialement formul\u00e9e pour les cheveux boucl\u00e9s et secs. Beurre de karit\u00e9 enrichi","og_url":"https:\/\/pharmaspa.ca\/fr\/produit\/barre-revitalisante-vanille-boucle\/","og_site_name":"Pharmaspa","article_modified_time":"2025-09-09T22:23:58+00:00","og_image":[{"width":2020,"height":1515,"url":"https:\/\/pharmaspa.ca\/wp-content\/uploads\/2024\/09\/Curly-Q-Vanilla-Conditioner-Bar.jpg","type":"image\/jpeg"}],"twitter_card":"summary_large_image","twitter_misc":{"Estimation du temps de lecture":"2 minutes"},"schema":{"@context":"https:\/\/schema.org","@graph":[{"@type":"WebPage","@id":"https:\/\/pharmaspa.ca\/fr\/produit\/barre-revitalisante-vanille-boucle\/","url":"https:\/\/pharmaspa.ca\/fr\/produit\/barre-revitalisante-vanille-boucle\/","name":"Barre revitalisante vanille boucl\u00e9 - Pharmaspa","isPartOf":{"@id":"https:\/\/pharmaspa.ca\/#website"},"primaryImageOfPage":{"@id":"https:\/\/pharmaspa.ca\/fr\/produit\/barre-revitalisante-vanille-boucle\/#primaryimage"},"image":{"@id":"https:\/\/pharmaspa.ca\/fr\/produit\/barre-revitalisante-vanille-boucle\/#primaryimage"},"thumbnailUrl":"https:\/\/pharmaspa.ca\/wp-content\/uploads\/2024\/09\/Curly-Q-Vanilla-Conditioner-Bar.jpg","datePublished":"2024-09-24T17:22:06+00:00","dateModified":"2025-09-09T22:23:58+00:00","description":"Ravivez et d\u00e9finissez vos boucles avec la barre d\u2019apr\u00e8s-shampooing Curly Q Vanille, sp\u00e9cialement formul\u00e9e pour les cheveux boucl\u00e9s et secs. Beurre de karit\u00e9 enrichi","breadcrumb":{"@id":"https:\/\/pharmaspa.ca\/fr\/produit\/barre-revitalisante-vanille-boucle\/#breadcrumb"},"inLanguage":"fr-CA","potentialAction":[{"@type":"ReadAction","target":["https:\/\/pharmaspa.ca\/fr\/produit\/barre-revitalisante-vanille-boucle\/"]}]},{"@type":"ImageObject","inLanguage":"fr-CA","@id":"https:\/\/pharmaspa.ca\/fr\/produit\/barre-revitalisante-vanille-boucle\/#primaryimage","url":"https:\/\/pharmaspa.ca\/wp-content\/uploads\/2024\/09\/Curly-Q-Vanilla-Conditioner-Bar.jpg","contentUrl":"https:\/\/pharmaspa.ca\/wp-content\/uploads\/2024\/09\/Curly-Q-Vanilla-Conditioner-Bar.jpg","width":2020,"height":1515,"caption":"Curly Q Vanilla Conditioner Bar"},{"@type":"BreadcrumbList","@id":"https:\/\/pharmaspa.ca\/fr\/produit\/barre-revitalisante-vanille-boucle\/#breadcrumb","itemListElement":[{"@type":"ListItem","position":1,"name":"Boutique","item":"https:\/\/pharmaspa.ca\/shop\/"},{"@type":"ListItem","position":2,"name":"Barre revitalisante vanille boucl\u00e9"}]},{"@type":"WebSite","@id":"https:\/\/pharmaspa.ca\/#website","url":"https:\/\/pharmaspa.ca\/","name":"Pharmaspa","description":"Parfums de spa et plus","potentialAction":[{"@type":"SearchAction","target":{"@type":"EntryPoint","urlTemplate":"https:\/\/pharmaspa.ca\/?s={search_term_string}"},"query-input":{"@type":"PropertyValueSpecification","valueRequired":true,"valueName":"search_term_string"}}],"inLanguage":"fr-CA"}]}},"_links":{"self":[{"href":"https:\/\/pharmaspa.ca\/fr\/wp-json\/wp\/v2\/product\/11306","targetHints":{"allow":["GET"]}}],"collection":[{"href":"https:\/\/pharmaspa.ca\/fr\/wp-json\/wp\/v2\/product"}],"about":[{"href":"https:\/\/pharmaspa.ca\/fr\/wp-json\/wp\/v2\/types\/product"}],"replies":[{"embeddable":true,"href":"https:\/\/pharmaspa.ca\/fr\/wp-json\/wp\/v2\/comments?post=11306"}],"wp:featuredmedia":[{"embeddable":true,"href":"https:\/\/pharmaspa.ca\/fr\/wp-json\/wp\/v2\/media\/11242"}],"wp:attachment":[{"href":"https:\/\/pharmaspa.ca\/fr\/wp-json\/wp\/v2\/media?parent=11306"}],"wp:term":[{"taxonomy":"product_brand","embeddable":true,"href":"https:\/\/pharmaspa.ca\/fr\/wp-json\/wp\/v2\/product_brand?post=11306"},{"taxonomy":"product_cat","embeddable":true,"href":"https:\/\/pharmaspa.ca\/fr\/wp-json\/wp\/v2\/product_cat?post=11306"},{"taxonomy":"product_tag","embeddable":true,"href":"https:\/\/pharmaspa.ca\/fr\/wp-json\/wp\/v2\/product_tag?post=11306"}],"curies":[{"name":"wp","href":"https:\/\/api.w.org\/{rel}","templated":true}]}}