{"id":11308,"date":"2024-09-24T13:24:52","date_gmt":"2024-09-24T17:24:52","guid":{"rendered":"https:\/\/pharmaspa.ca\/?post_type=product&#038;p=11308"},"modified":"2025-08-30T12:06:57","modified_gmt":"2025-08-30T16:06:57","slug":"barre-revitalisante-bois-sauvages","status":"publish","type":"product","link":"https:\/\/pharmaspa.ca\/fr\/produit\/barre-revitalisante-bois-sauvages\/","title":{"rendered":"Barre revitalisante bois sauvages"},"content":{"rendered":"<h2>D\u00e9couvrez le parfum riche et bois\u00e9 et le pouvoir nourrissant de la barre revitalisante bois sauvages, con\u00e7ue pour les cheveux normaux.<\/h2>\n<p>Enrichi en beurre de cacao hydratant, cet apr\u00e8s-shampooing polyvalent adoucit et hydrate vos cheveux et votre barbe, les laissant lisses, faciles \u00e0 coiffer et rafra\u00eechis.<\/p>\n<p>Fabriqu\u00e9 avec 97,8 % d\u2019ingr\u00e9dients d\u2019origine naturelle, ce revitalisant en barre est non seulement nourrissant pour vos cheveux, mais aussi \u00e9cologique, rempla\u00e7ant deux bouteilles en plastique par sa taille adapt\u00e9e aux voyages. Sa formule au pH \u00e9quilibr\u00e9 garantit que vos cheveux restent sains et hydrat\u00e9s. <\/p>\n<h3>Avantages de la barre revitalisante bois sauvages<\/h3>\n<ul>\n<li><span data-sheets-root=\"1\">Restaure et fortifie les cheveux<\/span><\/li>\n<li><span data-sheets-root=\"1\">Am\u00e9liore l\u2019\u00e9clat et la souplesse<\/span><\/li>\n<li><span data-sheets-root=\"1\">Procure une hydratation en profondeur<\/span><\/li>\n<li><span data-sheets-root=\"1\">Restaure et rajeunit la sant\u00e9 des cheveux<\/span><\/li>\n<\/ul>\n<h3>Fonctionnalit\u00e9s:<\/h3>\n<ul>\n<li>Barre revitalisante concentr\u00e9e = (2 bouteilles en plastique) 70+ utilisations<\/li>\n<li>pH \u00e9quilibr\u00e9<\/li>\n<li>Format id\u00e9al pour les voyages<\/li>\n<\/ul>\n<p>Veuillez noter : En raison de la nature artisanale de notre production en petits lots, les couleurs peuvent varier.<\/p>\n<p><strong>Poids<\/strong> : 50 grammes<\/p>\n<p><strong>Ingr\u00e9dients<\/strong> :<span data-sheets-root=\"1\"> m\u00e9thosulfate de b\u00e9hentrimonium, alcool c\u00e9tylique*, chlorure de centrimonium, prot\u00e9ine de riz hydrolys\u00e9e*, huile d\u2019abies balsamea (sapin)*, huile d\u2019eucalyptus globulus*, huile de pinus sylvestris (pin)*, beurre de graines de theobroma cacao (cacao) *fabriqu\u00e9 \u00e0 partir d\u2019ingr\u00e9dients biologiques\/ fait \u00e0 partir d\u2019ingr\u00e9dients biologiques <\/span> <\/p>\n","protected":false},"excerpt":{"rendered":"<p>Gardez vos cheveux et votre barbe doux, lisses et nourris avec la barre d\u2019apr\u00e8s-shampooing Wildwoods, parfaite pour le toilettage quotidien et les soins en d\u00e9placement.<\/p>\n<p>&nbsp;<\/p>\n<h3><span data-sheets-root=\"1\">Pour les cheveux normaux<\/span><\/h3>\n","protected":false},"featured_media":11244,"comment_status":"closed","ping_status":"closed","template":"","meta":{"_et_pb_use_builder":"","_et_pb_old_content":"","_et_gb_content_width":""},"product_brand":[],"product_cat":[404,445],"product_tag":[],"class_list":{"0":"post-11308","1":"product","2":"type-product","3":"status-publish","4":"has-post-thumbnail","6":"product_cat-balneo","7":"product_cat-soins-capillaire-en-barre","9":"first","10":"outofstock","11":"taxable","12":"shipping-taxable","13":"purchasable","14":"product-type-simple"},"yoast_head":"<!-- This site is optimized with the Yoast SEO plugin v27.4 - https:\/\/yoast.com\/product\/yoast-seo-wordpress\/ -->\n<title>Barre revitalisante bois sauvages - Pharmaspa<\/title>\n<meta name=\"description\" content=\"D\u00e9couvrez le parfum riche et bois\u00e9 et le pouvoir nourrissant de la barre revitalisante bois sauvages, con\u00e7ue pour les cheveux normaux. Enrichi au beurre de cacao.\" \/>\n<meta name=\"robots\" content=\"index, follow, max-snippet:-1, max-image-preview:large, max-video-preview:-1\" \/>\n<link rel=\"canonical\" href=\"https:\/\/pharmaspa.ca\/fr\/produit\/barre-revitalisante-bois-sauvages\/\" \/>\n<meta property=\"og:locale\" content=\"fr_CA\" \/>\n<meta property=\"og:type\" content=\"article\" \/>\n<meta property=\"og:title\" content=\"Barre revitalisante bois sauvages - Pharmaspa\" \/>\n<meta property=\"og:description\" content=\"D\u00e9couvrez le parfum riche et bois\u00e9 et le pouvoir nourrissant de la barre revitalisante bois sauvages, con\u00e7ue pour les cheveux normaux. Enrichi au beurre de cacao.\" \/>\n<meta property=\"og:url\" content=\"https:\/\/pharmaspa.ca\/fr\/produit\/barre-revitalisante-bois-sauvages\/\" \/>\n<meta property=\"og:site_name\" content=\"Pharmaspa\" \/>\n<meta property=\"article:modified_time\" content=\"2025-08-30T16:06:57+00:00\" \/>\n<meta property=\"og:image\" content=\"https:\/\/pharmaspa.ca\/wp-content\/uploads\/2024\/09\/Wildwoods-conditioner-Bar.jpg\" \/>\n\t<meta property=\"og:image:width\" content=\"2046\" \/>\n\t<meta property=\"og:image:height\" content=\"1534\" \/>\n\t<meta property=\"og:image:type\" content=\"image\/jpeg\" \/>\n<meta name=\"twitter:card\" content=\"summary_large_image\" \/>\n<meta name=\"twitter:label1\" content=\"Estimation du temps de lecture\" \/>\n\t<meta name=\"twitter:data1\" content=\"2 minutes\" \/>\n<!-- \/ Yoast SEO plugin. -->","yoast_head_json":{"title":"Barre revitalisante bois sauvages - Pharmaspa","description":"D\u00e9couvrez le parfum riche et bois\u00e9 et le pouvoir nourrissant de la barre revitalisante bois sauvages, con\u00e7ue pour les cheveux normaux. Enrichi au beurre de cacao.","robots":{"index":"index","follow":"follow","max-snippet":"max-snippet:-1","max-image-preview":"max-image-preview:large","max-video-preview":"max-video-preview:-1"},"canonical":"https:\/\/pharmaspa.ca\/fr\/produit\/barre-revitalisante-bois-sauvages\/","og_locale":"fr_CA","og_type":"article","og_title":"Barre revitalisante bois sauvages - Pharmaspa","og_description":"D\u00e9couvrez le parfum riche et bois\u00e9 et le pouvoir nourrissant de la barre revitalisante bois sauvages, con\u00e7ue pour les cheveux normaux. Enrichi au beurre de cacao.","og_url":"https:\/\/pharmaspa.ca\/fr\/produit\/barre-revitalisante-bois-sauvages\/","og_site_name":"Pharmaspa","article_modified_time":"2025-08-30T16:06:57+00:00","og_image":[{"width":2046,"height":1534,"url":"https:\/\/pharmaspa.ca\/wp-content\/uploads\/2024\/09\/Wildwoods-conditioner-Bar.jpg","type":"image\/jpeg"}],"twitter_card":"summary_large_image","twitter_misc":{"Estimation du temps de lecture":"2 minutes"},"schema":{"@context":"https:\/\/schema.org","@graph":[{"@type":"WebPage","@id":"https:\/\/pharmaspa.ca\/fr\/produit\/barre-revitalisante-bois-sauvages\/","url":"https:\/\/pharmaspa.ca\/fr\/produit\/barre-revitalisante-bois-sauvages\/","name":"Barre revitalisante bois sauvages - Pharmaspa","isPartOf":{"@id":"https:\/\/pharmaspa.ca\/#website"},"primaryImageOfPage":{"@id":"https:\/\/pharmaspa.ca\/fr\/produit\/barre-revitalisante-bois-sauvages\/#primaryimage"},"image":{"@id":"https:\/\/pharmaspa.ca\/fr\/produit\/barre-revitalisante-bois-sauvages\/#primaryimage"},"thumbnailUrl":"https:\/\/pharmaspa.ca\/wp-content\/uploads\/2024\/09\/Wildwoods-conditioner-Bar.jpg","datePublished":"2024-09-24T17:24:52+00:00","dateModified":"2025-08-30T16:06:57+00:00","description":"D\u00e9couvrez le parfum riche et bois\u00e9 et le pouvoir nourrissant de la barre revitalisante bois sauvages, con\u00e7ue pour les cheveux normaux. Enrichi au beurre de cacao.","breadcrumb":{"@id":"https:\/\/pharmaspa.ca\/fr\/produit\/barre-revitalisante-bois-sauvages\/#breadcrumb"},"inLanguage":"fr-CA","potentialAction":[{"@type":"ReadAction","target":["https:\/\/pharmaspa.ca\/fr\/produit\/barre-revitalisante-bois-sauvages\/"]}]},{"@type":"ImageObject","inLanguage":"fr-CA","@id":"https:\/\/pharmaspa.ca\/fr\/produit\/barre-revitalisante-bois-sauvages\/#primaryimage","url":"https:\/\/pharmaspa.ca\/wp-content\/uploads\/2024\/09\/Wildwoods-conditioner-Bar.jpg","contentUrl":"https:\/\/pharmaspa.ca\/wp-content\/uploads\/2024\/09\/Wildwoods-conditioner-Bar.jpg","width":2046,"height":1534,"caption":"Wildwoods conditioner Bar"},{"@type":"BreadcrumbList","@id":"https:\/\/pharmaspa.ca\/fr\/produit\/barre-revitalisante-bois-sauvages\/#breadcrumb","itemListElement":[{"@type":"ListItem","position":1,"name":"Boutique","item":"https:\/\/pharmaspa.ca\/shop\/"},{"@type":"ListItem","position":2,"name":"Barre revitalisante bois sauvages"}]},{"@type":"WebSite","@id":"https:\/\/pharmaspa.ca\/#website","url":"https:\/\/pharmaspa.ca\/","name":"Pharmaspa","description":"Parfums de spa et plus","potentialAction":[{"@type":"SearchAction","target":{"@type":"EntryPoint","urlTemplate":"https:\/\/pharmaspa.ca\/?s={search_term_string}"},"query-input":{"@type":"PropertyValueSpecification","valueRequired":true,"valueName":"search_term_string"}}],"inLanguage":"fr-CA"}]}},"_links":{"self":[{"href":"https:\/\/pharmaspa.ca\/fr\/wp-json\/wp\/v2\/product\/11308","targetHints":{"allow":["GET"]}}],"collection":[{"href":"https:\/\/pharmaspa.ca\/fr\/wp-json\/wp\/v2\/product"}],"about":[{"href":"https:\/\/pharmaspa.ca\/fr\/wp-json\/wp\/v2\/types\/product"}],"replies":[{"embeddable":true,"href":"https:\/\/pharmaspa.ca\/fr\/wp-json\/wp\/v2\/comments?post=11308"}],"wp:featuredmedia":[{"embeddable":true,"href":"https:\/\/pharmaspa.ca\/fr\/wp-json\/wp\/v2\/media\/11244"}],"wp:attachment":[{"href":"https:\/\/pharmaspa.ca\/fr\/wp-json\/wp\/v2\/media?parent=11308"}],"wp:term":[{"taxonomy":"product_brand","embeddable":true,"href":"https:\/\/pharmaspa.ca\/fr\/wp-json\/wp\/v2\/product_brand?post=11308"},{"taxonomy":"product_cat","embeddable":true,"href":"https:\/\/pharmaspa.ca\/fr\/wp-json\/wp\/v2\/product_cat?post=11308"},{"taxonomy":"product_tag","embeddable":true,"href":"https:\/\/pharmaspa.ca\/fr\/wp-json\/wp\/v2\/product_tag?post=11308"}],"curies":[{"name":"wp","href":"https:\/\/api.w.org\/{rel}","templated":true}]}}