{"id":11315,"date":"2024-09-17T17:23:37","date_gmt":"2024-09-17T21:23:37","guid":{"rendered":"https:\/\/pharmaspa.ca\/product\/shampoing-solide-vanille-boucle\/"},"modified":"2025-09-09T18:23:59","modified_gmt":"2025-09-09T22:23:59","slug":"shampoing-solide-vanille-boucle","status":"publish","type":"product","link":"https:\/\/pharmaspa.ca\/fr\/produit\/shampoing-solide-vanille-boucle\/","title":{"rendered":"Shampoing solide vanille boucl\u00e9"},"content":{"rendered":"<h2>Redonnez vie \u00e0 vos boucles et \u00e0 vos ondulations avec le shampoing solide vanille boucl\u00e9, sp\u00e9cialement formul\u00e9 pour les cheveux boucl\u00e9s et secs.<\/h2>\n<p>L\u2019huile de noix de coco riche p\u00e9n\u00e8tre profond\u00e9ment dans la tige du cheveu, restaurant la douceur et la brillance tout en emp\u00eachant la d\u00e9coloration. Parfaite pour ceux qui cherchent \u00e0 maintenir des cheveux sains et \u00e9clatants, cette barre sans savon est fabriqu\u00e9e avec des ingr\u00e9dients d\u2019origine naturelle et est offerte dans un format pratique et facile \u00e0 transporter. <\/p>\n<p>Enrichi en beurre de karit\u00e9 nourrissant, ce shampoing solide sans savon restaure l\u2019hydratation et am\u00e9liore le rebond naturel et la d\u00e9finition de vos boucles.<\/p>\n<p>Fabriqu\u00e9 avec 98,5 % d\u2019ingr\u00e9dients d\u2019origine naturelle, ce shampoing solide sans savon est non seulement doux pour vos cheveux, mais aussi \u00e9cologique, rempla\u00e7ant deux bouteilles en plastique par sa taille facile \u00e0 transporter. Sa formule au pH \u00e9quilibr\u00e9 garantit que vos cheveux restent sains et hydrat\u00e9s. <\/p>\n<h2>Avantages du shampoing solide vanille boucl\u00e9<\/h2>\n<ul>\n<li><span data-sheets-root=\"1\">Restaure et fortifie les cheveux<\/span><\/li>\n<li><span data-sheets-root=\"1\">Am\u00e9liore l\u2019\u00e9clat et la souplesse<\/span><\/li>\n<li><span data-sheets-root=\"1\">Procure une hydratation en profondeur<\/span><\/li>\n<li><span data-sheets-root=\"1\">Restaure et rajeunit la sant\u00e9 des cheveux<\/span><span data-sheets-root=\"1\"><br \/>\n<\/span><\/li>\n<\/ul>\n<h3>Fonctionnalit\u00e9s:<\/h3>\n<ul>\n<li>Shampoing solide concentr\u00e9 = 2 bouteilles en plastique<\/li>\n<li>Sans savon<\/li>\n<li>pH \u00e9quilibr\u00e9<\/li>\n<li>Format id\u00e9al pour les voyages<\/li>\n<\/ul>\n<p>Veuillez noter : En raison de la nature artisanale de notre production en petits lots, les couleurs peuvent varier.<\/p>\n<p><strong>Poids<\/strong> : 60 grammes<\/p>\n<p><span data-sheets-root=\"1\"><strong>Ingr\u00e9dients<\/strong> :<\/span><span data-sheets-root=\"1\"> cocoyl is\u00e9thionate de sodium, cocamidopropyl b\u00e9ta\u00efne, laurylsulfoac\u00e9tate de sodium, huile de vanille planifolia*, alcool c\u00e9tylique*, amidon\/amidon, m\u00e9thosulfate de behentrimonium, chlorure de centromonium, butyrospermum parkii (beurre de karit\u00e9)*, prot\u00e9ine de riz hydrolys\u00e9e*, beurre de cacao*, fleurs de calendula *made from organic ingredients\/ fait \u00e0 partir d\u2019ingr\u00e9dients biologiques <\/span> <\/p>\n","protected":false},"excerpt":{"rendered":"<p>Apportant l\u2019hydratation et la nutrition dont vos boucles ont besoin, cette barre sans savon est fabriqu\u00e9e avec des ingr\u00e9dients d\u2019origine naturelle, tels que le beurre de karit\u00e9.<\/p>\n<p>&nbsp;<\/p>\n<h3><span data-sheets-root=\"1\">Pour cheveux curyl\u00e9s\/secs<\/span><\/h3>\n","protected":false},"featured_media":11232,"comment_status":"closed","ping_status":"closed","template":"","meta":{"_et_pb_use_builder":"","_et_pb_old_content":"","_et_gb_content_width":""},"product_brand":[],"product_cat":[404,445],"product_tag":[],"class_list":{"0":"post-11315","1":"product","2":"type-product","3":"status-publish","4":"has-post-thumbnail","6":"product_cat-balneo","7":"product_cat-soins-capillaire-en-barre","9":"first","10":"instock","11":"taxable","12":"shipping-taxable","13":"purchasable","14":"product-type-simple"},"yoast_head":"<!-- This site is optimized with the Yoast SEO plugin v27.4 - https:\/\/yoast.com\/product\/yoast-seo-wordpress\/ -->\n<title>Shampoing solide vanille boucl\u00e9 - Pharmaspa<\/title>\n<meta name=\"description\" content=\"Redonnez vie \u00e0 vos boucles et \u00e0 vos ondulations avec le Shampoing Solide \u00e0 la Vanille Curly Q, sp\u00e9cialement formul\u00e9 pour les cheveux boucl\u00e9s et secs. Enrichi au beurre de shae.\" \/>\n<meta name=\"robots\" content=\"index, follow, max-snippet:-1, max-image-preview:large, max-video-preview:-1\" \/>\n<link rel=\"canonical\" href=\"https:\/\/pharmaspa.ca\/fr\/produit\/shampoing-solide-vanille-boucle\/\" \/>\n<meta property=\"og:locale\" content=\"fr_CA\" \/>\n<meta property=\"og:type\" content=\"article\" \/>\n<meta property=\"og:title\" content=\"Shampoing solide vanille boucl\u00e9 - Pharmaspa\" \/>\n<meta property=\"og:description\" content=\"Redonnez vie \u00e0 vos boucles et \u00e0 vos ondulations avec le Shampoing Solide \u00e0 la Vanille Curly Q, sp\u00e9cialement formul\u00e9 pour les cheveux boucl\u00e9s et secs. Enrichi au beurre de shae.\" \/>\n<meta property=\"og:url\" content=\"https:\/\/pharmaspa.ca\/fr\/produit\/shampoing-solide-vanille-boucle\/\" \/>\n<meta property=\"og:site_name\" content=\"Pharmaspa\" \/>\n<meta property=\"article:modified_time\" content=\"2025-09-09T22:23:59+00:00\" \/>\n<meta property=\"og:image\" content=\"https:\/\/pharmaspa.ca\/wp-content\/uploads\/2024\/09\/Curly-Q-Vanilla-Shampoo-Bar.jpg\" \/>\n\t<meta property=\"og:image:width\" content=\"1991\" \/>\n\t<meta property=\"og:image:height\" content=\"1493\" \/>\n\t<meta property=\"og:image:type\" content=\"image\/jpeg\" \/>\n<meta name=\"twitter:card\" content=\"summary_large_image\" \/>\n<meta name=\"twitter:label1\" content=\"Estimation du temps de lecture\" \/>\n\t<meta name=\"twitter:data1\" content=\"1 minute\" \/>\n<!-- \/ Yoast SEO plugin. -->","yoast_head_json":{"title":"Shampoing solide vanille boucl\u00e9 - Pharmaspa","description":"Redonnez vie \u00e0 vos boucles et \u00e0 vos ondulations avec le Shampoing Solide \u00e0 la Vanille Curly Q, sp\u00e9cialement formul\u00e9 pour les cheveux boucl\u00e9s et secs. Enrichi au beurre de shae.","robots":{"index":"index","follow":"follow","max-snippet":"max-snippet:-1","max-image-preview":"max-image-preview:large","max-video-preview":"max-video-preview:-1"},"canonical":"https:\/\/pharmaspa.ca\/fr\/produit\/shampoing-solide-vanille-boucle\/","og_locale":"fr_CA","og_type":"article","og_title":"Shampoing solide vanille boucl\u00e9 - Pharmaspa","og_description":"Redonnez vie \u00e0 vos boucles et \u00e0 vos ondulations avec le Shampoing Solide \u00e0 la Vanille Curly Q, sp\u00e9cialement formul\u00e9 pour les cheveux boucl\u00e9s et secs. Enrichi au beurre de shae.","og_url":"https:\/\/pharmaspa.ca\/fr\/produit\/shampoing-solide-vanille-boucle\/","og_site_name":"Pharmaspa","article_modified_time":"2025-09-09T22:23:59+00:00","og_image":[{"width":1991,"height":1493,"url":"https:\/\/pharmaspa.ca\/wp-content\/uploads\/2024\/09\/Curly-Q-Vanilla-Shampoo-Bar.jpg","type":"image\/jpeg"}],"twitter_card":"summary_large_image","twitter_misc":{"Estimation du temps de lecture":"1 minute"},"schema":{"@context":"https:\/\/schema.org","@graph":[{"@type":"WebPage","@id":"https:\/\/pharmaspa.ca\/fr\/produit\/shampoing-solide-vanille-boucle\/","url":"https:\/\/pharmaspa.ca\/fr\/produit\/shampoing-solide-vanille-boucle\/","name":"Shampoing solide vanille boucl\u00e9 - Pharmaspa","isPartOf":{"@id":"https:\/\/pharmaspa.ca\/#website"},"primaryImageOfPage":{"@id":"https:\/\/pharmaspa.ca\/fr\/produit\/shampoing-solide-vanille-boucle\/#primaryimage"},"image":{"@id":"https:\/\/pharmaspa.ca\/fr\/produit\/shampoing-solide-vanille-boucle\/#primaryimage"},"thumbnailUrl":"https:\/\/pharmaspa.ca\/wp-content\/uploads\/2024\/09\/Curly-Q-Vanilla-Shampoo-Bar.jpg","datePublished":"2024-09-17T21:23:37+00:00","dateModified":"2025-09-09T22:23:59+00:00","description":"Redonnez vie \u00e0 vos boucles et \u00e0 vos ondulations avec le Shampoing Solide \u00e0 la Vanille Curly Q, sp\u00e9cialement formul\u00e9 pour les cheveux boucl\u00e9s et secs. Enrichi au beurre de shae.","breadcrumb":{"@id":"https:\/\/pharmaspa.ca\/fr\/produit\/shampoing-solide-vanille-boucle\/#breadcrumb"},"inLanguage":"fr-CA","potentialAction":[{"@type":"ReadAction","target":["https:\/\/pharmaspa.ca\/fr\/produit\/shampoing-solide-vanille-boucle\/"]}]},{"@type":"ImageObject","inLanguage":"fr-CA","@id":"https:\/\/pharmaspa.ca\/fr\/produit\/shampoing-solide-vanille-boucle\/#primaryimage","url":"https:\/\/pharmaspa.ca\/wp-content\/uploads\/2024\/09\/Curly-Q-Vanilla-Shampoo-Bar.jpg","contentUrl":"https:\/\/pharmaspa.ca\/wp-content\/uploads\/2024\/09\/Curly-Q-Vanilla-Shampoo-Bar.jpg","width":1991,"height":1493,"caption":"Curly Q Vanilla Shampoo Bar"},{"@type":"BreadcrumbList","@id":"https:\/\/pharmaspa.ca\/fr\/produit\/shampoing-solide-vanille-boucle\/#breadcrumb","itemListElement":[{"@type":"ListItem","position":1,"name":"Boutique","item":"https:\/\/pharmaspa.ca\/shop\/"},{"@type":"ListItem","position":2,"name":"Shampoing solide vanille boucl\u00e9"}]},{"@type":"WebSite","@id":"https:\/\/pharmaspa.ca\/#website","url":"https:\/\/pharmaspa.ca\/","name":"Pharmaspa","description":"Parfums de spa et plus","potentialAction":[{"@type":"SearchAction","target":{"@type":"EntryPoint","urlTemplate":"https:\/\/pharmaspa.ca\/?s={search_term_string}"},"query-input":{"@type":"PropertyValueSpecification","valueRequired":true,"valueName":"search_term_string"}}],"inLanguage":"fr-CA"}]}},"_links":{"self":[{"href":"https:\/\/pharmaspa.ca\/fr\/wp-json\/wp\/v2\/product\/11315","targetHints":{"allow":["GET"]}}],"collection":[{"href":"https:\/\/pharmaspa.ca\/fr\/wp-json\/wp\/v2\/product"}],"about":[{"href":"https:\/\/pharmaspa.ca\/fr\/wp-json\/wp\/v2\/types\/product"}],"replies":[{"embeddable":true,"href":"https:\/\/pharmaspa.ca\/fr\/wp-json\/wp\/v2\/comments?post=11315"}],"wp:featuredmedia":[{"embeddable":true,"href":"https:\/\/pharmaspa.ca\/fr\/wp-json\/wp\/v2\/media\/11232"}],"wp:attachment":[{"href":"https:\/\/pharmaspa.ca\/fr\/wp-json\/wp\/v2\/media?parent=11315"}],"wp:term":[{"taxonomy":"product_brand","embeddable":true,"href":"https:\/\/pharmaspa.ca\/fr\/wp-json\/wp\/v2\/product_brand?post=11315"},{"taxonomy":"product_cat","embeddable":true,"href":"https:\/\/pharmaspa.ca\/fr\/wp-json\/wp\/v2\/product_cat?post=11315"},{"taxonomy":"product_tag","embeddable":true,"href":"https:\/\/pharmaspa.ca\/fr\/wp-json\/wp\/v2\/product_tag?post=11315"}],"curies":[{"name":"wp","href":"https:\/\/api.w.org\/{rel}","templated":true}]}}