{"id":11316,"date":"2024-08-19T19:41:18","date_gmt":"2024-08-19T23:41:18","guid":{"rendered":"https:\/\/pharmaspa.ca\/product\/barre-de-shampoing-au-cidre-de-pomme\/"},"modified":"2025-09-03T23:06:50","modified_gmt":"2025-09-04T03:06:50","slug":"barre-de-shampoing-au-cidre-de-pomme","status":"publish","type":"product","link":"https:\/\/pharmaspa.ca\/fr\/produit\/barre-de-shampoing-au-cidre-de-pomme\/","title":{"rendered":"Barre de shampoing au cidre de pomme"},"content":{"rendered":"<h2>Rafra\u00eechissez et rajeunissez vos cheveux avec notre shampoing solide au cidre de pomme.<\/h2>\n<p>Enrichie en huile d\u2019argan marocaine et au pouvoir purifiant du vinaigre de cidre de pomme, cette barre nettoie et d\u00e9toxifie efficacement vos cheveux. Le vinaigre de cidre de pomme aide \u00e0 \u00e9quilibrer votre cuir chevelu et \u00e0 restaurer l\u2019\u00e9clat naturel, tandis que l\u2019huile d\u2019argan fournit des nutriments essentiels et de l\u2019hydratation. <\/p>\n<p>Fabriqu\u00e9 avec 98,5 % d\u2019ingr\u00e9dients d\u2019origine naturelle, ce shampoing solide sans savon est non seulement doux pour vos cheveux, mais aussi \u00e9cologique, rempla\u00e7ant deux bouteilles en plastique par sa taille facile \u00e0 transporter. Sa formule au pH \u00e9quilibr\u00e9 garantit que vos cheveux restent sains et hydrat\u00e9s. <\/p>\n<h3 class=\"product-title fusion-responsive-typography-calculated\" data-fontsize=\"18\" data-lineheight=\"30.78px\">Avantages de la barre de shampoing au cidre de pomme<\/h3>\n<ul>\n<li><span data-sheets-root=\"1\">Restaure et fortifie les cheveux<\/span><\/li>\n<li>Enl\u00e8ve les accumulations et le s\u00e9bum<\/li>\n<li><span data-sheets-root=\"1\">Procure une hydratation en profondeur<\/span><\/li>\n<li><span data-sheets-root=\"1\">Augmente le volume des cheveux<\/span><\/li>\n<li><span data-sheets-root=\"1\">Am\u00e9liore l\u2019\u00e9clat et la souplesse<\/span><\/li>\n<\/ul>\n<h3>Fonctionnalit\u00e9s:<\/h3>\n<ul>\n<li>Shampoing solide concentr\u00e9 = 2 bouteilles en plastique<\/li>\n<li>Sans savon<\/li>\n<li>pH \u00e9quilibr\u00e9<\/li>\n<li>Format id\u00e9al pour les voyages<\/li>\n<\/ul>\n<p>Veuillez noter : En raison de la nature artisanale de notre production en petits lots, les couleurs peuvent varier.<\/p>\n<p><strong>Poids<\/strong> : 60 grammes<\/p>\n<p><span data-sheets-root=\"1\"><strong>Ingr\u00e9dients<\/strong> :<\/span><span data-sheets-root=\"1\"> cocoyl is\u00e9thionate de sodium, cocamidopropyl b\u00e9ta\u00efne, laurylsulfoac\u00e9tate de sodium, alcool c\u00e9tylique*, amidon\/amidon, m\u00e9thosulfate de b\u00e9hentrimonium, chlorure de centromonium, huile d\u2019argania spinosa (argan)*, prot\u00e9ine de riz hydrolys\u00e9e*, vinaigre de cidre de pomme *fabriqu\u00e9 \u00e0 partir d\u2019ingr\u00e9dients biologiques\/ fait \u00e0 partir d\u2019ingr\u00e9dients biologiques <\/span> <\/p>\n","protected":false},"excerpt":{"rendered":"<p>Id\u00e9al pour ceux qui recherchent un nettoyage en profondeur et une d\u00e9toxification, ce shampooing solide favorise des cheveux plus sains et plus \u00e9clatants. Sa taille compacte et facile \u00e0 transporter en fait un choix pratique pour les soins capillaires en d\u00e9placement. <\/p>\n<p>&nbsp;<\/p>\n<h3><span data-sheets-root=\"1\">Pour les cheveux normaux<\/span><\/h3>\n","protected":false},"featured_media":11262,"comment_status":"open","ping_status":"closed","template":"","meta":{"_et_pb_use_builder":"","_et_pb_old_content":"","_et_gb_content_width":""},"product_brand":[],"product_cat":[404,445],"product_tag":[],"class_list":{"0":"post-11316","1":"product","2":"type-product","3":"status-publish","4":"has-post-thumbnail","6":"product_cat-balneo","7":"product_cat-soins-capillaire-en-barre","9":"first","10":"outofstock","11":"taxable","12":"shipping-taxable","13":"purchasable","14":"product-type-simple"},"yoast_head":"<!-- This site is optimized with the Yoast SEO plugin v27.4 - https:\/\/yoast.com\/product\/yoast-seo-wordpress\/ -->\n<title>Barre de shampoing au cidre de pomme - Pharmaspa<\/title>\n<meta name=\"description\" content=\"Id\u00e9al pour ceux qui recherchent un nettoyage en profondeur et une d\u00e9toxification, ce shampoing solide au cidre de pomme favorise des cheveux plus sains et plus \u00e9clatants. Enrichi en huile d\u2019argan marocaine.\" \/>\n<meta name=\"robots\" content=\"index, follow, max-snippet:-1, max-image-preview:large, max-video-preview:-1\" \/>\n<link rel=\"canonical\" href=\"https:\/\/pharmaspa.ca\/fr\/produit\/barre-de-shampoing-au-cidre-de-pomme\/\" \/>\n<meta property=\"og:locale\" content=\"fr_CA\" \/>\n<meta property=\"og:type\" content=\"article\" \/>\n<meta property=\"og:title\" content=\"Barre de shampoing au cidre de pomme - Pharmaspa\" \/>\n<meta property=\"og:description\" content=\"Id\u00e9al pour ceux qui recherchent un nettoyage en profondeur et une d\u00e9toxification, ce shampoing solide au cidre de pomme favorise des cheveux plus sains et plus \u00e9clatants. Enrichi en huile d\u2019argan marocaine.\" \/>\n<meta property=\"og:url\" content=\"https:\/\/pharmaspa.ca\/fr\/produit\/barre-de-shampoing-au-cidre-de-pomme\/\" \/>\n<meta property=\"og:site_name\" content=\"Pharmaspa\" \/>\n<meta property=\"article:modified_time\" content=\"2025-09-04T03:06:50+00:00\" \/>\n<meta property=\"og:image\" content=\"https:\/\/pharmaspa.ca\/wp-content\/uploads\/2024\/09\/Apple-Cider-Shampoo-Bar.jpg\" \/>\n\t<meta property=\"og:image:width\" content=\"2023\" \/>\n\t<meta property=\"og:image:height\" content=\"1517\" \/>\n\t<meta property=\"og:image:type\" content=\"image\/jpeg\" \/>\n<meta name=\"twitter:card\" content=\"summary_large_image\" \/>\n<meta name=\"twitter:label1\" content=\"Estimation du temps de lecture\" \/>\n\t<meta name=\"twitter:data1\" content=\"1 minute\" \/>\n<!-- \/ Yoast SEO plugin. -->","yoast_head_json":{"title":"Barre de shampoing au cidre de pomme - Pharmaspa","description":"Id\u00e9al pour ceux qui recherchent un nettoyage en profondeur et une d\u00e9toxification, ce shampoing solide au cidre de pomme favorise des cheveux plus sains et plus \u00e9clatants. Enrichi en huile d\u2019argan marocaine.","robots":{"index":"index","follow":"follow","max-snippet":"max-snippet:-1","max-image-preview":"max-image-preview:large","max-video-preview":"max-video-preview:-1"},"canonical":"https:\/\/pharmaspa.ca\/fr\/produit\/barre-de-shampoing-au-cidre-de-pomme\/","og_locale":"fr_CA","og_type":"article","og_title":"Barre de shampoing au cidre de pomme - Pharmaspa","og_description":"Id\u00e9al pour ceux qui recherchent un nettoyage en profondeur et une d\u00e9toxification, ce shampoing solide au cidre de pomme favorise des cheveux plus sains et plus \u00e9clatants. Enrichi en huile d\u2019argan marocaine.","og_url":"https:\/\/pharmaspa.ca\/fr\/produit\/barre-de-shampoing-au-cidre-de-pomme\/","og_site_name":"Pharmaspa","article_modified_time":"2025-09-04T03:06:50+00:00","og_image":[{"width":2023,"height":1517,"url":"https:\/\/pharmaspa.ca\/wp-content\/uploads\/2024\/09\/Apple-Cider-Shampoo-Bar.jpg","type":"image\/jpeg"}],"twitter_card":"summary_large_image","twitter_misc":{"Estimation du temps de lecture":"1 minute"},"schema":{"@context":"https:\/\/schema.org","@graph":[{"@type":"WebPage","@id":"https:\/\/pharmaspa.ca\/fr\/produit\/barre-de-shampoing-au-cidre-de-pomme\/","url":"https:\/\/pharmaspa.ca\/fr\/produit\/barre-de-shampoing-au-cidre-de-pomme\/","name":"Barre de shampoing au cidre de pomme - Pharmaspa","isPartOf":{"@id":"https:\/\/pharmaspa.ca\/#website"},"primaryImageOfPage":{"@id":"https:\/\/pharmaspa.ca\/fr\/produit\/barre-de-shampoing-au-cidre-de-pomme\/#primaryimage"},"image":{"@id":"https:\/\/pharmaspa.ca\/fr\/produit\/barre-de-shampoing-au-cidre-de-pomme\/#primaryimage"},"thumbnailUrl":"https:\/\/pharmaspa.ca\/wp-content\/uploads\/2024\/09\/Apple-Cider-Shampoo-Bar.jpg","datePublished":"2024-08-19T23:41:18+00:00","dateModified":"2025-09-04T03:06:50+00:00","description":"Id\u00e9al pour ceux qui recherchent un nettoyage en profondeur et une d\u00e9toxification, ce shampoing solide au cidre de pomme favorise des cheveux plus sains et plus \u00e9clatants. Enrichi en huile d\u2019argan marocaine.","breadcrumb":{"@id":"https:\/\/pharmaspa.ca\/fr\/produit\/barre-de-shampoing-au-cidre-de-pomme\/#breadcrumb"},"inLanguage":"fr-CA","potentialAction":[{"@type":"ReadAction","target":["https:\/\/pharmaspa.ca\/fr\/produit\/barre-de-shampoing-au-cidre-de-pomme\/"]}]},{"@type":"ImageObject","inLanguage":"fr-CA","@id":"https:\/\/pharmaspa.ca\/fr\/produit\/barre-de-shampoing-au-cidre-de-pomme\/#primaryimage","url":"https:\/\/pharmaspa.ca\/wp-content\/uploads\/2024\/09\/Apple-Cider-Shampoo-Bar.jpg","contentUrl":"https:\/\/pharmaspa.ca\/wp-content\/uploads\/2024\/09\/Apple-Cider-Shampoo-Bar.jpg","width":2023,"height":1517,"caption":"Apple Cider Shampoo Bar"},{"@type":"BreadcrumbList","@id":"https:\/\/pharmaspa.ca\/fr\/produit\/barre-de-shampoing-au-cidre-de-pomme\/#breadcrumb","itemListElement":[{"@type":"ListItem","position":1,"name":"Boutique","item":"https:\/\/pharmaspa.ca\/shop\/"},{"@type":"ListItem","position":2,"name":"Barre de shampoing au cidre de pomme"}]},{"@type":"WebSite","@id":"https:\/\/pharmaspa.ca\/#website","url":"https:\/\/pharmaspa.ca\/","name":"Pharmaspa","description":"Parfums de spa et plus","potentialAction":[{"@type":"SearchAction","target":{"@type":"EntryPoint","urlTemplate":"https:\/\/pharmaspa.ca\/?s={search_term_string}"},"query-input":{"@type":"PropertyValueSpecification","valueRequired":true,"valueName":"search_term_string"}}],"inLanguage":"fr-CA"}]}},"_links":{"self":[{"href":"https:\/\/pharmaspa.ca\/fr\/wp-json\/wp\/v2\/product\/11316","targetHints":{"allow":["GET"]}}],"collection":[{"href":"https:\/\/pharmaspa.ca\/fr\/wp-json\/wp\/v2\/product"}],"about":[{"href":"https:\/\/pharmaspa.ca\/fr\/wp-json\/wp\/v2\/types\/product"}],"replies":[{"embeddable":true,"href":"https:\/\/pharmaspa.ca\/fr\/wp-json\/wp\/v2\/comments?post=11316"}],"wp:featuredmedia":[{"embeddable":true,"href":"https:\/\/pharmaspa.ca\/fr\/wp-json\/wp\/v2\/media\/11262"}],"wp:attachment":[{"href":"https:\/\/pharmaspa.ca\/fr\/wp-json\/wp\/v2\/media?parent=11316"}],"wp:term":[{"taxonomy":"product_brand","embeddable":true,"href":"https:\/\/pharmaspa.ca\/fr\/wp-json\/wp\/v2\/product_brand?post=11316"},{"taxonomy":"product_cat","embeddable":true,"href":"https:\/\/pharmaspa.ca\/fr\/wp-json\/wp\/v2\/product_cat?post=11316"},{"taxonomy":"product_tag","embeddable":true,"href":"https:\/\/pharmaspa.ca\/fr\/wp-json\/wp\/v2\/product_tag?post=11316"}],"curies":[{"name":"wp","href":"https:\/\/api.w.org\/{rel}","templated":true}]}}