{"id":11318,"date":"2024-08-20T10:34:53","date_gmt":"2024-08-20T14:34:53","guid":{"rendered":"https:\/\/pharmaspa.ca\/product\/shampoing-solide-noix-de-coco\/"},"modified":"2025-09-09T18:23:59","modified_gmt":"2025-09-09T22:23:59","slug":"shampoing-solide-noix-de-coco","status":"publish","type":"product","link":"https:\/\/pharmaspa.ca\/fr\/produit\/shampoing-solide-noix-de-coco\/","title":{"rendered":"Shampoing solide noix de coco"},"content":{"rendered":"<h2>Offrez \u00e0 vos cheveux une hydratation luxueuse avec notre shampoing solide noix de coco, sp\u00e9cialement con\u00e7u pour les cheveux color\u00e9s et secs.<\/h2>\n<p>L\u2019huile de noix de coco riche p\u00e9n\u00e8tre profond\u00e9ment dans la tige du cheveu, restaurant la douceur et la brillance tout en emp\u00eachant la d\u00e9coloration. Parfaite pour ceux qui cherchent \u00e0 maintenir des cheveux sains et \u00e9clatants, cette barre sans savon est fabriqu\u00e9e avec des ingr\u00e9dients d\u2019origine naturelle et est offerte dans un format pratique et facile \u00e0 transporter. <\/p>\n<p>Enrichi en huile de noix de coco nourrissante, ce shampooing solide fournit un regain d\u2019hydratation suppl\u00e9mentaire, aidant \u00e0 prot\u00e9ger et \u00e0 revitaliser vos cheveux.<\/p>\n<p>Fabriqu\u00e9 avec 98,0 % d\u2019ingr\u00e9dients d\u2019origine naturelle, ce shampoing solide sans savon est non seulement doux pour vos cheveux, mais aussi \u00e9cologique, rempla\u00e7ant deux bouteilles en plastique par sa taille adapt\u00e9e aux voyages. Sa formule au pH \u00e9quilibr\u00e9 garantit que vos cheveux restent sains et hydrat\u00e9s. <\/p>\n<h2>Avantages du shampoing solide \u00e0 la cr\u00e8me de noix de coco<\/h2>\n<ul>\n<li><span data-sheets-root=\"1\">Restaure et fortifie les cheveux<\/span><\/li>\n<li>Sans danger pour les cheveux color\u00e9s<\/li>\n<li><span data-sheets-root=\"1\">Procure une hydratation en profondeur<\/span><\/li>\n<li><span data-sheets-root=\"1\">Augmente le volume, la brillance et la douceur des cheveux<\/span><span data-sheets-root=\"1\"><br \/>\n<\/span><\/li>\n<\/ul>\n<h3>Fonctionnalit\u00e9s:<\/h3>\n<ul>\n<li>Shampoing solide concentr\u00e9 = 2 bouteilles en plastique<\/li>\n<li>Sans savon<\/li>\n<li>pH \u00e9quilibr\u00e9<\/li>\n<li>Format id\u00e9al pour les voyages<\/li>\n<\/ul>\n<p>Veuillez noter : En raison de la nature artisanale de notre production en petits lots, les couleurs peuvent varier.<\/p>\n<p><strong>Poids<\/strong> : 60 grammes<\/p>\n<p><span data-sheets-root=\"1\"><strong>Ingr\u00e9dients<\/strong> : <\/span><span data-sheets-root=\"1\">cocoyl is\u00e9thionate de sodium, cocamidopropyl b\u00e9ta\u00efne, laurylsulfoac\u00e9tate de sodium, alcool c\u00e9tylique*, amidon\/amidon, m\u00e9thosulfate de b\u00e9hentrimonium, chlorure de centromonium, prot\u00e9ine de riz hydrolys\u00e9e*, huile de cocos nucifera (noix de coco)*, prot\u00e9ine de riz hydrolys\u00e9e*, graine de linum usitatissimum (lin) *fabriqu\u00e9 \u00e0 partir d\u2019ingr\u00e9dients biologiques\/ fait \u00e0 partir d\u2019ingr\u00e9dients biologiques <\/span> <\/p>\n","protected":false},"excerpt":{"rendered":"<p>Parfaite pour ceux qui cherchent \u00e0 maintenir des cheveux sains et \u00e9clatants, cette barre sans savon est fabriqu\u00e9e avec des ingr\u00e9dients d\u2019origine naturelle, tels que l\u2019huile de noix de coco.<\/p>\n<p>&nbsp;<\/p>\n<h3><span data-sheets-root=\"1\">Pour cheveux color\u00e9s\/secs<\/span><\/h3>\n","protected":false},"featured_media":11266,"comment_status":"closed","ping_status":"closed","template":"","meta":{"_et_pb_use_builder":"","_et_pb_old_content":"","_et_gb_content_width":""},"product_brand":[],"product_cat":[404,445],"product_tag":[],"class_list":{"0":"post-11318","1":"product","2":"type-product","3":"status-publish","4":"has-post-thumbnail","6":"product_cat-balneo","7":"product_cat-soins-capillaire-en-barre","9":"first","10":"instock","11":"taxable","12":"shipping-taxable","13":"purchasable","14":"product-type-simple"},"yoast_head":"<!-- This site is optimized with the Yoast SEO plugin v27.4 - https:\/\/yoast.com\/product\/yoast-seo-wordpress\/ -->\n<title>Shampoing solide noix de coco - Pharmaspa<\/title>\n<meta name=\"description\" content=\"Offrez \u00e0 vos cheveux une hydratation luxueuse avec notre shampoing solide \u00e0 la cr\u00e8me de noix de coco, sp\u00e9cialement con\u00e7u pour les cheveux color\u00e9s et secs. Enrichi en huile de coco.\" \/>\n<meta name=\"robots\" content=\"index, follow, max-snippet:-1, max-image-preview:large, max-video-preview:-1\" \/>\n<link rel=\"canonical\" href=\"https:\/\/pharmaspa.ca\/fr\/produit\/shampoing-solide-noix-de-coco\/\" \/>\n<meta property=\"og:locale\" content=\"fr_CA\" \/>\n<meta property=\"og:type\" content=\"article\" \/>\n<meta property=\"og:title\" content=\"Shampoing solide noix de coco - Pharmaspa\" \/>\n<meta property=\"og:description\" content=\"Offrez \u00e0 vos cheveux une hydratation luxueuse avec notre shampoing solide \u00e0 la cr\u00e8me de noix de coco, sp\u00e9cialement con\u00e7u pour les cheveux color\u00e9s et secs. Enrichi en huile de coco.\" \/>\n<meta property=\"og:url\" content=\"https:\/\/pharmaspa.ca\/fr\/produit\/shampoing-solide-noix-de-coco\/\" \/>\n<meta property=\"og:site_name\" content=\"Pharmaspa\" \/>\n<meta property=\"article:modified_time\" content=\"2025-09-09T22:23:59+00:00\" \/>\n<meta property=\"og:image\" content=\"https:\/\/pharmaspa.ca\/wp-content\/uploads\/2024\/09\/Coconut-Cream-Shampoo-Bar.jpg\" \/>\n\t<meta property=\"og:image:width\" content=\"1987\" \/>\n\t<meta property=\"og:image:height\" content=\"1490\" \/>\n\t<meta property=\"og:image:type\" content=\"image\/jpeg\" \/>\n<meta name=\"twitter:card\" content=\"summary_large_image\" \/>\n<meta name=\"twitter:label1\" content=\"Estimation du temps de lecture\" \/>\n\t<meta name=\"twitter:data1\" content=\"2 minutes\" \/>\n<!-- \/ Yoast SEO plugin. -->","yoast_head_json":{"title":"Shampoing solide noix de coco - Pharmaspa","description":"Offrez \u00e0 vos cheveux une hydratation luxueuse avec notre shampoing solide \u00e0 la cr\u00e8me de noix de coco, sp\u00e9cialement con\u00e7u pour les cheveux color\u00e9s et secs. Enrichi en huile de coco.","robots":{"index":"index","follow":"follow","max-snippet":"max-snippet:-1","max-image-preview":"max-image-preview:large","max-video-preview":"max-video-preview:-1"},"canonical":"https:\/\/pharmaspa.ca\/fr\/produit\/shampoing-solide-noix-de-coco\/","og_locale":"fr_CA","og_type":"article","og_title":"Shampoing solide noix de coco - Pharmaspa","og_description":"Offrez \u00e0 vos cheveux une hydratation luxueuse avec notre shampoing solide \u00e0 la cr\u00e8me de noix de coco, sp\u00e9cialement con\u00e7u pour les cheveux color\u00e9s et secs. Enrichi en huile de coco.","og_url":"https:\/\/pharmaspa.ca\/fr\/produit\/shampoing-solide-noix-de-coco\/","og_site_name":"Pharmaspa","article_modified_time":"2025-09-09T22:23:59+00:00","og_image":[{"width":1987,"height":1490,"url":"https:\/\/pharmaspa.ca\/wp-content\/uploads\/2024\/09\/Coconut-Cream-Shampoo-Bar.jpg","type":"image\/jpeg"}],"twitter_card":"summary_large_image","twitter_misc":{"Estimation du temps de lecture":"2 minutes"},"schema":{"@context":"https:\/\/schema.org","@graph":[{"@type":"WebPage","@id":"https:\/\/pharmaspa.ca\/fr\/produit\/shampoing-solide-noix-de-coco\/","url":"https:\/\/pharmaspa.ca\/fr\/produit\/shampoing-solide-noix-de-coco\/","name":"Shampoing solide noix de coco - Pharmaspa","isPartOf":{"@id":"https:\/\/pharmaspa.ca\/#website"},"primaryImageOfPage":{"@id":"https:\/\/pharmaspa.ca\/fr\/produit\/shampoing-solide-noix-de-coco\/#primaryimage"},"image":{"@id":"https:\/\/pharmaspa.ca\/fr\/produit\/shampoing-solide-noix-de-coco\/#primaryimage"},"thumbnailUrl":"https:\/\/pharmaspa.ca\/wp-content\/uploads\/2024\/09\/Coconut-Cream-Shampoo-Bar.jpg","datePublished":"2024-08-20T14:34:53+00:00","dateModified":"2025-09-09T22:23:59+00:00","description":"Offrez \u00e0 vos cheveux une hydratation luxueuse avec notre shampoing solide \u00e0 la cr\u00e8me de noix de coco, sp\u00e9cialement con\u00e7u pour les cheveux color\u00e9s et secs. Enrichi en huile de coco.","breadcrumb":{"@id":"https:\/\/pharmaspa.ca\/fr\/produit\/shampoing-solide-noix-de-coco\/#breadcrumb"},"inLanguage":"fr-CA","potentialAction":[{"@type":"ReadAction","target":["https:\/\/pharmaspa.ca\/fr\/produit\/shampoing-solide-noix-de-coco\/"]}]},{"@type":"ImageObject","inLanguage":"fr-CA","@id":"https:\/\/pharmaspa.ca\/fr\/produit\/shampoing-solide-noix-de-coco\/#primaryimage","url":"https:\/\/pharmaspa.ca\/wp-content\/uploads\/2024\/09\/Coconut-Cream-Shampoo-Bar.jpg","contentUrl":"https:\/\/pharmaspa.ca\/wp-content\/uploads\/2024\/09\/Coconut-Cream-Shampoo-Bar.jpg","width":1987,"height":1490,"caption":"Coconut Cream Shampoo Bar"},{"@type":"BreadcrumbList","@id":"https:\/\/pharmaspa.ca\/fr\/produit\/shampoing-solide-noix-de-coco\/#breadcrumb","itemListElement":[{"@type":"ListItem","position":1,"name":"Boutique","item":"https:\/\/pharmaspa.ca\/shop\/"},{"@type":"ListItem","position":2,"name":"Shampoing solide noix de coco"}]},{"@type":"WebSite","@id":"https:\/\/pharmaspa.ca\/#website","url":"https:\/\/pharmaspa.ca\/","name":"Pharmaspa","description":"Parfums de spa et plus","potentialAction":[{"@type":"SearchAction","target":{"@type":"EntryPoint","urlTemplate":"https:\/\/pharmaspa.ca\/?s={search_term_string}"},"query-input":{"@type":"PropertyValueSpecification","valueRequired":true,"valueName":"search_term_string"}}],"inLanguage":"fr-CA"}]}},"_links":{"self":[{"href":"https:\/\/pharmaspa.ca\/fr\/wp-json\/wp\/v2\/product\/11318","targetHints":{"allow":["GET"]}}],"collection":[{"href":"https:\/\/pharmaspa.ca\/fr\/wp-json\/wp\/v2\/product"}],"about":[{"href":"https:\/\/pharmaspa.ca\/fr\/wp-json\/wp\/v2\/types\/product"}],"replies":[{"embeddable":true,"href":"https:\/\/pharmaspa.ca\/fr\/wp-json\/wp\/v2\/comments?post=11318"}],"wp:featuredmedia":[{"embeddable":true,"href":"https:\/\/pharmaspa.ca\/fr\/wp-json\/wp\/v2\/media\/11266"}],"wp:attachment":[{"href":"https:\/\/pharmaspa.ca\/fr\/wp-json\/wp\/v2\/media?parent=11318"}],"wp:term":[{"taxonomy":"product_brand","embeddable":true,"href":"https:\/\/pharmaspa.ca\/fr\/wp-json\/wp\/v2\/product_brand?post=11318"},{"taxonomy":"product_cat","embeddable":true,"href":"https:\/\/pharmaspa.ca\/fr\/wp-json\/wp\/v2\/product_cat?post=11318"},{"taxonomy":"product_tag","embeddable":true,"href":"https:\/\/pharmaspa.ca\/fr\/wp-json\/wp\/v2\/product_tag?post=11318"}],"curies":[{"name":"wp","href":"https:\/\/api.w.org\/{rel}","templated":true}]}}