{"id":11324,"date":"2024-09-24T17:16:57","date_gmt":"2024-09-24T21:16:57","guid":{"rendered":"https:\/\/pharmaspa.ca\/?post_type=product&#038;p=11324"},"modified":"2025-09-09T18:22:20","modified_gmt":"2025-09-09T22:22:20","slug":"barre-de-savon-theier-et-menthe","status":"publish","type":"product","link":"https:\/\/pharmaspa.ca\/fr\/produit\/barre-de-savon-theier-et-menthe\/","title":{"rendered":"Barre de savon th\u00e9ier et menthe"},"content":{"rendered":"<h2>Transformez votre routine de soins de la peau avec notre barre de savon th\u00e9ier et menthe, id\u00e9al pour exfolier le corps, les aisselles et les pieds.<\/h2>\n<p>Cette formule puissante combine de la pierre ponce canadienne, de l\u2019huile d\u2019arbre \u00e0 th\u00e9 d\u00e9sodorisante et de l\u2019huile de menthe rafra\u00eechissante pour exfolier efficacement les callosit\u00e9s durcies et la peau rugueuse, r\u00e9v\u00e9lant une surface plus lisse et plus saine.<br \/>\nInfus\u00e9 d\u2019huile de jojoba hydratante et de beurre de karit\u00e9 riche, ce savon nourrit et rajeunit votre peau, la laissant douce et revitalis\u00e9e.<br \/>\nPour des r\u00e9sultats optimaux, utiliser apr\u00e8s un bon trempage dans l\u2019eau pour renforcer les bienfaits exfoliants.<br \/>\nNe convient pas aux peaux sensibles.<br \/>\nFabriqu\u00e9 \u00e0 la main avec 98,7 % d\u2019ingr\u00e9dients d\u2019origine naturelle.<\/p>\n<h3>Principaux avantages de la barre de savon th\u00e9ier et menthe<\/h3>\n<ul>\n<li><strong>Exfoliation en profondeur<\/strong> \u2013 La pierre ponce canadienne \u00e9limine efficacement la peau rugueuse et les callosit\u00e9s.<\/li>\n<li><strong>Action d\u00e9sodorisante \u2013 <\/strong>L\u2019huile d\u2019arbre \u00e0 th\u00e9 aide \u00e0 \u00e9liminer les odeurs et rafra\u00eechit les aisselles et les pieds.<\/li>\n<li><strong>Formule hydratante \u2013 L\u2019huile<\/strong> de jojoba et le beurre de karit\u00e9 nourrissent et hydratent, favorisant une peau saine.<\/li>\n<li><strong>Parfum de menthe rafra\u00eechissant<\/strong> &#8211; L\u2019huile de menthe revigorante vous laisse une sensation de fra\u00eecheur et de fra\u00eecheur.<\/li>\n<\/ul>\n<p>Veuillez noter : En raison de la nature artisanale de notre production en petits lots, les couleurs peuvent varier. <strong>Poids<\/strong> : 135 grammes <span data-sheets-root=\"1\"><strong>Ingr\u00e9dients<\/strong> : huile de cocos nucifera (noix de coco)*, huile d\u2019elaeis guineensis (palme)*, huile de graines de brassica napus*, aqua, hydroxyde de sodium, m\u00e9lange d\u2019ar\u00f4mes (m\u00e9lange d\u2019huiles essentielles et d\u2019ar\u00f4mes d\u2019origine naturelle), huile de mentha piperita (menthe poivr\u00e9e)*, huile de feuille d\u2019eucalyptus globulus*, melalecua alternifolia (arbre \u00e0 th\u00e9)*, huile d\u2019\u00e9corce de cinnamomum camphora*, fruit de butyrospermum parkii (beurre de karit\u00e9)*, pierre ponce, huile de graines de simmondsia chinensis (jojoba)*, bleu outremer *made from organic ingredients\/ fait \u00e0 partir d\u2019ingr\u00e9dients biologiques <\/span><\/p>\n","protected":false},"excerpt":{"rendered":"<p>Am\u00e9liorez votre r\u00e9gime de soins de la peau avec le savon exfoliant th\u00e9ier et menthe, parfait pour obtenir une peau douce et lisse sur tout votre corps !<\/p>\n<h3><span data-sheets-root=\"1\">Savon exfoliant pour le corps, les aisselles et les pieds<\/span><\/h3>\n","protected":false},"featured_media":11501,"comment_status":"closed","ping_status":"closed","template":"","meta":{"_et_pb_use_builder":"","_et_pb_old_content":"","_et_gb_content_width":""},"product_brand":[],"product_cat":[404,604,446],"product_tag":[],"class_list":{"0":"post-11324","1":"product","2":"type-product","3":"status-publish","4":"has-post-thumbnail","6":"product_cat-balneo","7":"product_cat-barres-de-savon","8":"product_cat-soin-du-corps","10":"first","11":"instock","12":"taxable","13":"shipping-taxable","14":"purchasable","15":"product-type-simple"},"yoast_head":"<!-- This site is optimized with the Yoast SEO plugin v27.4 - https:\/\/yoast.com\/product\/yoast-seo-wordpress\/ -->\n<title>Barre de savon th\u00e9ier et menthe - Pharmaspa<\/title>\n<meta name=\"description\" content=\"Transformez votre routine de soins de la peau avec notre barre de savon th\u00e9ier et menthe, id\u00e9al pour exfolier le corps, les aisselles et les pieds. Fabriqu\u00e9 avec de la pierre ponce canadienne.\" \/>\n<meta name=\"robots\" content=\"index, follow, max-snippet:-1, max-image-preview:large, max-video-preview:-1\" \/>\n<link rel=\"canonical\" href=\"https:\/\/pharmaspa.ca\/fr\/produit\/barre-de-savon-theier-et-menthe\/\" \/>\n<meta property=\"og:locale\" content=\"fr_CA\" \/>\n<meta property=\"og:type\" content=\"article\" \/>\n<meta property=\"og:title\" content=\"Barre de savon th\u00e9ier et menthe - Pharmaspa\" \/>\n<meta property=\"og:description\" content=\"Transformez votre routine de soins de la peau avec notre barre de savon th\u00e9ier et menthe, id\u00e9al pour exfolier le corps, les aisselles et les pieds. Fabriqu\u00e9 avec de la pierre ponce canadienne.\" \/>\n<meta property=\"og:url\" content=\"https:\/\/pharmaspa.ca\/fr\/produit\/barre-de-savon-theier-et-menthe\/\" \/>\n<meta property=\"og:site_name\" content=\"Pharmaspa\" \/>\n<meta property=\"article:modified_time\" content=\"2025-09-09T22:22:20+00:00\" \/>\n<meta property=\"og:image\" content=\"https:\/\/pharmaspa.ca\/wp-content\/uploads\/2024\/09\/Balneo-Soap-Bar-Tea-Tree-Mint.jpg\" \/>\n\t<meta property=\"og:image:width\" content=\"1888\" \/>\n\t<meta property=\"og:image:height\" content=\"1416\" \/>\n\t<meta property=\"og:image:type\" content=\"image\/jpeg\" \/>\n<meta name=\"twitter:card\" content=\"summary_large_image\" \/>\n<meta name=\"twitter:label1\" content=\"Estimation du temps de lecture\" \/>\n\t<meta name=\"twitter:data1\" content=\"2 minutes\" \/>\n<!-- \/ Yoast SEO plugin. -->","yoast_head_json":{"title":"Barre de savon th\u00e9ier et menthe - Pharmaspa","description":"Transformez votre routine de soins de la peau avec notre barre de savon th\u00e9ier et menthe, id\u00e9al pour exfolier le corps, les aisselles et les pieds. Fabriqu\u00e9 avec de la pierre ponce canadienne.","robots":{"index":"index","follow":"follow","max-snippet":"max-snippet:-1","max-image-preview":"max-image-preview:large","max-video-preview":"max-video-preview:-1"},"canonical":"https:\/\/pharmaspa.ca\/fr\/produit\/barre-de-savon-theier-et-menthe\/","og_locale":"fr_CA","og_type":"article","og_title":"Barre de savon th\u00e9ier et menthe - Pharmaspa","og_description":"Transformez votre routine de soins de la peau avec notre barre de savon th\u00e9ier et menthe, id\u00e9al pour exfolier le corps, les aisselles et les pieds. Fabriqu\u00e9 avec de la pierre ponce canadienne.","og_url":"https:\/\/pharmaspa.ca\/fr\/produit\/barre-de-savon-theier-et-menthe\/","og_site_name":"Pharmaspa","article_modified_time":"2025-09-09T22:22:20+00:00","og_image":[{"width":1888,"height":1416,"url":"https:\/\/pharmaspa.ca\/wp-content\/uploads\/2024\/09\/Balneo-Soap-Bar-Tea-Tree-Mint.jpg","type":"image\/jpeg"}],"twitter_card":"summary_large_image","twitter_misc":{"Estimation du temps de lecture":"2 minutes"},"schema":{"@context":"https:\/\/schema.org","@graph":[{"@type":"WebPage","@id":"https:\/\/pharmaspa.ca\/fr\/produit\/barre-de-savon-theier-et-menthe\/","url":"https:\/\/pharmaspa.ca\/fr\/produit\/barre-de-savon-theier-et-menthe\/","name":"Barre de savon th\u00e9ier et menthe - Pharmaspa","isPartOf":{"@id":"https:\/\/pharmaspa.ca\/#website"},"primaryImageOfPage":{"@id":"https:\/\/pharmaspa.ca\/fr\/produit\/barre-de-savon-theier-et-menthe\/#primaryimage"},"image":{"@id":"https:\/\/pharmaspa.ca\/fr\/produit\/barre-de-savon-theier-et-menthe\/#primaryimage"},"thumbnailUrl":"https:\/\/pharmaspa.ca\/wp-content\/uploads\/2024\/09\/Balneo-Soap-Bar-Tea-Tree-Mint.jpg","datePublished":"2024-09-24T21:16:57+00:00","dateModified":"2025-09-09T22:22:20+00:00","description":"Transformez votre routine de soins de la peau avec notre barre de savon th\u00e9ier et menthe, id\u00e9al pour exfolier le corps, les aisselles et les pieds. Fabriqu\u00e9 avec de la pierre ponce canadienne.","breadcrumb":{"@id":"https:\/\/pharmaspa.ca\/fr\/produit\/barre-de-savon-theier-et-menthe\/#breadcrumb"},"inLanguage":"fr-CA","potentialAction":[{"@type":"ReadAction","target":["https:\/\/pharmaspa.ca\/fr\/produit\/barre-de-savon-theier-et-menthe\/"]}]},{"@type":"ImageObject","inLanguage":"fr-CA","@id":"https:\/\/pharmaspa.ca\/fr\/produit\/barre-de-savon-theier-et-menthe\/#primaryimage","url":"https:\/\/pharmaspa.ca\/wp-content\/uploads\/2024\/09\/Balneo-Soap-Bar-Tea-Tree-Mint.jpg","contentUrl":"https:\/\/pharmaspa.ca\/wp-content\/uploads\/2024\/09\/Balneo-Soap-Bar-Tea-Tree-Mint.jpg","width":1888,"height":1416,"caption":"Balneo Soap Bar Tea Tree Mint"},{"@type":"BreadcrumbList","@id":"https:\/\/pharmaspa.ca\/fr\/produit\/barre-de-savon-theier-et-menthe\/#breadcrumb","itemListElement":[{"@type":"ListItem","position":1,"name":"Boutique","item":"https:\/\/pharmaspa.ca\/shop\/"},{"@type":"ListItem","position":2,"name":"Barre de savon th\u00e9ier et menthe"}]},{"@type":"WebSite","@id":"https:\/\/pharmaspa.ca\/#website","url":"https:\/\/pharmaspa.ca\/","name":"Pharmaspa","description":"Parfums de spa et plus","potentialAction":[{"@type":"SearchAction","target":{"@type":"EntryPoint","urlTemplate":"https:\/\/pharmaspa.ca\/?s={search_term_string}"},"query-input":{"@type":"PropertyValueSpecification","valueRequired":true,"valueName":"search_term_string"}}],"inLanguage":"fr-CA"}]}},"_links":{"self":[{"href":"https:\/\/pharmaspa.ca\/fr\/wp-json\/wp\/v2\/product\/11324","targetHints":{"allow":["GET"]}}],"collection":[{"href":"https:\/\/pharmaspa.ca\/fr\/wp-json\/wp\/v2\/product"}],"about":[{"href":"https:\/\/pharmaspa.ca\/fr\/wp-json\/wp\/v2\/types\/product"}],"replies":[{"embeddable":true,"href":"https:\/\/pharmaspa.ca\/fr\/wp-json\/wp\/v2\/comments?post=11324"}],"wp:featuredmedia":[{"embeddable":true,"href":"https:\/\/pharmaspa.ca\/fr\/wp-json\/wp\/v2\/media\/11501"}],"wp:attachment":[{"href":"https:\/\/pharmaspa.ca\/fr\/wp-json\/wp\/v2\/media?parent=11324"}],"wp:term":[{"taxonomy":"product_brand","embeddable":true,"href":"https:\/\/pharmaspa.ca\/fr\/wp-json\/wp\/v2\/product_brand?post=11324"},{"taxonomy":"product_cat","embeddable":true,"href":"https:\/\/pharmaspa.ca\/fr\/wp-json\/wp\/v2\/product_cat?post=11324"},{"taxonomy":"product_tag","embeddable":true,"href":"https:\/\/pharmaspa.ca\/fr\/wp-json\/wp\/v2\/product_tag?post=11324"}],"curies":[{"name":"wp","href":"https:\/\/api.w.org\/{rel}","templated":true}]}}