{"id":11330,"date":"2024-09-24T18:36:36","date_gmt":"2024-09-24T22:36:36","guid":{"rendered":"https:\/\/pharmaspa.ca\/?post_type=product&#038;p=11330"},"modified":"2025-10-08T15:17:22","modified_gmt":"2025-10-08T19:17:22","slug":"barre-de-savon-amande-et-miel","status":"publish","type":"product","link":"https:\/\/pharmaspa.ca\/fr\/produit\/barre-de-savon-amande-et-miel\/","title":{"rendered":"Barre de savon amande et miel"},"content":{"rendered":"<h2>Faites plaisir \u00e0 votre peau avec la formule riche et nourrissante de notre barre de savon amande et miel.<\/h2>\n<p>Ce savon luxueux combine le pouvoir hydratant de l\u2019huile d\u2019amande, les bienfaits apaisants du miel pur et l\u2019hydratation suppl\u00e9mentaire du beurre de karit\u00e9 pour adoucir et revitaliser votre peau en profondeur.<br \/>\nParfait pour un usage quotidien, il laisse votre peau souple, lisse et rajeunie \u00e0 chaque lavage.<br \/>\nFabriqu\u00e9 \u00e0 la main avec des ingr\u00e9dients 100% d\u2019origine naturelle.<\/p>\n<h3>Principaux bienfaits de la barre de savon amande et miel<\/h3>\n<ul>\n<li><strong>Profond\u00e9ment hydratant<\/strong> &#8211; L\u2019huile d\u2019amande et le beurre de karit\u00e9 procurent une hydratation intense.<\/li>\n<li><strong>Miel nourrissant<\/strong> \u2013 Le miel pur adoucit et lisse la peau, la laissant \u00e9clatante.<\/li>\n<li><strong>Formule adoucissante pour la peau<\/strong> \u2013 Laisse la peau douce, souple et rafra\u00eechie.<\/li>\n<li><strong>Doux et luxueux \u2013 Parfait<\/strong> pour les plaisirs et les soins quotidiens.<\/li>\n<\/ul>\n<p>Veuillez noter : En raison de la nature artisanale de notre production en petits lots, les couleurs peuvent varier. <strong>Poids<\/strong> : 135 grammes <span data-sheets-root=\"1\"><strong>Ingr\u00e9dients<\/strong> : huile de cocos nucifera (noix de coco)*, huile d\u2019elaeis guineensis (palme)*, huile de graines de brassica napus*, aqua, hydroxyde de sodium, m\u00e9lange d\u2019ar\u00f4mes (m\u00e9lange d\u2019huiles essentielles et d\u2019ar\u00f4mes d\u2019origine naturelle), huile de prunus dulcis amara (amande)*, huile d\u2019\u00e9corce de citrus aurantium dulcis (orange)*, huile d\u2019\u00e9corce de citrus medica limonum (citron)*, huile de prunus amygdalus dulcis (huile d\u2019amande)*, butyrospermum parkii (beurre de karit\u00e9)*, miel (Miel) *Fabriqu\u00e9 \u00e0 partir d\u2019ingr\u00e9dients biologiques<\/span><\/p>\n","protected":false},"excerpt":{"rendered":"<p>Offrez \u00e0 votre peau le m\u00e9lange sucr\u00e9 et nourrissant de la barre de savon amande et miel pour une sensation magnifiquement douce et hydrat\u00e9e au quotidien.<\/p>\n<h3>Savon adoucissant pour la peau au miel et aux amandes<\/h3>\n","protected":false},"featured_media":11495,"comment_status":"open","ping_status":"closed","template":"","meta":{"_et_pb_use_builder":"","_et_pb_old_content":"","_et_gb_content_width":""},"product_brand":[],"product_cat":[404,604,446],"product_tag":[],"class_list":{"0":"post-11330","1":"product","2":"type-product","3":"status-publish","4":"has-post-thumbnail","6":"product_cat-balneo","7":"product_cat-barres-de-savon","8":"product_cat-soin-du-corps","10":"first","11":"instock","12":"taxable","13":"shipping-taxable","14":"purchasable","15":"product-type-simple"},"yoast_head":"<!-- This site is optimized with the Yoast SEO plugin v27.4 - https:\/\/yoast.com\/product\/yoast-seo-wordpress\/ -->\n<title>Barre de savon amande et miel - Pharmaspa<\/title>\n<meta name=\"description\" content=\"Faites plaisir \u00e0 votre peau avec la formule riche et nourrissante de notre barrede savon amande et miel. Parfait pour un usage quotidien, il laisse votre peau souple et lisse.\" \/>\n<meta name=\"robots\" content=\"index, follow, max-snippet:-1, max-image-preview:large, max-video-preview:-1\" \/>\n<link rel=\"canonical\" href=\"https:\/\/pharmaspa.ca\/fr\/produit\/barre-de-savon-amande-et-miel\/\" \/>\n<meta property=\"og:locale\" content=\"fr_CA\" \/>\n<meta property=\"og:type\" content=\"article\" \/>\n<meta property=\"og:title\" content=\"Barre de savon amande et miel - Pharmaspa\" \/>\n<meta property=\"og:description\" content=\"Faites plaisir \u00e0 votre peau avec la formule riche et nourrissante de notre barrede savon amande et miel. Parfait pour un usage quotidien, il laisse votre peau souple et lisse.\" \/>\n<meta property=\"og:url\" content=\"https:\/\/pharmaspa.ca\/fr\/produit\/barre-de-savon-amande-et-miel\/\" \/>\n<meta property=\"og:site_name\" content=\"Pharmaspa\" \/>\n<meta property=\"article:modified_time\" content=\"2025-10-08T19:17:22+00:00\" \/>\n<meta property=\"og:image\" content=\"https:\/\/pharmaspa.ca\/wp-content\/uploads\/2024\/09\/Balneo-Soap-Bar-Honey-Almond.jpg\" \/>\n\t<meta property=\"og:image:width\" content=\"1964\" \/>\n\t<meta property=\"og:image:height\" content=\"1473\" \/>\n\t<meta property=\"og:image:type\" content=\"image\/jpeg\" \/>\n<meta name=\"twitter:card\" content=\"summary_large_image\" \/>\n<meta name=\"twitter:label1\" content=\"Estimation du temps de lecture\" \/>\n\t<meta name=\"twitter:data1\" content=\"2 minutes\" \/>\n<!-- \/ Yoast SEO plugin. -->","yoast_head_json":{"title":"Barre de savon amande et miel - Pharmaspa","description":"Faites plaisir \u00e0 votre peau avec la formule riche et nourrissante de notre barrede savon amande et miel. Parfait pour un usage quotidien, il laisse votre peau souple et lisse.","robots":{"index":"index","follow":"follow","max-snippet":"max-snippet:-1","max-image-preview":"max-image-preview:large","max-video-preview":"max-video-preview:-1"},"canonical":"https:\/\/pharmaspa.ca\/fr\/produit\/barre-de-savon-amande-et-miel\/","og_locale":"fr_CA","og_type":"article","og_title":"Barre de savon amande et miel - Pharmaspa","og_description":"Faites plaisir \u00e0 votre peau avec la formule riche et nourrissante de notre barrede savon amande et miel. Parfait pour un usage quotidien, il laisse votre peau souple et lisse.","og_url":"https:\/\/pharmaspa.ca\/fr\/produit\/barre-de-savon-amande-et-miel\/","og_site_name":"Pharmaspa","article_modified_time":"2025-10-08T19:17:22+00:00","og_image":[{"width":1964,"height":1473,"url":"https:\/\/pharmaspa.ca\/wp-content\/uploads\/2024\/09\/Balneo-Soap-Bar-Honey-Almond.jpg","type":"image\/jpeg"}],"twitter_card":"summary_large_image","twitter_misc":{"Estimation du temps de lecture":"2 minutes"},"schema":{"@context":"https:\/\/schema.org","@graph":[{"@type":"WebPage","@id":"https:\/\/pharmaspa.ca\/fr\/produit\/barre-de-savon-amande-et-miel\/","url":"https:\/\/pharmaspa.ca\/fr\/produit\/barre-de-savon-amande-et-miel\/","name":"Barre de savon amande et miel - Pharmaspa","isPartOf":{"@id":"https:\/\/pharmaspa.ca\/#website"},"primaryImageOfPage":{"@id":"https:\/\/pharmaspa.ca\/fr\/produit\/barre-de-savon-amande-et-miel\/#primaryimage"},"image":{"@id":"https:\/\/pharmaspa.ca\/fr\/produit\/barre-de-savon-amande-et-miel\/#primaryimage"},"thumbnailUrl":"https:\/\/pharmaspa.ca\/wp-content\/uploads\/2024\/09\/Balneo-Soap-Bar-Honey-Almond.jpg","datePublished":"2024-09-24T22:36:36+00:00","dateModified":"2025-10-08T19:17:22+00:00","description":"Faites plaisir \u00e0 votre peau avec la formule riche et nourrissante de notre barrede savon amande et miel. Parfait pour un usage quotidien, il laisse votre peau souple et lisse.","breadcrumb":{"@id":"https:\/\/pharmaspa.ca\/fr\/produit\/barre-de-savon-amande-et-miel\/#breadcrumb"},"inLanguage":"fr-CA","potentialAction":[{"@type":"ReadAction","target":["https:\/\/pharmaspa.ca\/fr\/produit\/barre-de-savon-amande-et-miel\/"]}]},{"@type":"ImageObject","inLanguage":"fr-CA","@id":"https:\/\/pharmaspa.ca\/fr\/produit\/barre-de-savon-amande-et-miel\/#primaryimage","url":"https:\/\/pharmaspa.ca\/wp-content\/uploads\/2024\/09\/Balneo-Soap-Bar-Honey-Almond.jpg","contentUrl":"https:\/\/pharmaspa.ca\/wp-content\/uploads\/2024\/09\/Balneo-Soap-Bar-Honey-Almond.jpg","width":1964,"height":1473,"caption":"Balneo Soap Bar Honey Almond"},{"@type":"BreadcrumbList","@id":"https:\/\/pharmaspa.ca\/fr\/produit\/barre-de-savon-amande-et-miel\/#breadcrumb","itemListElement":[{"@type":"ListItem","position":1,"name":"Boutique","item":"https:\/\/pharmaspa.ca\/shop\/"},{"@type":"ListItem","position":2,"name":"Barre de savon amande et miel"}]},{"@type":"WebSite","@id":"https:\/\/pharmaspa.ca\/#website","url":"https:\/\/pharmaspa.ca\/","name":"Pharmaspa","description":"Parfums de spa et plus","potentialAction":[{"@type":"SearchAction","target":{"@type":"EntryPoint","urlTemplate":"https:\/\/pharmaspa.ca\/?s={search_term_string}"},"query-input":{"@type":"PropertyValueSpecification","valueRequired":true,"valueName":"search_term_string"}}],"inLanguage":"fr-CA"}]}},"_links":{"self":[{"href":"https:\/\/pharmaspa.ca\/fr\/wp-json\/wp\/v2\/product\/11330","targetHints":{"allow":["GET"]}}],"collection":[{"href":"https:\/\/pharmaspa.ca\/fr\/wp-json\/wp\/v2\/product"}],"about":[{"href":"https:\/\/pharmaspa.ca\/fr\/wp-json\/wp\/v2\/types\/product"}],"replies":[{"embeddable":true,"href":"https:\/\/pharmaspa.ca\/fr\/wp-json\/wp\/v2\/comments?post=11330"}],"wp:featuredmedia":[{"embeddable":true,"href":"https:\/\/pharmaspa.ca\/fr\/wp-json\/wp\/v2\/media\/11495"}],"wp:attachment":[{"href":"https:\/\/pharmaspa.ca\/fr\/wp-json\/wp\/v2\/media?parent=11330"}],"wp:term":[{"taxonomy":"product_brand","embeddable":true,"href":"https:\/\/pharmaspa.ca\/fr\/wp-json\/wp\/v2\/product_brand?post=11330"},{"taxonomy":"product_cat","embeddable":true,"href":"https:\/\/pharmaspa.ca\/fr\/wp-json\/wp\/v2\/product_cat?post=11330"},{"taxonomy":"product_tag","embeddable":true,"href":"https:\/\/pharmaspa.ca\/fr\/wp-json\/wp\/v2\/product_tag?post=11330"}],"curies":[{"name":"wp","href":"https:\/\/api.w.org\/{rel}","templated":true}]}}