{"id":11651,"date":"2024-11-27T10:30:43","date_gmt":"2024-11-27T15:30:43","guid":{"rendered":"https:\/\/pharmaspa.ca\/?post_type=product&#038;p=11651"},"modified":"2025-09-29T23:10:05","modified_gmt":"2025-09-30T03:10:05","slug":"savon-de-castille-liquide-au-theier","status":"publish","type":"product","link":"https:\/\/pharmaspa.ca\/fr\/produit\/savon-de-castille-liquide-au-theier\/","title":{"rendered":"Savon de Castille liquide au th\u00e9ier"},"content":{"rendered":"<h2>Choisissez le savon de Castille liquide au th\u00e9ier pour une exp\u00e9rience de nettoyage en profondeur et de protection naturelle \u00e0 chaque fois que vous l\u2019utilisez.<\/h2>\n<p>D\u00e9couvrez les bienfaits purifiants de notre savon liquide de Castille \u00e0 l\u2019arbre \u00e0 th\u00e9, formul\u00e9 pour fournir un nettoyage en profondeur tout en exploitant les propri\u00e9t\u00e9s d\u2019arr\u00eat de la croissance bact\u00e9rienne de l\u2019huile d\u2019arbre \u00e0 th\u00e9. Il est id\u00e9al pour les soins personnels et le nettoyage de la maison. <\/p>\n<p>Cette solution tout-en-un est parfaite pour un mode de vie respectueux de l\u2019environnement. Notre savon de Castille liquide est biod\u00e9gradable et respectueux de l\u2019environnement. <\/p>\n<h3>Un nettoyant multi-usages<\/h3>\n<ul>\n<li><strong>Nettoyant Corps, Mains &amp; Visage<\/strong> : nettoie tout en nourrissant votre peau avec ses huiles naturelles, la laissant douce et rafra\u00eechie.<\/li>\n<li><strong>Shampooing<\/strong> : Une option s\u00fbre et naturelle pour les cheveux, les gardant propres et hydrat\u00e9s sans enlever les huiles naturelles.<\/li>\n<li><strong>Nettoyant m\u00e9nager<\/strong> : Utilisez-le pour nettoyer les surfaces, les comptoirs, les sols et m\u00eame votre voiture.<\/li>\n<li><strong>Savon \u00e0 vaisselle<\/strong> : Dur pour la graisse, mais doux pour les mains, ce qui facilite le lavage de la vaisselle.<\/li>\n<li><strong>D\u00e9tergent \u00e0 lessive<\/strong> : Une petite quantit\u00e9 suffit pour laisser les v\u00eatements frais, propres et exempts de produits chimiques nocifs.<\/li>\n<li><strong>Lavage des fruits et l\u00e9gumes<\/strong> : Aide \u00e0 \u00e9liminer les r\u00e9sidus de pesticides des fruits et l\u00e9gumes.<\/li>\n<li><strong>Soins aux animaux de compagnie<\/strong> : Sans danger pour vos amis \u00e0 quatre pattes ! Utilisez-le pour baigner vos animaux de compagnie et garder leur pelage doux et propre. <\/li>\n<li><strong>Camping et voyages&nbsp;: Apportez<\/strong> une petite quantit\u00e9 non dilu\u00e9e pour tous vos besoins. Et cela ne nuira pas \u00e0 l\u2019environnement. <\/li>\n<\/ul>\n<h3>Principales caract\u00e9ristiques du savon de Castille liquide<\/h3>\n<ul>\n<li><strong>Doux pour les peaux sensibles<\/strong> &#8211; Sans parfums artificiels, toxines, conservateurs, sulfates, parab\u00e8nes et phtalates.<\/li>\n<li><strong>100&nbsp;% naturel, <\/strong><strong>biod\u00e9gradable et respectueux de l\u2019environnement <\/strong><span data-sheets-root=\"1\"><strong>&#8211;<\/strong><\/span> Sans danger pour vous et pour l\u2019environnement.<\/li>\n<li><strong>Doux pour les syst\u00e8mes de fosse septique<\/strong> : Se d\u00e9compose naturellement et maintient les bonnes bact\u00e9ries fonctionner comme elles le devraient.<\/li>\n<li><strong>Rentable\u2013 <\/strong>Sa formule concentr\u00e9e signifie qu\u2019un peu va un long chemin.<\/li>\n<\/ul>\n<p><span data-sheets-root=\"1\"><strong>Mode d\u2019emploi<\/strong> : Pour une utilisation corporelle, diluez 1 partie de savon pour 3 parties d\u2019eau et conservez-le dans un distributeur \u00e0 pompe. En tant que nettoyant domestique, diluez 1 partie de savon pour 10 parties d\u2019eau et conservez-le dans un flacon pulv\u00e9risateur. Scannez le code QR pour voir plus d\u2019utilisations.    <\/span><\/p>\n<p><span data-sheets-root=\"1\"><strong>Avertissements<\/strong> : Pour usage externe uniquement. \u00c9viter le contact avec les yeux. Cessez l\u2019utilisation si une irritation se d\u00e9veloppe Le distributeur de la pompe peut se boucher.  <\/span><\/p>\n<p>Veuillez noter : En raison de la nature artisanale de notre production en petits lots, les couleurs peuvent varier.<\/p>\n<p><strong>Formats disponibles<\/strong> : 475 ml, 1 L et 4 L<\/p>\n<p><span data-sheets-root=\"1\"><strong>Ingr\u00e9dients<\/strong> : Aqua, Potassium Cocoate**, Brassica Napus Seed Oil*, Simmondsia Chinensis (Jojoba) Seed Oil*, Olea Europaea (Olive) Fruit Oil*, Cannabis Sativa Seed Oil*, Persea Gratissima (Avocado) Oil*, Mentha Piperita (Peppermint) Oil*, Eucalyptus Globulus Leaf Oil*, Melaleuca Alternifolia (Tea Tree) Leaf Oil*, Cinnamomum Camphora (Camphor) Bark Oil*, Glycerin*<\/span><\/p>\n<p>** Huile de coco biologique saponifi\u00e9e<br \/>\n* Ingr\u00e9dients biologiques<\/p>\n<p>D\u00e9couvrez tous les <a href=\"https:\/\/pharmaspa.ca\/fr\/collection\/balneo-fr\/savon-de-castille-liquide\/\">savons de Castille liquide Mountain Sky Soap<\/a>.<\/p>\n","protected":false},"excerpt":{"rendered":"<p>Besoin d\u2019un nettoyage suppl\u00e9mentaire ? Faites l\u2019exp\u00e9rience d\u2019un nettoyage en profondeur puissant et naturel avec notre savon de Castille liquide de th\u00e9ier, enrichi d\u2019huile essentielle de th\u00e9ier. <\/p>\n<p>&nbsp;<\/p>\n<h3><span data-sheets-root=\"1\">Nettoie en profondeur et arr\u00eate la croissance bact\u00e9rienne<\/span><\/h3>\n","protected":false},"featured_media":11907,"comment_status":"open","ping_status":"closed","template":"","meta":{"_et_pb_use_builder":"","_et_pb_old_content":"","_et_gb_content_width":""},"product_brand":[],"product_cat":[404,607,446],"product_tag":[],"class_list":{"0":"post-11651","1":"product","2":"type-product","3":"status-publish","4":"has-post-thumbnail","6":"product_cat-balneo","7":"product_cat-savon-de-castille-liquide","8":"product_cat-soin-du-corps","10":"first","11":"instock","12":"taxable","13":"shipping-taxable","14":"purchasable","15":"product-type-variable","16":"has-default-attributes"},"yoast_head":"<!-- This site is optimized with the Yoast SEO plugin v27.4 - https:\/\/yoast.com\/product\/yoast-seo-wordpress\/ -->\n<title>Savon de Castille liquide au th\u00e9ier - Pharmaspa<\/title>\n<meta name=\"description\" content=\"Besoin d\u2019un nettoyage suppl\u00e9mentaire ? Faites l\u2019exp\u00e9rience d\u2019un nettoyage en profondeur puissant et naturel avec notre savon de Castille liquide de th\u00e9ier, enrichi d\u2019huile essentielle de th\u00e9ier.\" \/>\n<meta name=\"robots\" content=\"index, follow, max-snippet:-1, max-image-preview:large, max-video-preview:-1\" \/>\n<link rel=\"canonical\" href=\"https:\/\/pharmaspa.ca\/fr\/produit\/savon-de-castille-liquide-au-theier\/\" \/>\n<meta property=\"og:locale\" content=\"fr_CA\" \/>\n<meta property=\"og:type\" content=\"article\" \/>\n<meta property=\"og:title\" content=\"Savon de Castille liquide au th\u00e9ier - Pharmaspa\" \/>\n<meta property=\"og:description\" content=\"Besoin d\u2019un nettoyage suppl\u00e9mentaire ? Faites l\u2019exp\u00e9rience d\u2019un nettoyage en profondeur puissant et naturel avec notre savon de Castille liquide de th\u00e9ier, enrichi d\u2019huile essentielle de th\u00e9ier.\" \/>\n<meta property=\"og:url\" content=\"https:\/\/pharmaspa.ca\/fr\/produit\/savon-de-castille-liquide-au-theier\/\" \/>\n<meta property=\"og:site_name\" content=\"Pharmaspa\" \/>\n<meta property=\"article:modified_time\" content=\"2025-09-30T03:10:05+00:00\" \/>\n<meta property=\"og:image\" content=\"https:\/\/pharmaspa.ca\/wp-content\/uploads\/2024\/10\/liquid-castile-soap-in-hand.png\" \/>\n\t<meta property=\"og:image:width\" content=\"1500\" \/>\n\t<meta property=\"og:image:height\" content=\"1000\" \/>\n\t<meta property=\"og:image:type\" content=\"image\/png\" \/>\n<meta name=\"twitter:card\" content=\"summary_large_image\" \/>\n<meta name=\"twitter:label1\" content=\"Estimation du temps de lecture\" \/>\n\t<meta name=\"twitter:data1\" content=\"3 minutes\" \/>\n<!-- \/ Yoast SEO plugin. -->","yoast_head_json":{"title":"Savon de Castille liquide au th\u00e9ier - Pharmaspa","description":"Besoin d\u2019un nettoyage suppl\u00e9mentaire ? Faites l\u2019exp\u00e9rience d\u2019un nettoyage en profondeur puissant et naturel avec notre savon de Castille liquide de th\u00e9ier, enrichi d\u2019huile essentielle de th\u00e9ier.","robots":{"index":"index","follow":"follow","max-snippet":"max-snippet:-1","max-image-preview":"max-image-preview:large","max-video-preview":"max-video-preview:-1"},"canonical":"https:\/\/pharmaspa.ca\/fr\/produit\/savon-de-castille-liquide-au-theier\/","og_locale":"fr_CA","og_type":"article","og_title":"Savon de Castille liquide au th\u00e9ier - Pharmaspa","og_description":"Besoin d\u2019un nettoyage suppl\u00e9mentaire ? Faites l\u2019exp\u00e9rience d\u2019un nettoyage en profondeur puissant et naturel avec notre savon de Castille liquide de th\u00e9ier, enrichi d\u2019huile essentielle de th\u00e9ier.","og_url":"https:\/\/pharmaspa.ca\/fr\/produit\/savon-de-castille-liquide-au-theier\/","og_site_name":"Pharmaspa","article_modified_time":"2025-09-30T03:10:05+00:00","og_image":[{"width":1500,"height":1000,"url":"https:\/\/pharmaspa.ca\/wp-content\/uploads\/2024\/10\/liquid-castile-soap-in-hand.png","type":"image\/png"}],"twitter_card":"summary_large_image","twitter_misc":{"Estimation du temps de lecture":"3 minutes"},"schema":{"@context":"https:\/\/schema.org","@graph":[{"@type":"WebPage","@id":"https:\/\/pharmaspa.ca\/fr\/produit\/savon-de-castille-liquide-au-theier\/","url":"https:\/\/pharmaspa.ca\/fr\/produit\/savon-de-castille-liquide-au-theier\/","name":"Savon de Castille liquide au th\u00e9ier - Pharmaspa","isPartOf":{"@id":"https:\/\/pharmaspa.ca\/#website"},"primaryImageOfPage":{"@id":"https:\/\/pharmaspa.ca\/fr\/produit\/savon-de-castille-liquide-au-theier\/#primaryimage"},"image":{"@id":"https:\/\/pharmaspa.ca\/fr\/produit\/savon-de-castille-liquide-au-theier\/#primaryimage"},"thumbnailUrl":"https:\/\/pharmaspa.ca\/wp-content\/uploads\/2025\/04\/Balneo-05L-Tea-Tree-Liquid-Castile-Soap.jpg","datePublished":"2024-11-27T15:30:43+00:00","dateModified":"2025-09-30T03:10:05+00:00","description":"Besoin d\u2019un nettoyage suppl\u00e9mentaire ? Faites l\u2019exp\u00e9rience d\u2019un nettoyage en profondeur puissant et naturel avec notre savon de Castille liquide de th\u00e9ier, enrichi d\u2019huile essentielle de th\u00e9ier.","breadcrumb":{"@id":"https:\/\/pharmaspa.ca\/fr\/produit\/savon-de-castille-liquide-au-theier\/#breadcrumb"},"inLanguage":"fr-CA","potentialAction":[{"@type":"ReadAction","target":["https:\/\/pharmaspa.ca\/fr\/produit\/savon-de-castille-liquide-au-theier\/"]}]},{"@type":"ImageObject","inLanguage":"fr-CA","@id":"https:\/\/pharmaspa.ca\/fr\/produit\/savon-de-castille-liquide-au-theier\/#primaryimage","url":"https:\/\/pharmaspa.ca\/wp-content\/uploads\/2025\/04\/Balneo-05L-Tea-Tree-Liquid-Castile-Soap.jpg","contentUrl":"https:\/\/pharmaspa.ca\/wp-content\/uploads\/2025\/04\/Balneo-05L-Tea-Tree-Liquid-Castile-Soap.jpg","width":2000,"height":2000,"caption":"Balneo 05L Tea Tree Liquid Castile Soap"},{"@type":"BreadcrumbList","@id":"https:\/\/pharmaspa.ca\/fr\/produit\/savon-de-castille-liquide-au-theier\/#breadcrumb","itemListElement":[{"@type":"ListItem","position":1,"name":"Boutique","item":"https:\/\/pharmaspa.ca\/shop\/"},{"@type":"ListItem","position":2,"name":"Savon de Castille liquide au th\u00e9ier"}]},{"@type":"WebSite","@id":"https:\/\/pharmaspa.ca\/#website","url":"https:\/\/pharmaspa.ca\/","name":"Pharmaspa","description":"Parfums de spa et plus","potentialAction":[{"@type":"SearchAction","target":{"@type":"EntryPoint","urlTemplate":"https:\/\/pharmaspa.ca\/?s={search_term_string}"},"query-input":{"@type":"PropertyValueSpecification","valueRequired":true,"valueName":"search_term_string"}}],"inLanguage":"fr-CA"}]}},"_links":{"self":[{"href":"https:\/\/pharmaspa.ca\/fr\/wp-json\/wp\/v2\/product\/11651","targetHints":{"allow":["GET"]}}],"collection":[{"href":"https:\/\/pharmaspa.ca\/fr\/wp-json\/wp\/v2\/product"}],"about":[{"href":"https:\/\/pharmaspa.ca\/fr\/wp-json\/wp\/v2\/types\/product"}],"replies":[{"embeddable":true,"href":"https:\/\/pharmaspa.ca\/fr\/wp-json\/wp\/v2\/comments?post=11651"}],"wp:featuredmedia":[{"embeddable":true,"href":"https:\/\/pharmaspa.ca\/fr\/wp-json\/wp\/v2\/media\/11907"}],"wp:attachment":[{"href":"https:\/\/pharmaspa.ca\/fr\/wp-json\/wp\/v2\/media?parent=11651"}],"wp:term":[{"taxonomy":"product_brand","embeddable":true,"href":"https:\/\/pharmaspa.ca\/fr\/wp-json\/wp\/v2\/product_brand?post=11651"},{"taxonomy":"product_cat","embeddable":true,"href":"https:\/\/pharmaspa.ca\/fr\/wp-json\/wp\/v2\/product_cat?post=11651"},{"taxonomy":"product_tag","embeddable":true,"href":"https:\/\/pharmaspa.ca\/fr\/wp-json\/wp\/v2\/product_tag?post=11651"}],"curies":[{"name":"wp","href":"https:\/\/api.w.org\/{rel}","templated":true}]}}