{"id":7111,"date":"2021-05-16T21:59:48","date_gmt":"2021-05-20T23:58:07","guid":{"rendered":"https:\/\/pharmaspa.ca\/product\/liquide-original-phytomix\/"},"modified":"2026-02-24T22:05:18","modified_gmt":"2026-02-25T03:05:18","slug":"eau-de-spa-et-bain-original-phytomix","status":"publish","type":"product","link":"https:\/\/pharmaspa.ca\/fr\/produit\/eau-de-spa-et-bain-original-phytomix\/","title":{"rendered":"Eau de spa et bain Original &#8211; PHYTOMIX"},"content":{"rendered":"<h2>Immergez votre corps dans une eau chaude et effectuez de l\u00e9gers mouvements circulaires afin d\u2019optimiser les bienfaits de votre exp\u00e9rience<\/h2>\n<p>Prenez soin et rafra\u00eechir votre corps et votre esprit avec les parfums liquides de PharmaSpa Original.<\/p>\n<p>Ce produit est sp\u00e9cialement con\u00e7u pour les bains \u00e0 remous et les bains \u00e0 jets. Il n\u2019endommagera pas les filtres, les jets ou les tuyaux, ni n\u2019affectera le pH et la chimie de l\u2019eau du bain \u00e0 remous. Vous n\u2019avez pas de spa ou de bain \u00e0 remous? Nos sels d\u2019Epsom fonctionnent tout aussi bien dans votre baignoire ou dans un bain de pieds.<\/p>\n<p>\u2022 Sans colorants artificiels, sans gluten, et sans parab\u00e8nes \u2022 Produit non test\u00e9 sur les animaux<\/p>\n<h3>Mode d&#8217;emploi:<\/h3>\n<ul>\n<li>Spas \/ Bain \u00e0 remous &#8211; verser 3 \u00e0 4 bouchons d&#8217;eau de spa PharmaSpa, pour chaque 500 gallons d\u2019eau, directement dans votre bain \u00e0 remous ou spa \u00e0 jets<\/li>\n<li>Bain \/ Petit bain \u00e0 remous &#8211; verser 1 \u00e0 2 bouchons<\/li>\n<li>Bain de pieds &#8211; verser 1 \u00e0 2 cuill\u00e8re \u00e0 soupes<\/li>\n<\/ul>\n<p>Tenir \u00e0 l\u2019\u00e9cart de la lumi\u00e8re directe et ranger en dessous de 35 \u00b0 C \/ 95 \u00b0 F.<\/p>\n<p>Voir la page <a href=\"https:\/\/pharmaspa.ca\/fr\/a-propos-pharmaspa\/comment-utiliser-nos-produits\/\">Comment utiliser nos produits<\/a> pour des directives d\u00e9taill\u00e9es.<\/p>\n<p>Taille du conteneur: 237ml \/ 8fl.oz<\/p>\n<p><a href=\"https:\/\/pharmaspa.ca\/fr\/collection\/original\/\">Voir tous nos produits dans la ligne Original<\/a>.<\/p>\n<h3>Ingr\u00e9dients:<\/h3>\n<p>Propylene Glycol, Dipropylene Glycol, Parfum\/Fragrance, Aloe Barbadensis Leaf Extract, Pinus Sylvestris Bark Extract, Picea Glauca Leaf Extract, Melaleuca Alternifolia (Tea Tree) Leaf Extract, Tocopheryl Acetate.<\/p>\n<h4>Avertissement<\/h4>\n<p>Conserver hors de la port\u00e9e des enfants et des animaux \u2022 Pour usage topique seulement \u2022 Ne pas ing\u00e9rer \u2022 En cas d\u2019ingestion, communiquer imm\u00e9diatement avec un centre antipoison \u2022 \u00c9viter tout contact avec les yeux \u2022 En cas de contact avec les yeux, rincer abondamment \u00e0 l\u2019eau et consulter un professionnel de la sant\u00e9 si l\u2019irritation persiste \u2022 Nettoyer imm\u00e9diatement tout d\u00e9versement pour pr\u00e9venir les chutes en raison de surfaces glissantes \u2022 Fermer le couvercle et placer en position verticale pour pr\u00e9venir les fuites.<\/p>\n","protected":false},"excerpt":{"rendered":"<h2>PHYTOMIX \u2013 Syst\u00e8me circulatoire<\/h2>\n<h3>Recommand\u00e9 aux personnes qui d\u00e9sire accroitre leur niveaux d\u2019\u00e9nergie et retrouver la forme.<\/h3>\n<p>Les ingr\u00e9dients cl\u00e9s de PHYTOMIX sont :<br \/>\nPin sylvestre &#8211; Aide \u00e0 la fatigue et aux irritations cutan\u00e9es.<br \/>\nTh\u00e9ier &#8211; Aide \u00e0 la toux, les inflammations, aide \u00e0 r\u00e9duire les tissus cicatriciels et les plaies et les piq\u00fbres d&#8217;insectes.<br \/>\n\u00c9pinette blanche &#8211; R\u00e9jouissant, b\u00e9n\u00e9fique pour les maux respiratoires. Soulageles spasmes musculaires. Connu pour r\u00e9duire la douleur etid\u00e9al pour les probl\u00e8mes musculaires et articulaires.<br \/>\nAloe Vera &#8211; Un effet hydratant, cicatrisant et apaisant pr\u00e9cieux.<br \/>\nVitamine E &#8211; Un agent naturel de conditionnement de la peau et antioxydant.<\/p>\n","protected":false},"featured_media":4678,"comment_status":"closed","ping_status":"closed","template":"","meta":{"_et_pb_use_builder":"off","_et_pb_old_content":"Prenez soin et rafra\u00eechir votre corps et votre esprit avec les parfums liquides de PharmaSpa Original.\n\nD\u00e9couvrez nos six parfums liquides.\n\nCe produit Pharmaspa est sp\u00e9cialement con\u00e7u pour les bains \u00e0 remous et les bains \u00e0 jets. Il n\u2019endommagera pas les filtres, les jets et les tuyaux et ne d\u00e9s\u00e9quilibrera pas la chimie de l\u2019eau du bain \u00e0 remous. Vous n\u2019avez pas de spa ou de bain \u00e0 remous? Nos liquides fonctionnent tout aussi bien dans votre baignoire ou dans un bain de pieds.\n\nMode d'emploi:\nSpas \/ Bain \u00e0 remous - verser 3 \u00e0 4 mesure pour environ tous les 500 gallons d\u2019eau\nBains \/ Petit bain \u00e0 remous - verser 1 \u00e0 2 mesures\nBain de pieds - ajouter 1 \u00e0 2 cuill\u00e8res \u00e0 caf\u00e9\nVoir la page <a href=\"https:\/\/www.pharmaspa.ca\/how-to-use-our-products\">Comment utiliser nos produits<\/a> pour des directives d\u00e9taill\u00e9es.\n\nTaille du conteneur: 237ml \/ 8fl.oz\n\n<em>Gardez hors de la port\u00e9e des enfants et des animaux. Pour un usage externe seulement. Non test\u00e9 sur des animaux.<\/em>","_et_gb_content_width":""},"product_brand":[],"product_cat":[411,444,409],"product_tag":[397,583],"class_list":{"0":"post-7111","1":"product","2":"type-product","3":"status-publish","4":"has-post-thumbnail","6":"product_cat-bain-a-remous","7":"product_cat-liquides-original","8":"product_cat-original","9":"product_tag-bain-a-remous","10":"product_tag-vert","12":"first","13":"instock","14":"taxable","15":"shipping-taxable","16":"purchasable","17":"product-type-simple"},"yoast_head":"<!-- This site is optimized with the Yoast SEO plugin v27.4 - https:\/\/yoast.com\/product\/yoast-seo-wordpress\/ -->\n<title>Eau de spa et bain Original - PHYTOMIX - Pharmaspa<\/title>\n<meta name=\"robots\" content=\"index, follow, max-snippet:-1, max-image-preview:large, max-video-preview:-1\" \/>\n<link rel=\"canonical\" href=\"https:\/\/pharmaspa.ca\/fr\/produit\/eau-de-spa-et-bain-original-phytomix\/\" \/>\n<meta property=\"og:locale\" content=\"fr_CA\" \/>\n<meta property=\"og:type\" content=\"article\" \/>\n<meta property=\"og:title\" content=\"Eau de spa et bain Original - PHYTOMIX - Pharmaspa\" \/>\n<meta property=\"og:description\" content=\"PHYTOMIX \u2013 Syst\u00e8me circulatoire Recommand\u00e9 aux personnes qui d\u00e9sire accroitre leur niveaux d\u2019\u00e9nergie et retrouver la forme. Les ingr\u00e9dients cl\u00e9s de PHYTOMIX sont : Pin sylvestre - Aide \u00e0 la fatigue et aux irritations cutan\u00e9es. Th\u00e9ier - Aide \u00e0 la toux, les inflammations, aide \u00e0 r\u00e9duire les tissus cicatriciels et les plaies et les piq\u00fbres d&#039;insectes. \u00c9pinette blanche - R\u00e9jouissant, b\u00e9n\u00e9fique pour les maux respiratoires. Soulageles spasmes musculaires. Connu pour r\u00e9duire la douleur etid\u00e9al pour les probl\u00e8mes musculaires et articulaires. Aloe Vera - Un effet hydratant, cicatrisant et apaisant pr\u00e9cieux. Vitamine E - Un agent naturel de conditionnement de la peau et antioxydant.\" \/>\n<meta property=\"og:url\" content=\"https:\/\/pharmaspa.ca\/fr\/produit\/eau-de-spa-et-bain-original-phytomix\/\" \/>\n<meta property=\"og:site_name\" content=\"Pharmaspa\" \/>\n<meta property=\"article:modified_time\" content=\"2026-02-25T03:05:18+00:00\" \/>\n<meta property=\"og:image\" content=\"https:\/\/pharmaspa.ca\/wp-content\/uploads\/2020\/05\/Phytomix-liquid-PharmaSpa-Original-spa-and-bath.jpg\" \/>\n\t<meta property=\"og:image:width\" content=\"1572\" \/>\n\t<meta property=\"og:image:height\" content=\"1563\" \/>\n\t<meta property=\"og:image:type\" content=\"image\/jpeg\" \/>\n<meta name=\"twitter:card\" content=\"summary_large_image\" \/>\n<meta name=\"twitter:label1\" content=\"Estimation du temps de lecture\" \/>\n\t<meta name=\"twitter:data1\" content=\"2 minutes\" \/>\n<!-- \/ Yoast SEO plugin. -->","yoast_head_json":{"title":"Eau de spa et bain Original - PHYTOMIX - Pharmaspa","robots":{"index":"index","follow":"follow","max-snippet":"max-snippet:-1","max-image-preview":"max-image-preview:large","max-video-preview":"max-video-preview:-1"},"canonical":"https:\/\/pharmaspa.ca\/fr\/produit\/eau-de-spa-et-bain-original-phytomix\/","og_locale":"fr_CA","og_type":"article","og_title":"Eau de spa et bain Original - PHYTOMIX - Pharmaspa","og_description":"PHYTOMIX \u2013 Syst\u00e8me circulatoire Recommand\u00e9 aux personnes qui d\u00e9sire accroitre leur niveaux d\u2019\u00e9nergie et retrouver la forme. Les ingr\u00e9dients cl\u00e9s de PHYTOMIX sont : Pin sylvestre - Aide \u00e0 la fatigue et aux irritations cutan\u00e9es. Th\u00e9ier - Aide \u00e0 la toux, les inflammations, aide \u00e0 r\u00e9duire les tissus cicatriciels et les plaies et les piq\u00fbres d'insectes. \u00c9pinette blanche - R\u00e9jouissant, b\u00e9n\u00e9fique pour les maux respiratoires. Soulageles spasmes musculaires. Connu pour r\u00e9duire la douleur etid\u00e9al pour les probl\u00e8mes musculaires et articulaires. Aloe Vera - Un effet hydratant, cicatrisant et apaisant pr\u00e9cieux. Vitamine E - Un agent naturel de conditionnement de la peau et antioxydant.","og_url":"https:\/\/pharmaspa.ca\/fr\/produit\/eau-de-spa-et-bain-original-phytomix\/","og_site_name":"Pharmaspa","article_modified_time":"2026-02-25T03:05:18+00:00","og_image":[{"width":1572,"height":1563,"url":"https:\/\/pharmaspa.ca\/wp-content\/uploads\/2020\/05\/Phytomix-liquid-PharmaSpa-Original-spa-and-bath.jpg","type":"image\/jpeg"}],"twitter_card":"summary_large_image","twitter_misc":{"Estimation du temps de lecture":"2 minutes"},"schema":{"@context":"https:\/\/schema.org","@graph":[{"@type":"WebPage","@id":"https:\/\/pharmaspa.ca\/fr\/produit\/eau-de-spa-et-bain-original-phytomix\/","url":"https:\/\/pharmaspa.ca\/fr\/produit\/eau-de-spa-et-bain-original-phytomix\/","name":"Eau de spa et bain Original - PHYTOMIX - Pharmaspa","isPartOf":{"@id":"https:\/\/pharmaspa.ca\/#website"},"primaryImageOfPage":{"@id":"https:\/\/pharmaspa.ca\/fr\/produit\/eau-de-spa-et-bain-original-phytomix\/#primaryimage"},"image":{"@id":"https:\/\/pharmaspa.ca\/fr\/produit\/eau-de-spa-et-bain-original-phytomix\/#primaryimage"},"thumbnailUrl":"https:\/\/pharmaspa.ca\/wp-content\/uploads\/2020\/05\/Phytomix-liquid-PharmaSpa-Original-spa-and-bath.jpg","datePublished":"2021-05-20T23:58:07+00:00","dateModified":"2026-02-25T03:05:18+00:00","breadcrumb":{"@id":"https:\/\/pharmaspa.ca\/fr\/produit\/eau-de-spa-et-bain-original-phytomix\/#breadcrumb"},"inLanguage":"fr-CA","potentialAction":[{"@type":"ReadAction","target":["https:\/\/pharmaspa.ca\/fr\/produit\/eau-de-spa-et-bain-original-phytomix\/"]}]},{"@type":"ImageObject","inLanguage":"fr-CA","@id":"https:\/\/pharmaspa.ca\/fr\/produit\/eau-de-spa-et-bain-original-phytomix\/#primaryimage","url":"https:\/\/pharmaspa.ca\/wp-content\/uploads\/2020\/05\/Phytomix-liquid-PharmaSpa-Original-spa-and-bath.jpg","contentUrl":"https:\/\/pharmaspa.ca\/wp-content\/uploads\/2020\/05\/Phytomix-liquid-PharmaSpa-Original-spa-and-bath.jpg","width":1572,"height":1563},{"@type":"BreadcrumbList","@id":"https:\/\/pharmaspa.ca\/fr\/produit\/eau-de-spa-et-bain-original-phytomix\/#breadcrumb","itemListElement":[{"@type":"ListItem","position":1,"name":"Boutique","item":"https:\/\/pharmaspa.ca\/shop\/"},{"@type":"ListItem","position":2,"name":"Eau de spa et bain Original &#8211; PHYTOMIX"}]},{"@type":"WebSite","@id":"https:\/\/pharmaspa.ca\/#website","url":"https:\/\/pharmaspa.ca\/","name":"Pharmaspa","description":"Parfums de spa et plus","potentialAction":[{"@type":"SearchAction","target":{"@type":"EntryPoint","urlTemplate":"https:\/\/pharmaspa.ca\/?s={search_term_string}"},"query-input":{"@type":"PropertyValueSpecification","valueRequired":true,"valueName":"search_term_string"}}],"inLanguage":"fr-CA"}]}},"_links":{"self":[{"href":"https:\/\/pharmaspa.ca\/fr\/wp-json\/wp\/v2\/product\/7111","targetHints":{"allow":["GET"]}}],"collection":[{"href":"https:\/\/pharmaspa.ca\/fr\/wp-json\/wp\/v2\/product"}],"about":[{"href":"https:\/\/pharmaspa.ca\/fr\/wp-json\/wp\/v2\/types\/product"}],"replies":[{"embeddable":true,"href":"https:\/\/pharmaspa.ca\/fr\/wp-json\/wp\/v2\/comments?post=7111"}],"wp:featuredmedia":[{"embeddable":true,"href":"https:\/\/pharmaspa.ca\/fr\/wp-json\/wp\/v2\/media\/4678"}],"wp:attachment":[{"href":"https:\/\/pharmaspa.ca\/fr\/wp-json\/wp\/v2\/media?parent=7111"}],"wp:term":[{"taxonomy":"product_brand","embeddable":true,"href":"https:\/\/pharmaspa.ca\/fr\/wp-json\/wp\/v2\/product_brand?post=7111"},{"taxonomy":"product_cat","embeddable":true,"href":"https:\/\/pharmaspa.ca\/fr\/wp-json\/wp\/v2\/product_cat?post=7111"},{"taxonomy":"product_tag","embeddable":true,"href":"https:\/\/pharmaspa.ca\/fr\/wp-json\/wp\/v2\/product_tag?post=7111"}],"curies":[{"name":"wp","href":"https:\/\/api.w.org\/{rel}","templated":true}]}}