{"id":7978,"date":"2021-06-16T19:19:46","date_gmt":"2021-06-16T23:19:46","guid":{"rendered":"https:\/\/pharmaspa.ca\/?post_type=product&#038;p=7978"},"modified":"2023-05-25T08:26:33","modified_gmt":"2023-05-25T12:26:33","slug":"cristaux-de-spa-et-bain-nature-evasion","status":"publish","type":"product","link":"https:\/\/pharmaspa.ca\/fr\/produit\/cristaux-de-spa-et-bain-nature-evasion\/","title":{"rendered":"Cristaux de spa et bain \u00c9VASION"},"content":{"rendered":"<h2>Laissez votre corps et votre \u00e2me d\u00e9river dans un \u00e9tat d\u2019euphorie pure avec nos cristaux de spa et bain \u00c9VASION de cristaux parfum\u00e9s pour le bain \u00e0 remous, le spa et le bain.<\/h2>\n<p>&nbsp;<\/p>\n<p><span style=\"font-weight: 400;\">Laissez votre corps et votre \u00e2me d\u00e9river dans un \u00e9tat d\u2019euphorie pure avec nos cristaux de spa et bain \u00c9VASION de cristaux parfum\u00e9s pour le bain \u00e0 remous, le spa et le bain. Avec notre s\u00e9lection de m\u00e9lange aroma-th\u00e9rapeutique de sel de bain d\u2019Epsom <\/span><span style=\"font-weight: 400;\">, il est facile d\u2019ajouter une ambiance parfum\u00e9e \u00e0 votre exp\u00e9rience de bain \u00e0 remous et de bain \u00e0 jets, tout en am\u00e9liorant votre sant\u00e9.<\/span><\/p>\n<p><span style=\"font-weight: 400;\">Les sels d\u2019Epsom aident \u00e0 drainer les toxines de votre corps et vous procurent une merveilleuse sensation de bien-\u00eatre. La gamme de produits de Pharmaspa a \u00e9t\u00e9 soigneusement con\u00e7ue avec les meilleurs extraits s\u00e9ch\u00e9s enti\u00e8rement naturels pour des bienfaits suppl\u00e9mentaires pour votre sant\u00e9. L\u2019ajout d\u2019aloe vera et de vitamines fournit une hydratation et une nutrition durables \u00e0 votre peau.<\/span><\/p>\n<p><span style=\"font-weight: 400;\">Nos sels de bain d\u2019aromath\u00e9rapie transformerons votre routine de soins personnels \u00e0 un tout autre niveau.<\/span><\/p>\n<h3>Bienfaits du sel d\u2019Epsom:<\/h3>\n<ul>\n<li>R\u00e9duit le stress<\/li>\n<li>Am\u00e9liore la qualit\u00e9 et la concentration du sommeil<\/li>\n<li>R\u00e9duit l\u2019enflure et soulage la douleur et les crampes musculaires<\/li>\n<li>\u00c9limine les toxines de votre syst\u00e8me<\/li>\n<li>Favorise l\u2019absorption de l\u2019oxyg\u00e8ne et am\u00e9liore l\u2019absorption des nutriments<\/li>\n<li>Pr\u00e9vient et soulage les migraines<\/li>\n<\/ul>\n<p><span style=\"font-weight: 400;\">Nos sels de bain sont solubles dans l\u2019eau et respectueux de l\u2019environnement. <\/span>Ce produit est sp\u00e9cialement con\u00e7u pour les bains \u00e0 remous et les bains \u00e0 jets. Il n\u2019endommagera pas les filtres, les jets ou les tuyaux, ni n\u2019affectera le pH et la chimie de l\u2019eau du bain \u00e0 remous. Vous n\u2019avez pas de spa ou de bain \u00e0 remous? Nos sels d\u2019Epsom fonctionnent tout aussi bien dans votre baignoire ou dans un bain de pieds.<\/p>\n<p>\u2022 Sans colorants artificiels, sans gluten, sans parab\u00e8nes et sans produits d\u00e9riv\u00e9s du p\u00e9trole \u2022 Produit non test\u00e9 sur les animaux<\/p>\n<p><img loading=\"lazy\" decoding=\"async\" class=\"alignnone wp-image-5956 size-medium\" src=\"https:\/\/pharmaspa.ca\/wp-content\/uploads\/2021\/02\/What-is-the-History-of-Hot-Tubs-300x200.jpg\" alt=\"Quelle est l\u2019histoire des spas \u00e0 remous Cristaux de spa et bain\" width=\"300\" height=\"200\"><\/p>\n<h3>Les ingr\u00e9dients cl\u00e9s de \u00c9VASION, sont :<\/h3>\n<p>Th\u00e9 vert \u2013 A des propri\u00e9t\u00e9s tonifiantes et apaisantes pour la peau.<br \/>\nCh\u00e8vrefeuille japonais \u2013 Aide avec les inflammations et apaise les \u00e9ruptions cutan\u00e9es et les plaies.<br \/>\nPomme du Paradis \u2013 Avantages hydratants et anti-\u00e2ge.<br \/>\nAloe Vera \u2013 Hydrate, gu\u00e9rit et apaise la peau.<br \/>\nVitamine E \u2013 Conditionne la peau.<\/p>\n<h3>Mode d&#8217;emploi:<\/h3>\n<ul>\n<li>Spas \/ Bain \u00e0 remous &#8211; verser 1 \u00e0 2 bouchons de cristaux de spa et bain PharmaSpa directement dans votre bain \u00e0 remous ou spa \u00e0 jets, pour chaque 500 gallons d\u2019eau.<\/li>\n<li>Bains \/ Petit bain \u00e0 remous &#8211; verser 1\/2 \u00e0 1 bouchon<\/li>\n<li>Bain de pieds &#8211; ajouter 1\/2 \u00e0 1 cuill\u00e8re \u00e0 soupe<\/li>\n<\/ul>\n<p>Tenir \u00e0 l\u2019\u00e9cart de la lumi\u00e8re directe et ranger en dessous de 35 \u00b0 C \/ 95 \u00b0 F.<\/p>\n<p>Voir la page <a href=\"https:\/\/pharmaspa.ca\/fr\/a-propos-pharmaspa\/comment-utiliser-nos-produits\/\">Comment utiliser nos produits<\/a> pour des directives d\u00e9taill\u00e9es.<\/p>\n<p>Taille du conteneur: 385g \/ 13oz<\/p>\n<h3>Ingr\u00e9dients:<\/h3>\n<p>Magnesium Sulfate, Sodium Chloride, Zea Mays (Corn) Starch, Parfum\/Fragrance, Tapioca Starch, Aloe Barbadensis Leaf Extract, Hippophae Rhamnoides Fruit Extract, Citrus Aurantifolia (Lime) Fruit Extract, Tocopheryl Acetate.<\/p>\n<h4>Avertissement<\/h4>\n<p>Conserver hors de la port\u00e9e des enfants et des animaux \u2022 Pour usage topique seulement \u2022 Ne pas ing\u00e9rer \u2022 En cas d\u2019ingestion, communiquer imm\u00e9diatement avec un centre antipoison \u2022 \u00c9viter tout contact avec les yeux \u2022 En cas de contact avec les yeux, rincer abondamment \u00e0 l\u2019eau et consulter un professionnel de la sant\u00e9 si l\u2019irritation persiste.<\/p>\n<p><a href=\"https:\/\/pharmaspa.ca\/fr\/collection\/nature\/\">Voir tous nos produits dans la gamme Nature<\/a>.<\/p>\n<p><a href=\"https:\/\/www.youtube.com\/channel\/UCxdpP23lYesQoRlmjKOsWbw\" target=\"_blank\" rel=\"noopener\">Abonnez-vous \u00e0 notre cha\u00eene YouTube Pharmaspa!<\/a><\/p>\n","protected":false},"excerpt":{"rendered":"<h2>Laissez votre corps et votre \u00e2me d\u00e9river dans un \u00e9tat d\u2019euphorie pure avec nos cristaux de spa et bain \u00c9VASION de cristaux parfum\u00e9s pour le bain \u00e0 remous, le spa et le bain.<\/h2>\n<p>&nbsp;<\/p>\n<h3>Profitez des bientfaits:<\/h3>\n<p>Th\u00e9 vert \u2013 A des propri\u00e9t\u00e9s tonifiantes et apaisantes pour la peau.<br \/>\nCh\u00e8vrefeuille japonais \u2013 Aide avec les inflammations et apaise les \u00e9ruptions cutan\u00e9es et les plaies.<br \/>\nPomme du Paradis \u2013 Avantages hydratants et anti-\u00e2ge.<\/p>\n","protected":false},"featured_media":4665,"comment_status":"closed","ping_status":"closed","template":"","meta":{"_et_pb_use_builder":"off","_et_pb_old_content":"Les sels d\u2019Epsom aident \u00e0 drainer les toxines de votre corps et vous procurent une merveilleuse sensation de bien-\u00eatre. Plongez dans cette ambiance agr\u00e9able et laissez votre corps et votre \u00e2me d\u00e9river dans un \u00e9tat d\u2019euphorie pure.\n\nCe produit Pharmaspa est sp\u00e9cialement con\u00e7u pour les bains \u00e0 remous et les bains \u00e0 jets. Il n\u2019endommagera pas les filtres, les jets et les tuyaux et ne d\u00e9s\u00e9quilibrera pas la chimie de l\u2019eau du bain \u00e0 remous. Vous n\u2019avez pas de spa ou de bain \u00e0 remous? Nos sels d\u2019Epsom fonctionnent tout aussi bien dans votre baignoire ou dans un bain de pieds.\n\nMode d'emploi:\nSpas \/ Bain \u00e0 remous - ajouter 1 \u00e0 2 bouchons pour environ tous les 500 gallons d\u2019eau\nBains \/ Petit bain \u00e0 remous - verser 1\/2 \u00e0 1 bouchon\nBain de pieds - ajouter 1\/2 \u00e0 1 cuill\u00e8re \u00e0 soupe\nVoir la page <a href=\"https:\/\/www.pharmaspa.ca\/how-to-use-our-products\">Comment utiliser nos produits<\/a> pour des directives d\u00e9taill\u00e9es.\n\nTaille du conteneur: 385g \/ 13oz\n\n<em>Gardez hors de la port\u00e9e des enfants et des animaux. Pour un usage externe seulement. Non test\u00e9 sur des animaux.<\/em>","_et_gb_content_width":""},"product_brand":[],"product_cat":[411,441,408],"product_tag":[397],"class_list":{"0":"post-7978","1":"product","2":"type-product","3":"status-publish","4":"has-post-thumbnail","6":"product_cat-bain-a-remous","7":"product_cat-cristaux-nature","8":"product_cat-nature","9":"product_tag-bain-a-remous","11":"first","12":"instock","13":"taxable","14":"shipping-taxable","15":"purchasable","16":"product-type-simple"},"yoast_head":"<!-- This site is optimized with the Yoast SEO plugin v27.4 - https:\/\/yoast.com\/product\/yoast-seo-wordpress\/ -->\n<title>Cristaux de spa et bain \u00c9VASION - Pharmaspa<\/title>\n<meta name=\"description\" content=\"Laissez votre corps et votre \u00e2me d\u00e9river dans un \u00e9tat d\u2019euphorie pure avec nos cristaux de spa et bain \u00c9VASION de cristaux parfum\u00e9s pour le bain \u00e0 remous, le spa et le bain.\" \/>\n<meta name=\"robots\" content=\"index, follow, max-snippet:-1, max-image-preview:large, max-video-preview:-1\" \/>\n<link rel=\"canonical\" href=\"https:\/\/pharmaspa.ca\/fr\/produit\/cristaux-de-spa-et-bain-nature-evasion\/\" \/>\n<meta property=\"og:locale\" content=\"fr_CA\" \/>\n<meta property=\"og:type\" content=\"article\" \/>\n<meta property=\"og:title\" content=\"Cristaux de spa et bain \u00c9VASION - Pharmaspa\" \/>\n<meta property=\"og:description\" content=\"Laissez votre corps et votre \u00e2me d\u00e9river dans un \u00e9tat d\u2019euphorie pure avec nos cristaux de spa et bain \u00c9VASION de cristaux parfum\u00e9s pour le bain \u00e0 remous, le spa et le bain.\" \/>\n<meta property=\"og:url\" content=\"https:\/\/pharmaspa.ca\/fr\/produit\/cristaux-de-spa-et-bain-nature-evasion\/\" \/>\n<meta property=\"og:site_name\" content=\"Pharmaspa\" \/>\n<meta property=\"article:modified_time\" content=\"2023-05-25T12:26:33+00:00\" \/>\n<meta property=\"og:image\" content=\"https:\/\/pharmaspa.ca\/wp-content\/uploads\/2020\/06\/Escape-Epsom-salts-PharmaSpa-Nature-spa-and-bath-Crystals.jpg\" \/>\n\t<meta property=\"og:image:width\" content=\"948\" \/>\n\t<meta property=\"og:image:height\" content=\"978\" \/>\n\t<meta property=\"og:image:type\" content=\"image\/jpeg\" \/>\n<meta name=\"twitter:card\" content=\"summary_large_image\" \/>\n<meta name=\"twitter:label1\" content=\"Estimation du temps de lecture\" \/>\n\t<meta name=\"twitter:data1\" content=\"3 minutes\" \/>\n<!-- \/ Yoast SEO plugin. -->","yoast_head_json":{"title":"Cristaux de spa et bain \u00c9VASION - Pharmaspa","description":"Laissez votre corps et votre \u00e2me d\u00e9river dans un \u00e9tat d\u2019euphorie pure avec nos cristaux de spa et bain \u00c9VASION de cristaux parfum\u00e9s pour le bain \u00e0 remous, le spa et le bain.","robots":{"index":"index","follow":"follow","max-snippet":"max-snippet:-1","max-image-preview":"max-image-preview:large","max-video-preview":"max-video-preview:-1"},"canonical":"https:\/\/pharmaspa.ca\/fr\/produit\/cristaux-de-spa-et-bain-nature-evasion\/","og_locale":"fr_CA","og_type":"article","og_title":"Cristaux de spa et bain \u00c9VASION - Pharmaspa","og_description":"Laissez votre corps et votre \u00e2me d\u00e9river dans un \u00e9tat d\u2019euphorie pure avec nos cristaux de spa et bain \u00c9VASION de cristaux parfum\u00e9s pour le bain \u00e0 remous, le spa et le bain.","og_url":"https:\/\/pharmaspa.ca\/fr\/produit\/cristaux-de-spa-et-bain-nature-evasion\/","og_site_name":"Pharmaspa","article_modified_time":"2023-05-25T12:26:33+00:00","og_image":[{"width":948,"height":978,"url":"https:\/\/pharmaspa.ca\/wp-content\/uploads\/2020\/06\/Escape-Epsom-salts-PharmaSpa-Nature-spa-and-bath-Crystals.jpg","type":"image\/jpeg"}],"twitter_card":"summary_large_image","twitter_misc":{"Estimation du temps de lecture":"3 minutes"},"schema":{"@context":"https:\/\/schema.org","@graph":[{"@type":"WebPage","@id":"https:\/\/pharmaspa.ca\/fr\/produit\/cristaux-de-spa-et-bain-nature-evasion\/","url":"https:\/\/pharmaspa.ca\/fr\/produit\/cristaux-de-spa-et-bain-nature-evasion\/","name":"Cristaux de spa et bain \u00c9VASION - Pharmaspa","isPartOf":{"@id":"https:\/\/pharmaspa.ca\/#website"},"primaryImageOfPage":{"@id":"https:\/\/pharmaspa.ca\/fr\/produit\/cristaux-de-spa-et-bain-nature-evasion\/#primaryimage"},"image":{"@id":"https:\/\/pharmaspa.ca\/fr\/produit\/cristaux-de-spa-et-bain-nature-evasion\/#primaryimage"},"thumbnailUrl":"https:\/\/pharmaspa.ca\/wp-content\/uploads\/2020\/06\/Escape-Epsom-salts-PharmaSpa-Nature-spa-and-bath-Crystals.jpg","datePublished":"2021-06-16T23:19:46+00:00","dateModified":"2023-05-25T12:26:33+00:00","description":"Laissez votre corps et votre \u00e2me d\u00e9river dans un \u00e9tat d\u2019euphorie pure avec nos cristaux de spa et bain \u00c9VASION de cristaux parfum\u00e9s pour le bain \u00e0 remous, le spa et le bain.","breadcrumb":{"@id":"https:\/\/pharmaspa.ca\/fr\/produit\/cristaux-de-spa-et-bain-nature-evasion\/#breadcrumb"},"inLanguage":"fr-CA","potentialAction":[{"@type":"ReadAction","target":["https:\/\/pharmaspa.ca\/fr\/produit\/cristaux-de-spa-et-bain-nature-evasion\/"]}]},{"@type":"ImageObject","inLanguage":"fr-CA","@id":"https:\/\/pharmaspa.ca\/fr\/produit\/cristaux-de-spa-et-bain-nature-evasion\/#primaryimage","url":"https:\/\/pharmaspa.ca\/wp-content\/uploads\/2020\/06\/Escape-Epsom-salts-PharmaSpa-Nature-spa-and-bath-Crystals.jpg","contentUrl":"https:\/\/pharmaspa.ca\/wp-content\/uploads\/2020\/06\/Escape-Epsom-salts-PharmaSpa-Nature-spa-and-bath-Crystals.jpg","width":948,"height":978,"caption":"\u00c9vasion sels d'Epsom PharmaSpa Nature cristaux de bain et spa"},{"@type":"BreadcrumbList","@id":"https:\/\/pharmaspa.ca\/fr\/produit\/cristaux-de-spa-et-bain-nature-evasion\/#breadcrumb","itemListElement":[{"@type":"ListItem","position":1,"name":"Boutique","item":"https:\/\/pharmaspa.ca\/shop\/"},{"@type":"ListItem","position":2,"name":"Cristaux de spa et bain \u00c9VASION"}]},{"@type":"WebSite","@id":"https:\/\/pharmaspa.ca\/#website","url":"https:\/\/pharmaspa.ca\/","name":"Pharmaspa","description":"Parfums de spa et plus","potentialAction":[{"@type":"SearchAction","target":{"@type":"EntryPoint","urlTemplate":"https:\/\/pharmaspa.ca\/?s={search_term_string}"},"query-input":{"@type":"PropertyValueSpecification","valueRequired":true,"valueName":"search_term_string"}}],"inLanguage":"fr-CA"}]}},"_links":{"self":[{"href":"https:\/\/pharmaspa.ca\/fr\/wp-json\/wp\/v2\/product\/7978","targetHints":{"allow":["GET"]}}],"collection":[{"href":"https:\/\/pharmaspa.ca\/fr\/wp-json\/wp\/v2\/product"}],"about":[{"href":"https:\/\/pharmaspa.ca\/fr\/wp-json\/wp\/v2\/types\/product"}],"replies":[{"embeddable":true,"href":"https:\/\/pharmaspa.ca\/fr\/wp-json\/wp\/v2\/comments?post=7978"}],"wp:featuredmedia":[{"embeddable":true,"href":"https:\/\/pharmaspa.ca\/fr\/wp-json\/wp\/v2\/media\/4665"}],"wp:attachment":[{"href":"https:\/\/pharmaspa.ca\/fr\/wp-json\/wp\/v2\/media?parent=7978"}],"wp:term":[{"taxonomy":"product_brand","embeddable":true,"href":"https:\/\/pharmaspa.ca\/fr\/wp-json\/wp\/v2\/product_brand?post=7978"},{"taxonomy":"product_cat","embeddable":true,"href":"https:\/\/pharmaspa.ca\/fr\/wp-json\/wp\/v2\/product_cat?post=7978"},{"taxonomy":"product_tag","embeddable":true,"href":"https:\/\/pharmaspa.ca\/fr\/wp-json\/wp\/v2\/product_tag?post=7978"}],"curies":[{"name":"wp","href":"https:\/\/api.w.org\/{rel}","templated":true}]}}