{"id":7997,"date":"2021-06-20T16:20:15","date_gmt":"2021-06-20T22:20:15","guid":{"rendered":"https:\/\/pharmaspa.ca\/?post_type=product&#038;p=7997"},"modified":"2023-07-03T23:40:29","modified_gmt":"2023-07-04T03:40:29","slug":"crystaux-de-spa-et-bain-chanvre-zeste-de-citron","status":"publish","type":"product","link":"https:\/\/pharmaspa.ca\/fr\/produit\/crystaux-de-spa-et-bain-chanvre-zeste-de-citron\/","title":{"rendered":"Cristaux de spa et bain chanvre ZESTE CITRON"},"content":{"rendered":"<h2>Apaisez votre esprit et votre corps avec une exp\u00e9rience spa de luxe en utilisant nos cristaux de spa et bain chanvre ZESTE CITRON avec l\u2019aloe Vera, l\u2019huile de graines de chanvre et bien plus encore.<\/h2>\n<p>&nbsp;<\/p>\n<p>Quels sont les bienfaits d\u2019utiliser nos cristaux de spa et bain chanvre Zeste Citron? Le chanvre est la plante parfaite pour les soins de la peau. Il contient de pr\u00e9cieux <span data-sheets-value=\"{\"1\":2,\"2\":\"hemp seed nutrients\"}\" data-sheets-userformat=\"{\"2\":1,\"3\":{\"1\":0}}\">nutriments de graines de chanvre<\/span> qui sont bons pour hydrater la peau et r\u00e9duire l\u2019enflure, et ses graines contiennent \u00e9galement plus de vingt-huit oligo-\u00e9l\u00e9ments, y compris les om\u00e9ga 3! Le chanvre a un impact positif sur de nombreux aspects diff\u00e9rents de votre sant\u00e9, tels que la <span data-sheets-value=\"{\"1\":2,\"2\":\"healthy skin and hair\"}\" data-sheets-userformat=\"{\"2\":1,\"3\":{\"1\":0}}\">peau saine et la croissance des cheveux, <\/span>entre autres choses!<\/p>\n<p>Le chanvre est l\u2019une des rares plantes qui contient de nombreux compos\u00e9s calmants. Il a \u00e9t\u00e9 utilis\u00e9 pendant des si\u00e8cles en m\u00e9decine pour aider \u00e0 combattre <span data-sheets-value=\"{\"1\":2,\"2\":\"agitation in depression\"}\" data-sheets-userformat=\"{\"2\":1,\"3\":{\"1\":0}}\">l\u2019agitation dans la d\u00e9pression<\/span> et l\u2019anxi\u00e9t\u00e9. Le combiner avec nos cristaux est un accord parfait. Saviez-vous que les sels d\u2019Epsom aident \u00e0 drainer les toxines de votre corps et vous procurent une merveilleuse sensation de bien-\u00eatre? Il y a tellement <span data-sheets-value=\"{\"1\":2,\"2\":\"benefits of soaking in epsom salt\"}\" data-sheets-userformat=\"{\"2\":12865,\"3\":{\"1\":0},\"9\":0,\"12\":0,\"15\":\"\\\"Liberation Sans\\\"\",\"16\":10}\">d\u2019avantages \u00e0 tremper dans le sel d\u2019Epsom.<\/span><\/p>\n<h3>Bienfaits du chanvre:<\/h3>\n<ul>\n<li>Prot\u00e8ge votre peau<\/li>\n<li>Soulage la douleur<\/li>\n<li>Am\u00e9liore la qualit\u00e9 du sommeil<\/li>\n<li>Favorise la relaxation et le calme<\/li>\n<li>G\u00e8re les sympt\u00f4mes du stress<\/li>\n<li>V\u00eatements vous<\/li>\n<\/ul>\n<p>Ce produit est sp\u00e9cialement con\u00e7u pour les bains \u00e0 remous et les bains \u00e0 jets. Il n\u2019endommagera pas les filtres, les jets ou les tuyaux, ni n\u2019affectera le pH et la chimie de l\u2019eau du bain \u00e0 remous. Vous n\u2019avez pas de spa ou de bain \u00e0 remous? Nos sels d\u2019Epsom fonctionnent tout aussi bien dans votre baignoire ou dans un bain de pieds.<\/p>\n<p>\u2022 Sans colorants artificiels, sans gluten, et sans parab\u00e8nes \u2022 Ne contient pas de THC ou de CBD \u2022 Produit non test\u00e9 sur les animaux<\/p>\n<p><img loading=\"lazy\" decoding=\"async\" src=\"https:\/\/pharmaspa.ca\/wp-content\/uploads\/2021\/02\/What-to-Know-when-Buying-a-Hot-Tub.jpg\" alt=\"Ce qu\u2019il faut savoir lors de l\u2019achat d\u2019un bain \u00e0 remous\" width=\"300\" height=\"200\"><\/p>\n<h3>Les ingr\u00e9dients cl\u00e9s de ZESTE DE CITRON sont:<\/h3>\n<p>Zeste de citron \u2013 Peau hydratante, illumine votre teint, nettoyant.<br \/>\nM\u00e9lisse \u2013 R\u00e9duit l\u2019enflure et la rougeur de la peau, d\u00e9tend le corps.<br \/>\nExtrait de graines de Cannabis Sativa &#8211; Traite les affections inflammatoires de la peau, contr\u00f4le la production d\u2019huile, hydratant.<br \/>\nAloe Vera &#8211; Un effet hydratant, cicatrisant et apaisant pr\u00e9cieux.<br \/>\nVitamine E \u2013 Un agent naturel de conditionnement de la peau et un antioxydant.<\/p>\n<h3>Mode d&#8217;emploi:<\/h3>\n<ul>\n<li>Spas \/ Bain \u00e0 remous &#8211; verser 1 \u00e0 2 bouchons de cristaux de spa et bain PharmaSpa directement dans votre bain \u00e0 remous ou spa \u00e0 jets, pour chaque 500 gallons d\u2019eau.<\/li>\n<li>Bains \/ Petit bain \u00e0 remous &#8211; verser 1\/2 \u00e0 1 bouchon<\/li>\n<li>Bain de pieds &#8211; ajouter 1\/2 \u00e0 1 cuill\u00e8re \u00e0 soupe<\/li>\n<\/ul>\n<p>Tenir \u00e0 l\u2019\u00e9cart de la lumi\u00e8re directe et ranger en dessous de 35 \u00b0 C \/ 95 \u00b0 F.<\/p>\n<p>Voir la page <a href=\"https:\/\/pharmaspa.ca\/fr\/a-propos-pharmaspa\/comment-utiliser-nos-produits\/\">Comment utiliser nos produits<\/a> pour des directives d\u00e9taill\u00e9es.<\/p>\n<p>Taille du conteneur: 385g \/ 13oz<\/p>\n<h3>Ingr\u00e9dients:<\/h3>\n<p>Magnesium Sulfate, Sodium Chloride, Zea Mays (Corn) Starch, Parfum\/Fragrance, Tapioca Starch, Cannabis Sativa Seed Extract, Aloe Barbadensis Leaf Extract, Citrus Limon (Lemon) Peel Extract, Melissa Officinalis Leaf Extract, Tocopheryl Acetate.<\/p>\n<h4>Avertissement<\/h4>\n<p>Conserver hors de la port\u00e9e des enfants et des animaux \u2022 Pour usage topique seulement \u2022 Ne pas ing\u00e9rer \u2022 En cas d\u2019ingestion, communiquer imm\u00e9diatement avec un centre antipoison \u2022 \u00c9viter tout contact avec les yeux \u2022 En cas de contact avec les yeux, rincer abondamment \u00e0 l\u2019eau et consulter un professionnel de la sant\u00e9 si l\u2019irritation persiste.<\/p>\n<p><a href=\"https:\/\/pharmaspa.ca\/fr\/collection\/chanvre\/\">Voir tous nos produits dans la ligne chanvre<\/a>.<\/p>\n<p><a href=\"https:\/\/www.youtube.com\/channel\/UCxdpP23lYesQoRlmjKOsWbw\" target=\"_blank\" rel=\"noopener\">Abonnez-vous \u00e0 notre cha\u00eene YouTube Pharmaspa!<\/a><\/p>\n","protected":false},"excerpt":{"rendered":"<h2>Apaisez votre esprit et votre corps avec une exp\u00e9rience spa de luxe en utilisant nos cristaux de spa et bain chanvre ZESTE CITRON avec l\u2019aloe Vera, l\u2019huile de graines de chanvre et bien plus encore.<\/h2>\n<h3><\/h3>\n<h3>Profitez des bientfaits:<\/h3>\n<p>Zeste de citron \u2013 Peau hydratante, illumine votre teint, nettoyant.<br \/>\nM\u00e9lisse \u2013 R\u00e9duit l\u2019enflure et la rougeur de la peau, d\u00e9tend le corps.<\/p>\n","protected":false},"featured_media":8312,"comment_status":"closed","ping_status":"closed","template":"","meta":{"_et_pb_use_builder":"off","_et_pb_old_content":"Les sels d\u2019Epsom aident \u00e0 drainer les toxines de votre corps et vous procurent une merveilleuse sensation de bien-\u00eatre. Plongez dans cette ambiance agr\u00e9able et laissez votre corps et votre \u00e2me d\u00e9river dans un \u00e9tat d\u2019euphorie pure.\n\nCe produit Pharmaspa est sp\u00e9cialement con\u00e7u pour les bains \u00e0 remous et les bains \u00e0 jets. Il n\u2019endommagera pas les filtres, les jets et les tuyaux et ne d\u00e9s\u00e9quilibrera pas la chimie de l\u2019eau du bain \u00e0 remous. Vous n\u2019avez pas de spa ou de bain \u00e0 remous? Nos sels d\u2019Epsom fonctionnent tout aussi bien dans votre baignoire ou dans un bain de pieds.\n\nMode d'emploi:\nSpas \/ Bain \u00e0 remous - ajouter 1 \u00e0 2 bouchons pour environ tous les 500 gallons d\u2019eau\nBains \/ Petit bain \u00e0 remous - verser 1\/2 \u00e0 1 bouchon\nBain de pieds - ajouter 1\/2 \u00e0 1 cuill\u00e8re \u00e0 soupe\nVoir la page <a href=\"https:\/\/www.pharmaspa.ca\/how-to-use-our-products\">Comment utiliser nos produits<\/a> pour des directives d\u00e9taill\u00e9es.\n\nTaille du conteneur: 385g \/ 13oz\n\n<em>Gardez hors de la port\u00e9e des enfants et des animaux. Pour un usage externe seulement. Non test\u00e9 sur des animaux.<\/em>","_et_gb_content_width":""},"product_brand":[],"product_cat":[411,406,478],"product_tag":[397],"class_list":{"0":"post-7997","1":"product","2":"type-product","3":"status-publish","4":"has-post-thumbnail","6":"product_cat-bain-a-remous","7":"product_cat-chanvre","8":"product_cat-crystaux-chanvre","9":"product_tag-bain-a-remous","11":"first","12":"instock","13":"taxable","14":"shipping-taxable","15":"purchasable","16":"product-type-simple"},"yoast_head":"<!-- This site is optimized with the Yoast SEO plugin v27.4 - https:\/\/yoast.com\/product\/yoast-seo-wordpress\/ -->\n<title>Cristaux de spa et bain chanvre ZESTE CITRON - Pharmaspa<\/title>\n<meta name=\"description\" content=\"Apaisez votre esprit et votre corps avec une exp\u00e9rience spa de luxe en utilisant nos cristaux de spa et bain chanvre ZESTE CITRON aved l\u2019aloe Vera, l\u2019huile de graines de chanvre et bien plus encore.\" \/>\n<meta name=\"robots\" content=\"index, follow, max-snippet:-1, max-image-preview:large, max-video-preview:-1\" \/>\n<link rel=\"canonical\" href=\"https:\/\/pharmaspa.ca\/fr\/produit\/crystaux-de-spa-et-bain-chanvre-zeste-de-citron\/\" \/>\n<meta property=\"og:locale\" content=\"fr_CA\" \/>\n<meta property=\"og:type\" content=\"article\" \/>\n<meta property=\"og:title\" content=\"Cristaux de spa et bain chanvre ZESTE CITRON - Pharmaspa\" \/>\n<meta property=\"og:description\" content=\"Apaisez votre esprit et votre corps avec une exp\u00e9rience spa de luxe en utilisant nos cristaux de spa et bain chanvre ZESTE CITRON aved l\u2019aloe Vera, l\u2019huile de graines de chanvre et bien plus encore.\" \/>\n<meta property=\"og:url\" content=\"https:\/\/pharmaspa.ca\/fr\/produit\/crystaux-de-spa-et-bain-chanvre-zeste-de-citron\/\" \/>\n<meta property=\"og:site_name\" content=\"Pharmaspa\" \/>\n<meta property=\"article:modified_time\" content=\"2023-07-04T03:40:29+00:00\" \/>\n<meta property=\"og:image\" content=\"https:\/\/pharmaspa.ca\/wp-content\/uploads\/2021\/06\/PharmaSpa-Hemp-Crystals-Lemon-Zest-1.jpg\" \/>\n\t<meta property=\"og:image:width\" content=\"841\" \/>\n\t<meta property=\"og:image:height\" content=\"868\" \/>\n\t<meta property=\"og:image:type\" content=\"image\/jpeg\" \/>\n<meta name=\"twitter:card\" content=\"summary_large_image\" \/>\n<meta name=\"twitter:label1\" content=\"Estimation du temps de lecture\" \/>\n\t<meta name=\"twitter:data1\" content=\"3 minutes\" \/>\n<!-- \/ Yoast SEO plugin. -->","yoast_head_json":{"title":"Cristaux de spa et bain chanvre ZESTE CITRON - Pharmaspa","description":"Apaisez votre esprit et votre corps avec une exp\u00e9rience spa de luxe en utilisant nos cristaux de spa et bain chanvre ZESTE CITRON aved l\u2019aloe Vera, l\u2019huile de graines de chanvre et bien plus encore.","robots":{"index":"index","follow":"follow","max-snippet":"max-snippet:-1","max-image-preview":"max-image-preview:large","max-video-preview":"max-video-preview:-1"},"canonical":"https:\/\/pharmaspa.ca\/fr\/produit\/crystaux-de-spa-et-bain-chanvre-zeste-de-citron\/","og_locale":"fr_CA","og_type":"article","og_title":"Cristaux de spa et bain chanvre ZESTE CITRON - Pharmaspa","og_description":"Apaisez votre esprit et votre corps avec une exp\u00e9rience spa de luxe en utilisant nos cristaux de spa et bain chanvre ZESTE CITRON aved l\u2019aloe Vera, l\u2019huile de graines de chanvre et bien plus encore.","og_url":"https:\/\/pharmaspa.ca\/fr\/produit\/crystaux-de-spa-et-bain-chanvre-zeste-de-citron\/","og_site_name":"Pharmaspa","article_modified_time":"2023-07-04T03:40:29+00:00","og_image":[{"width":841,"height":868,"url":"https:\/\/pharmaspa.ca\/wp-content\/uploads\/2021\/06\/PharmaSpa-Hemp-Crystals-Lemon-Zest-1.jpg","type":"image\/jpeg"}],"twitter_card":"summary_large_image","twitter_misc":{"Estimation du temps de lecture":"3 minutes"},"schema":{"@context":"https:\/\/schema.org","@graph":[{"@type":"WebPage","@id":"https:\/\/pharmaspa.ca\/fr\/produit\/crystaux-de-spa-et-bain-chanvre-zeste-de-citron\/","url":"https:\/\/pharmaspa.ca\/fr\/produit\/crystaux-de-spa-et-bain-chanvre-zeste-de-citron\/","name":"Cristaux de spa et bain chanvre ZESTE CITRON - Pharmaspa","isPartOf":{"@id":"https:\/\/pharmaspa.ca\/#website"},"primaryImageOfPage":{"@id":"https:\/\/pharmaspa.ca\/fr\/produit\/crystaux-de-spa-et-bain-chanvre-zeste-de-citron\/#primaryimage"},"image":{"@id":"https:\/\/pharmaspa.ca\/fr\/produit\/crystaux-de-spa-et-bain-chanvre-zeste-de-citron\/#primaryimage"},"thumbnailUrl":"https:\/\/pharmaspa.ca\/wp-content\/uploads\/2021\/06\/PharmaSpa-Hemp-Crystals-Lemon-Zest-1.jpg","datePublished":"2021-06-20T22:20:15+00:00","dateModified":"2023-07-04T03:40:29+00:00","description":"Apaisez votre esprit et votre corps avec une exp\u00e9rience spa de luxe en utilisant nos cristaux de spa et bain chanvre ZESTE CITRON aved l\u2019aloe Vera, l\u2019huile de graines de chanvre et bien plus encore.","breadcrumb":{"@id":"https:\/\/pharmaspa.ca\/fr\/produit\/crystaux-de-spa-et-bain-chanvre-zeste-de-citron\/#breadcrumb"},"inLanguage":"fr-CA","potentialAction":[{"@type":"ReadAction","target":["https:\/\/pharmaspa.ca\/fr\/produit\/crystaux-de-spa-et-bain-chanvre-zeste-de-citron\/"]}]},{"@type":"ImageObject","inLanguage":"fr-CA","@id":"https:\/\/pharmaspa.ca\/fr\/produit\/crystaux-de-spa-et-bain-chanvre-zeste-de-citron\/#primaryimage","url":"https:\/\/pharmaspa.ca\/wp-content\/uploads\/2021\/06\/PharmaSpa-Hemp-Crystals-Lemon-Zest-1.jpg","contentUrl":"https:\/\/pharmaspa.ca\/wp-content\/uploads\/2021\/06\/PharmaSpa-Hemp-Crystals-Lemon-Zest-1.jpg","width":841,"height":868,"caption":"Cristaux de spa et bain chanvre ZESTE CITRON"},{"@type":"BreadcrumbList","@id":"https:\/\/pharmaspa.ca\/fr\/produit\/crystaux-de-spa-et-bain-chanvre-zeste-de-citron\/#breadcrumb","itemListElement":[{"@type":"ListItem","position":1,"name":"Boutique","item":"https:\/\/pharmaspa.ca\/shop\/"},{"@type":"ListItem","position":2,"name":"Cristaux de spa et bain chanvre ZESTE CITRON"}]},{"@type":"WebSite","@id":"https:\/\/pharmaspa.ca\/#website","url":"https:\/\/pharmaspa.ca\/","name":"Pharmaspa","description":"Parfums de spa et plus","potentialAction":[{"@type":"SearchAction","target":{"@type":"EntryPoint","urlTemplate":"https:\/\/pharmaspa.ca\/?s={search_term_string}"},"query-input":{"@type":"PropertyValueSpecification","valueRequired":true,"valueName":"search_term_string"}}],"inLanguage":"fr-CA"}]}},"_links":{"self":[{"href":"https:\/\/pharmaspa.ca\/fr\/wp-json\/wp\/v2\/product\/7997","targetHints":{"allow":["GET"]}}],"collection":[{"href":"https:\/\/pharmaspa.ca\/fr\/wp-json\/wp\/v2\/product"}],"about":[{"href":"https:\/\/pharmaspa.ca\/fr\/wp-json\/wp\/v2\/types\/product"}],"replies":[{"embeddable":true,"href":"https:\/\/pharmaspa.ca\/fr\/wp-json\/wp\/v2\/comments?post=7997"}],"wp:featuredmedia":[{"embeddable":true,"href":"https:\/\/pharmaspa.ca\/fr\/wp-json\/wp\/v2\/media\/8312"}],"wp:attachment":[{"href":"https:\/\/pharmaspa.ca\/fr\/wp-json\/wp\/v2\/media?parent=7997"}],"wp:term":[{"taxonomy":"product_brand","embeddable":true,"href":"https:\/\/pharmaspa.ca\/fr\/wp-json\/wp\/v2\/product_brand?post=7997"},{"taxonomy":"product_cat","embeddable":true,"href":"https:\/\/pharmaspa.ca\/fr\/wp-json\/wp\/v2\/product_cat?post=7997"},{"taxonomy":"product_tag","embeddable":true,"href":"https:\/\/pharmaspa.ca\/fr\/wp-json\/wp\/v2\/product_tag?post=7997"}],"curies":[{"name":"wp","href":"https:\/\/api.w.org\/{rel}","templated":true}]}}