{"id":8032,"date":"2021-06-20T21:40:09","date_gmt":"2021-06-21T01:40:10","guid":{"rendered":"https:\/\/pharmaspa.ca\/?post_type=product&#038;p=8032"},"modified":"2023-05-14T19:04:14","modified_gmt":"2023-05-14T23:04:14","slug":"eau-de-spa-et-bain-chanvre-menthe-poivree","status":"publish","type":"product","link":"https:\/\/pharmaspa.ca\/fr\/produit\/eau-de-spa-et-bain-chanvre-menthe-poivree\/","title":{"rendered":"Eau de spa et bain Chanvre &#8211; MENTHE POIVR\u00c9E"},"content":{"rendered":"<h2>Apaisez votre esprit et votre corps en vous offrant une \u00e9vasion spa deluxe avec nos extraits naturels d\u2019aloe vera, d\u2019huile de chanvre et bien plus.<\/h2>\n<p>Soyez revigor\u00e9 gr\u00e2ce aux eaux de spa Chanvre PharmaSpa avec notre m\u00e9lange unique Ce produit est sp\u00e9cialement con\u00e7u pour les bains \u00e0 remous et les bains \u00e0 jets. Il n\u2019endommagera pas les filtres, les jets ou les tuyaux, ni n\u2019affectera le pH et la chimie de l\u2019eau du bain \u00e0 remous. Vous n\u2019avez pas de spa ou de bain \u00e0 remous? Nos sels d\u2019Epsom fonctionnent tout aussi bien dans votre baignoire ou dans un bain de pieds. \u2022 Sans colorants artificiels, sans gluten, et sans parab\u00e8nes \u2022 Ne contient pas de THC ou de CBD \u2022 Produit non test\u00e9 sur les animaux<\/p>\n<h3>Mode d&#8217;emploi:<\/h3>\n<ul>\n<li>Spas \/ Bain \u00e0 remous &#8211; verser 3 \u00e0 4 bouchons d&#8217;eau de spa PharmaSpa, pour chaque 500 gallons d\u2019eau, directement dans votre bain \u00e0 remous ou spa \u00e0 jets<\/li>\n<li>Bain \/ Petit bain \u00e0 remous &#8211; verser 1 \u00e0 2 bouchons<\/li>\n<li>Bain de pieds &#8211; verser 1 \u00e0 2 cuill\u00e8re \u00e0 soupes<\/li>\n<\/ul>\n<p>Tenir \u00e0 l\u2019\u00e9cart de la lumi\u00e8re directe et ranger en dessous de 35 \u00b0 C \/ 95 \u00b0 F. Voir la page <a href=\"https:\/\/pharmaspa.ca\/fr\/a-propos-pharmaspa\/comment-utiliser-nos-produits\/\">Comment utiliser nos produits<\/a> pour des directives d\u00e9taill\u00e9es. Taille du conteneur: 237ml \/ 8fl.oz<\/p>\n<p><a href=\"https:\/\/pharmaspa.ca\/fr\/collection\/chanvre\/\">Voir tous nos produits dans la ligne chanvre<\/a>.<\/p>\n<h3>Ingr\u00e9dients:<\/h3>\n<p>Propylene Glycol, Dipropylene Glycol, Parfum\/Fragrance, Cannabis Sativa Seed Extract, Aloe Barbadensis Leaf Extract, Mentha Piperita (Peppermint) Leaf Extract, Gaultheria Procumbens (Wintergreen) Leaf Extract, Mentha Arvensis Extract, Tocopheryl Acetate.<\/p>\n<h4>Avertissement<\/h4>\n<p>Conserver hors de la port\u00e9e des enfants et des animaux \u2022 Pour usage topique seulement \u2022 Ne pas ing\u00e9rer \u2022 En cas d\u2019ingestion, communiquer imm\u00e9diatement avec un centre antipoison \u2022 \u00c9viter tout contact avec les yeux \u2022 En cas de contact avec les yeux, rincer abondamment \u00e0 l\u2019eau et consulter un professionnel de la sant\u00e9 si l\u2019irritation persiste.<\/p>\n","protected":false},"excerpt":{"rendered":"<h3>Les ingr\u00e9dients cl\u00e9s de MENTHE POIVR\u00c9E sont:<\/h3>\n<p>Menthe poivr\u00e9e \u2013 Apaise l\u2019irritation et l\u2019inflammation de la peau.<br \/>\nTh\u00e9 des bois \u2013 Aide les articulations, les douleurs musculaires et les douleurs au cou.<br \/>\nMenthe sauvage \u2013 Soulage les maux de t\u00eate, rhume, asthme, arthrite, et l\u2019insomnie<br \/>\nExtrait de graines de Cannabis Sativa \u2013 Traite les affections inflammatoires de la peau, contr\u00f4le la production d\u2019huile, hydratant.<br \/>\nAloe Vera &#8211; Un effet hydratant, cicatrisant et apaisant pr\u00e9cieux.<br \/>\nVitamine E \u2013 Un agent naturel de conditionnement de la peau et un antioxydant.<\/p>\n","protected":false},"featured_media":8324,"comment_status":"closed","ping_status":"closed","template":"","meta":{"_et_pb_use_builder":"off","_et_pb_old_content":"<h2>Apaisez votre esprit et votre corps en vous offrant une \u00e9vasion spa deluxe avec nos extraits naturels d\u2019aloe vera, d\u2019huile de chanvre et bien plus.<\/h2>\nSoyez revigor\u00e9 gr\u00e2ce aux eaux de spa Chanvre PharmaSpa avec notre m\u00e9lange unique\n\nCe produit est sp\u00e9cialement con\u00e7u pour les bains \u00e0 remous et les bains \u00e0 jets. Il n\u2019endommagera pas les filtres, les jets ou les tuyaux, ni n\u2019affectera le pH et la chimie de l\u2019eau du bain \u00e0 remous. Vous n\u2019avez pas de spa ou de bain \u00e0 remous? Nos sels d\u2019Epsom fonctionnent tout aussi bien dans votre baignoire ou dans un bain de pieds.\n\n\u2022 Sans colorants artificiels, sans gluten, et sans parab\u00e8nes \u2022 Ne contient pas de THC ou de CBD \u2022 Produit non test\u00e9 sur les animaux\n<h3>Mode d'emploi:<\/h3>\n<ul>\n \t<li>Spas \/ Bain \u00e0 remous - verser 3 \u00e0 4 bouchons d'eau de spa PharmaSpa, pour chaque 500 gallons d\u2019eau, directement dans votre bain \u00e0 remous ou spa \u00e0 jets<\/li>\n \t<li>Bain \/ Petit bain \u00e0 remous - verser 1 \u00e0 2 bouchons<\/li>\n \t<li>Bain de pieds - verser 1 \u00e0 2 cuill\u00e8re \u00e0 soupes<\/li>\n<\/ul>\nTenir \u00e0 l\u2019\u00e9cart de la lumi\u00e8re directe et ranger en dessous de 35 \u00b0 C \/ 95 \u00b0 F.\n\nVoir la page <a href=\"https:\/\/pharmaspa.ca\/about-pharmaspa\/how-to-use-our-products\/\">Comment utiliser nos produits<\/a> pour des directives d\u00e9taill\u00e9es.\n\nTaille du conteneur: 237ml \/ 8fl.oz\n\n<a href=\"https:\/\/pharmaspa.ca\/product-category\/nature-original-spa-fragrances\/hemp\/\">Voir tous nos produits dans la ligne chanvre<\/a>.\n<h3>Ingr\u00e9dients:<\/h3>\nPropylene Glycol, Dipropylene Glycol, Parfum\/Fragrance, Cannabis Sativa Seed Extract, Aloe Barbadensis Leaf Extract, Mentha Piperita (Peppermint) Leaf Extract, Gaultheria Procumbens (Wintergreen) Leaf Extract, Mentha Arvensis Extract, Tocopheryl Acetate.\n<h4>Avertissement<\/h4>\nConserver hors de la port\u00e9e des enfants et des animaux \u2022 Pour usage topique seulement \u2022 Ne pas ing\u00e9rer \u2022 En cas d\u2019ingestion, communiquer imm\u00e9diatement avec un centre antipoison \u2022 \u00c9viter tout contact avec les yeux \u2022 En cas de contact avec les yeux, rincer abondamment \u00e0 l\u2019eau et consulter un professionnel de la sant\u00e9 si l\u2019irritation persiste.","_et_gb_content_width":""},"product_brand":[],"product_cat":[411,406,479],"product_tag":[397,583],"class_list":{"0":"post-8032","1":"product","2":"type-product","3":"status-publish","4":"has-post-thumbnail","6":"product_cat-bain-a-remous","7":"product_cat-chanvre","8":"product_cat-liquides-chanvre","9":"product_tag-bain-a-remous","10":"product_tag-vert","12":"first","13":"instock","14":"taxable","15":"shipping-taxable","16":"purchasable","17":"product-type-simple"},"yoast_head":"<!-- This site is optimized with the Yoast SEO plugin v27.4 - https:\/\/yoast.com\/product\/yoast-seo-wordpress\/ -->\n<title>Eau de spa et bain Chanvre - MENTHE POIVR\u00c9E - Pharmaspa<\/title>\n<meta name=\"robots\" content=\"index, follow, max-snippet:-1, max-image-preview:large, max-video-preview:-1\" \/>\n<link rel=\"canonical\" href=\"https:\/\/pharmaspa.ca\/fr\/produit\/eau-de-spa-et-bain-chanvre-menthe-poivree\/\" \/>\n<meta property=\"og:locale\" content=\"fr_CA\" \/>\n<meta property=\"og:type\" content=\"article\" \/>\n<meta property=\"og:title\" content=\"Eau de spa et bain Chanvre - MENTHE POIVR\u00c9E - Pharmaspa\" \/>\n<meta property=\"og:description\" content=\"Les ingr\u00e9dients cl\u00e9s de MENTHE POIVR\u00c9E sont: Menthe poivr\u00e9e \u2013 Apaise l\u2019irritation et l\u2019inflammation de la peau. Th\u00e9 des bois \u2013 Aide les articulations, les douleurs musculaires et les douleurs au cou. Menthe sauvage \u2013 Soulage les maux de t\u00eate, rhume, asthme, arthrite, et l\u2019insomnie Extrait de graines de Cannabis Sativa \u2013 Traite les affections inflammatoires de la peau, contr\u00f4le la production d\u2019huile, hydratant. Aloe Vera - Un effet hydratant, cicatrisant et apaisant pr\u00e9cieux. Vitamine E \u2013 Un agent naturel de conditionnement de la peau et un antioxydant.\" \/>\n<meta property=\"og:url\" content=\"https:\/\/pharmaspa.ca\/fr\/produit\/eau-de-spa-et-bain-chanvre-menthe-poivree\/\" \/>\n<meta property=\"og:site_name\" content=\"Pharmaspa\" \/>\n<meta property=\"article:modified_time\" content=\"2023-05-14T23:04:14+00:00\" \/>\n<meta property=\"og:image\" content=\"https:\/\/pharmaspa.ca\/wp-content\/uploads\/2021\/06\/PharmaSpa-Hemp-Liquid-Peppermint-Twist-1.jpg\" \/>\n\t<meta property=\"og:image:width\" content=\"948\" \/>\n\t<meta property=\"og:image:height\" content=\"978\" \/>\n\t<meta property=\"og:image:type\" content=\"image\/jpeg\" \/>\n<meta name=\"twitter:card\" content=\"summary_large_image\" \/>\n<meta name=\"twitter:label1\" content=\"Estimation du temps de lecture\" \/>\n\t<meta name=\"twitter:data1\" content=\"2 minutes\" \/>\n<!-- \/ Yoast SEO plugin. -->","yoast_head_json":{"title":"Eau de spa et bain Chanvre - MENTHE POIVR\u00c9E - Pharmaspa","robots":{"index":"index","follow":"follow","max-snippet":"max-snippet:-1","max-image-preview":"max-image-preview:large","max-video-preview":"max-video-preview:-1"},"canonical":"https:\/\/pharmaspa.ca\/fr\/produit\/eau-de-spa-et-bain-chanvre-menthe-poivree\/","og_locale":"fr_CA","og_type":"article","og_title":"Eau de spa et bain Chanvre - MENTHE POIVR\u00c9E - Pharmaspa","og_description":"Les ingr\u00e9dients cl\u00e9s de MENTHE POIVR\u00c9E sont: Menthe poivr\u00e9e \u2013 Apaise l\u2019irritation et l\u2019inflammation de la peau. Th\u00e9 des bois \u2013 Aide les articulations, les douleurs musculaires et les douleurs au cou. Menthe sauvage \u2013 Soulage les maux de t\u00eate, rhume, asthme, arthrite, et l\u2019insomnie Extrait de graines de Cannabis Sativa \u2013 Traite les affections inflammatoires de la peau, contr\u00f4le la production d\u2019huile, hydratant. Aloe Vera - Un effet hydratant, cicatrisant et apaisant pr\u00e9cieux. Vitamine E \u2013 Un agent naturel de conditionnement de la peau et un antioxydant.","og_url":"https:\/\/pharmaspa.ca\/fr\/produit\/eau-de-spa-et-bain-chanvre-menthe-poivree\/","og_site_name":"Pharmaspa","article_modified_time":"2023-05-14T23:04:14+00:00","og_image":[{"width":948,"height":978,"url":"https:\/\/pharmaspa.ca\/wp-content\/uploads\/2021\/06\/PharmaSpa-Hemp-Liquid-Peppermint-Twist-1.jpg","type":"image\/jpeg"}],"twitter_card":"summary_large_image","twitter_misc":{"Estimation du temps de lecture":"2 minutes"},"schema":{"@context":"https:\/\/schema.org","@graph":[{"@type":"WebPage","@id":"https:\/\/pharmaspa.ca\/fr\/produit\/eau-de-spa-et-bain-chanvre-menthe-poivree\/","url":"https:\/\/pharmaspa.ca\/fr\/produit\/eau-de-spa-et-bain-chanvre-menthe-poivree\/","name":"Eau de spa et bain Chanvre - MENTHE POIVR\u00c9E - Pharmaspa","isPartOf":{"@id":"https:\/\/pharmaspa.ca\/#website"},"primaryImageOfPage":{"@id":"https:\/\/pharmaspa.ca\/fr\/produit\/eau-de-spa-et-bain-chanvre-menthe-poivree\/#primaryimage"},"image":{"@id":"https:\/\/pharmaspa.ca\/fr\/produit\/eau-de-spa-et-bain-chanvre-menthe-poivree\/#primaryimage"},"thumbnailUrl":"https:\/\/pharmaspa.ca\/wp-content\/uploads\/2021\/06\/PharmaSpa-Hemp-Liquid-Peppermint-Twist-1.jpg","datePublished":"2021-06-21T01:40:10+00:00","dateModified":"2023-05-14T23:04:14+00:00","breadcrumb":{"@id":"https:\/\/pharmaspa.ca\/fr\/produit\/eau-de-spa-et-bain-chanvre-menthe-poivree\/#breadcrumb"},"inLanguage":"fr-CA","potentialAction":[{"@type":"ReadAction","target":["https:\/\/pharmaspa.ca\/fr\/produit\/eau-de-spa-et-bain-chanvre-menthe-poivree\/"]}]},{"@type":"ImageObject","inLanguage":"fr-CA","@id":"https:\/\/pharmaspa.ca\/fr\/produit\/eau-de-spa-et-bain-chanvre-menthe-poivree\/#primaryimage","url":"https:\/\/pharmaspa.ca\/wp-content\/uploads\/2021\/06\/PharmaSpa-Hemp-Liquid-Peppermint-Twist-1.jpg","contentUrl":"https:\/\/pharmaspa.ca\/wp-content\/uploads\/2021\/06\/PharmaSpa-Hemp-Liquid-Peppermint-Twist-1.jpg","width":948,"height":978,"caption":"PharmaSpa Hemp Liquid Peppermint Twist"},{"@type":"BreadcrumbList","@id":"https:\/\/pharmaspa.ca\/fr\/produit\/eau-de-spa-et-bain-chanvre-menthe-poivree\/#breadcrumb","itemListElement":[{"@type":"ListItem","position":1,"name":"Boutique","item":"https:\/\/pharmaspa.ca\/shop\/"},{"@type":"ListItem","position":2,"name":"Eau de spa et bain Chanvre &#8211; MENTHE POIVR\u00c9E"}]},{"@type":"WebSite","@id":"https:\/\/pharmaspa.ca\/#website","url":"https:\/\/pharmaspa.ca\/","name":"Pharmaspa","description":"Parfums de spa et plus","potentialAction":[{"@type":"SearchAction","target":{"@type":"EntryPoint","urlTemplate":"https:\/\/pharmaspa.ca\/?s={search_term_string}"},"query-input":{"@type":"PropertyValueSpecification","valueRequired":true,"valueName":"search_term_string"}}],"inLanguage":"fr-CA"}]}},"_links":{"self":[{"href":"https:\/\/pharmaspa.ca\/fr\/wp-json\/wp\/v2\/product\/8032","targetHints":{"allow":["GET"]}}],"collection":[{"href":"https:\/\/pharmaspa.ca\/fr\/wp-json\/wp\/v2\/product"}],"about":[{"href":"https:\/\/pharmaspa.ca\/fr\/wp-json\/wp\/v2\/types\/product"}],"replies":[{"embeddable":true,"href":"https:\/\/pharmaspa.ca\/fr\/wp-json\/wp\/v2\/comments?post=8032"}],"wp:featuredmedia":[{"embeddable":true,"href":"https:\/\/pharmaspa.ca\/fr\/wp-json\/wp\/v2\/media\/8324"}],"wp:attachment":[{"href":"https:\/\/pharmaspa.ca\/fr\/wp-json\/wp\/v2\/media?parent=8032"}],"wp:term":[{"taxonomy":"product_brand","embeddable":true,"href":"https:\/\/pharmaspa.ca\/fr\/wp-json\/wp\/v2\/product_brand?post=8032"},{"taxonomy":"product_cat","embeddable":true,"href":"https:\/\/pharmaspa.ca\/fr\/wp-json\/wp\/v2\/product_cat?post=8032"},{"taxonomy":"product_tag","embeddable":true,"href":"https:\/\/pharmaspa.ca\/fr\/wp-json\/wp\/v2\/product_tag?post=8032"}],"curies":[{"name":"wp","href":"https:\/\/api.w.org\/{rel}","templated":true}]}}